{"id":11991,"date":"2022-01-29T21:36:58","date_gmt":"2022-01-29T17:36:58","guid":{"rendered":"https:\/\/carsandrooms.ge\/discount-policy\/"},"modified":"2025-10-15T21:24:45","modified_gmt":"2025-10-15T17:24:45","slug":"discount-policy","status":"publish","type":"page","link":"https:\/\/carsandrooms.ge\/es\/discount-policy\/","title":{"rendered":"Pol\u00edtica de descuentos"},"content":{"rendered":"<div class=\"wpb-content-wrapper\"><p>[vc_row full_width=\u00bbstretch_row\u00bb gap=\u00bb35&#8243; full_height=\u00bbyes\u00bb equal_height=\u00bbyes\u00bb content_placement=\u00bbmiddle\u00bb css=\u00bb.vc_custom_1722493195508{background-color: #f4f4f4 !important;}\u00bb][vc_column width=\u00bb2\/3&#8243; css=\u00bb.vc_custom_1549248549730{background-position: center !important;background-repeat: no-repeat !important;background-size: cover !important;}\u00bb]<div class=\"fancy-title align_left\"><h2 class=\"vc_underline_title vc_title black\">Somos tu mejor empresa de alquiler de coches en la zona.<\/h2><div class=\"vc_underline black\"><\/div><\/div>[vc_column_text css=\u00bb\u00bb el_class=\u00bbwhite\u00bb]El precio del alquiler de un coche depende del per\u00edodo de alquiler. Cuanto m\u00e1s largo sea el per\u00edodo de alquiler del coche, menor ser\u00e1 el precio del alquiler diario. Adem\u00e1s, la compa\u00f1\u00eda ofrece descuentos estacionales del 20 al 40 por ciento, que se pueden ver en las fotos del veh\u00edculo (con el porcentaje de descuento indicado).<\/p>\n<p>Los veh\u00edculos est\u00e1n equipados con tarjetas de descuento de combustible ofrecidas especialmente por empresas asociadas, que puedes usar al repostar en sus gasolineras.<\/p>\n<p>El mismo arrendatario recibir\u00e1 un c\u00f3digo de cup\u00f3n de descuento del 10% en cualquier veh\u00edculo durante tres alquileres consecutivos.<\/p>\n<p>La pol\u00edtica de descuentos no aplica para veh\u00edculos que ya cuentan con descuento.[\/vc_column_text][vc_btn title=\u00bbHaga su reserva ahora\u00bb style=\u00bbflat\u00bb color=\u00bbblack\u00bb align=\u00bbleft\u00bb i_icon_fontawesome=\u00bbfas fa-calendar-alt\u00bb css=\u00bb\u00bb add_icon=\u00bbtrue\u00bb link=\u00bburl:https%3A%2F%2Fcarsandrooms.ge%2Fes%2Ffleet%2F|title:Make%20reservation%20now\u00bb][\/vc_column][vc_column width=\u00bb1\/3&#8243; css=\u00bb.vc_custom_1549260453379{padding-top: 100px !important;padding-bottom: 100px !important;background-image: url(https:\/\/www.wpcarrental.com\/modern\/wp-content\/uploads\/sites\/4\/2019\/02\/about-us.jpg?id=2914) !important;background-position: center !important;background-repeat: no-repeat !important;background-size: cover !important;}\u00bb][\/vc_column][\/vc_row][vc_row css=\u00bb.vc_custom_1549260584699{padding-top: 64px !important;padding-bottom: 64px !important;}\u00bb][vc_column]<div class=\"fancy-title align_center\"><h2 class=\"vc_underline_title vc_title black\">Descuentos Adicionales<\/h2><div class=\"vc_underline secondary_color_background\"><\/div><\/div>[vc_column_text css=\u00bb\u00bb el_class=\u00bbalign_center\u00bb]<strong>Nota:<\/strong> La pol\u00edtica de descuentos no aplica para veh\u00edculos que ya cuentan con descuento.[\/vc_column_text][vc_row_inner css=\u00bb.vc_custom_1549250696928{margin-top: 64px !important;}\u00bb][vc_column_inner width=\u00bb1\/2&#8243;][vc_icon icon_fontawesome=\u00bbfas fa-calendar-alt\u00bb color=\u00bbcustom\u00bb custom_color=\u00bb#b5b7bb\u00bb size=\u00bbxl\u00bb align=\u00bbcenter\u00bb][vc_column_text css=\u00bb\u00bb el_class=\u00bbalign_center\u00bb]<strong>Alquila un coche durante 10 d\u00edas o m\u00e1s y obt\u00e9n un art\u00edculo de equipamiento gratis<\/strong>[\/vc_column_text][\/vc_column_inner][vc_column_inner width=\u00bb1\/2&#8243;][vc_icon icon_fontawesome=\u00bbfas fa-car-alt\u00bb color=\u00bbcustom\u00bb custom_color=\u00bb#b5b7bb\u00bb size=\u00bbxl\u00bb align=\u00bbcenter\u00bb][vc_column_text css=\u00bb\u00bb el_class=\u00bbalign_center\u00bb]<strong>Alquila tres coches juntos y obt\u00e9n un 10% de descuento en cada uno.<\/strong>[\/vc_column_text][\/vc_column_inner][\/vc_row_inner][\/vc_column][\/vc_row]<\/p>\n<\/div>","protected":false},"excerpt":{"rendered":"<p>Descuentos exclusivos en nuestra pol\u00edtica de precios. Aprovecha ahora y ahorra en tus compras. \u00a1Descubre m\u00e1s aqu\u00ed!<\/p>\n","protected":false},"author":1,"featured_media":0,"parent":0,"menu_order":0,"comment_status":"closed","ping_status":"closed","template":"","meta":{"footnotes":""},"class_list":["post-11991","page","type-page","status-publish","hentry"],"_links":{"self":[{"href":"https:\/\/carsandrooms.ge\/es\/wp-json\/wp\/v2\/pages\/11991","targetHints":{"allow":["GET"]}}],"collection":[{"href":"https:\/\/carsandrooms.ge\/es\/wp-json\/wp\/v2\/pages"}],"about":[{"href":"https:\/\/carsandrooms.ge\/es\/wp-json\/wp\/v2\/types\/page"}],"author":[{"embeddable":true,"href":"https:\/\/carsandrooms.ge\/es\/wp-json\/wp\/v2\/users\/1"}],"replies":[{"embeddable":true,"href":"https:\/\/carsandrooms.ge\/es\/wp-json\/wp\/v2\/comments?post=11991"}],"version-history":[{"count":7,"href":"https:\/\/carsandrooms.ge\/es\/wp-json\/wp\/v2\/pages\/11991\/revisions"}],"predecessor-version":[{"id":13096,"href":"https:\/\/carsandrooms.ge\/es\/wp-json\/wp\/v2\/pages\/11991\/revisions\/13096"}],"wp:attachment":[{"href":"https:\/\/carsandrooms.ge\/es\/wp-json\/wp\/v2\/media?parent=11991"}],"curies":[{"name":"wp","href":"https:\/\/api.w.org\/{rel}","templated":true}]}}