{"id":12001,"date":"2022-03-07T17:17:13","date_gmt":"2022-03-07T13:17:13","guid":{"rendered":"https:\/\/carsandrooms.ge\/fuel-policy\/"},"modified":"2026-01-25T20:59:56","modified_gmt":"2026-01-25T16:59:56","slug":"fuel-policy","status":"publish","type":"page","link":"https:\/\/carsandrooms.ge\/es\/fuel-policy\/","title":{"rendered":"Pol\u00edtica de combustible"},"content":{"rendered":"<div class=\"wpb-content-wrapper\"><p>[vc_row][vc_column width=\u00bb1\/12&#8243;][\/vc_column][vc_column width=\u00bb10\/12&#8243;][vc_column_text]La empresa de alquiler de coches Giko Travel LTD ofrece a sus clientes tres pol\u00edticas de combustible diferentes, centradas en la comodidad del cliente. Estas p\u00f3lizas son especialmente recomendables para los clientes que viajan por primera vez a Georgia. Nuestras p\u00f3lizas permiten a los clientes evitar la incomodidad de encontrar gasolineras en lugares desconocidos y perder tiempo repost\u00e1ndose.<\/p>\n<p>Antes de reservar tu coche, por favor lee las gu\u00edas de pol\u00edticas y selecciona el que sea m\u00e1s adecuado para tu viaje.[\/vc_column_text][vc_empty_space][vc_custom_heading text=\u00bbTanque completo precomprado\u00bb font_container=\u00bbtag:h3|text_align:center\u00bb use_theme_fonts=\u00bbyes\u00bb][vc_empty_space][vc_single_image image=\u00bb3622&#8243; img_size=\u00bb\u00bb alignment=\u00bbcenter\u00bb][vc_empty_space][vc_column_text]Los clientes pueden comprar por adelantado el dep\u00f3sito lleno de combustible por una tarifa adicional y pagar por adelantado por el dep\u00f3sito completo. Durante la reserva, por favor selecciona la casilla \u00abPrecompra con dep\u00f3sito lleno\u00bb y entregaremos tu coche con el dep\u00f3sito lleno. Al dejar el coche en el punto de entrega, aseg\u00farate de que el dep\u00f3sito est\u00e9 vac\u00edo porque la empresa no te devolver\u00e1 el combustible no utilizado.[\/vc_column_text][vc_empty_space][vc_custom_heading text=\u00bbDep\u00f3sito lleno a dep\u00f3sito lleno\u00bb font_container=\u00bbtag:h3|text_align:center\u00bb use_theme_fonts=\u00bbyes\u00bb][vc_empty_space][vc_single_image image=\u00bb12002&#8243; img_size=\u00bb\u00bb alignment=\u00bbcenter\u00bb][vc_empty_space][vc_column_text]Los clientes pueden elegir la opci\u00f3n \u00abDep\u00f3sito lleno a dep\u00f3sito lleno\u00bb sin cargos adicionales. La empresa entregar\u00e1 el coche con el dep\u00f3sito lleno. Cuando deje su autom\u00f3vil en el punto de entrega, aseg\u00farese de que el tanque est\u00e9 lleno, de lo contrario, deber\u00e1 pagar el combustible usado.<\/p>\n<p>El servicio de \u00abdep\u00f3sito lleno a dep\u00f3sito completo\u00bb no se aplica a los coches alquilados\/reservados durante tres d\u00edas o menos.[\/vc_column_text][vc_empty_space][vc_custom_heading text=\u00bbDep\u00f3sito vac\u00edo a tanque vac\u00edo\u00bb font_container=\u00bbtag:h3|text_align:center\u00bb use_theme_fonts=\u00bbyes\u00bb][vc_empty_space][vc_column_text]Si el cliente no elige ninguna otra opci\u00f3n de p\u00f3liza, al reservar el coche, la empresa entregar\u00e1 el coche con el dep\u00f3sito vac\u00edo; sin embargo, ser\u00e1 suficiente para llegar a la gasolinera m\u00e1s cercana. Cuando dejes tu coche en el punto de entrega, aseg\u00farate de que el dep\u00f3sito est\u00e9 vac\u00edo, de lo contrario no te reembolsar\u00e1n el combustible sobrante.[\/vc_column_text][vc_empty_space][vc_single_image image=\u00bb3627&#8243; img_size=\u00bb\u00bb alignment=\u00bbcenter\u00bb][vc_empty_space][vc_custom_heading text=\u00bbNuestras ventajas\u00bb font_container=\u00bbtag:h3|text_align:center\u00bb use_theme_fonts=\u00bbyes\u00bb][vc_empty_space][vc_column_text]El mejor servicio de alquiler de coches en Tiflis, Georgia, donde no hay cargos adicionales por servicio, solo pagas por el combustible usado.<br \/>\nEvitas cualquier retraso o cambio de planes mientras esperas en una gasolinera.<\/p>\n<p>El servicio es fiable. No perder\u00e1s ni dinero ni tiempo.<br \/>\nTienes diferentes opciones sobre c\u00f3mo recoger o dejar el coche.<\/p>\n<p>Alquila un coche en Tiflis, Kutaisi, Batumi con el dep\u00f3sito lleno y no pierdas el tiempo intentando encontrar una gasolinera en un lugar desconocido.[\/vc_column_text][vc_empty_space height=\u00bb64px\u00bb][\/vc_column][vc_column width=\u00bb1\/12&#8243;][\/vc_column][\/vc_row]<\/p>\n<\/div>","protected":false},"excerpt":{"rendered":"<p>Descubre las opciones de p\u00f3liza de combustible centradas en el cliente de Giko Travel LTD para una experiencia c\u00f3moda de alquiler de coches en Georgia. Elige la mejor p\u00f3liza para tu viaje.<\/p>\n","protected":false},"author":1,"featured_media":0,"parent":0,"menu_order":0,"comment_status":"closed","ping_status":"closed","template":"","meta":{"footnotes":""},"class_list":["post-12001","page","type-page","status-publish","hentry"],"_links":{"self":[{"href":"https:\/\/carsandrooms.ge\/es\/wp-json\/wp\/v2\/pages\/12001","targetHints":{"allow":["GET"]}}],"collection":[{"href":"https:\/\/carsandrooms.ge\/es\/wp-json\/wp\/v2\/pages"}],"about":[{"href":"https:\/\/carsandrooms.ge\/es\/wp-json\/wp\/v2\/types\/page"}],"author":[{"embeddable":true,"href":"https:\/\/carsandrooms.ge\/es\/wp-json\/wp\/v2\/users\/1"}],"replies":[{"embeddable":true,"href":"https:\/\/carsandrooms.ge\/es\/wp-json\/wp\/v2\/comments?post=12001"}],"version-history":[{"count":10,"href":"https:\/\/carsandrooms.ge\/es\/wp-json\/wp\/v2\/pages\/12001\/revisions"}],"predecessor-version":[{"id":14128,"href":"https:\/\/carsandrooms.ge\/es\/wp-json\/wp\/v2\/pages\/12001\/revisions\/14128"}],"wp:attachment":[{"href":"https:\/\/carsandrooms.ge\/es\/wp-json\/wp\/v2\/media?parent=12001"}],"curies":[{"name":"wp","href":"https:\/\/api.w.org\/{rel}","templated":true}]}}