{"id":12012,"date":"2022-01-29T21:28:22","date_gmt":"2022-01-29T17:28:22","guid":{"rendered":"https:\/\/carsandrooms.ge\/chauffeur-service\/"},"modified":"2025-10-15T20:41:27","modified_gmt":"2025-10-15T16:41:27","slug":"chauffeur-service","status":"publish","type":"page","link":"https:\/\/carsandrooms.ge\/es\/chauffeur-service\/","title":{"rendered":"Servicio de conductor personal"},"content":{"rendered":"<div class=\"wpb-content-wrapper\"><p>[vc_row][vc_column width=\u00bb1\/12&#8243;][\/vc_column][vc_column width=\u00bb10\/12&#8243;][vc_empty_space][vc_custom_heading text=\u00bbServicio de ch\u00f3fer personal en Tbilisi para cualquier destino\u00bb font_container=\u00bbtag:h2|text_align:center|color:%23111111&#8243; use_theme_fonts=\u00bbyes\u00bb css=\u00bb\u00bb][vc_empty_space][vc_column_text css=\u00bb\u00bb]Nuestra empresa GikoTravel es l\u00edder en servicios de ch\u00f3fer personal, tanto en Tbilisi como en toda Georgia. Contamos con una trayectoria confiable y una amplia experiencia en este campo. Puedes encontrar m\u00e1s informaci\u00f3n sobre nuestra experiencia en los comentarios y valoraciones realizadas por nuestros clientes.<\/p>\n<p>Nuestra empresa GikoTravel est\u00e1 orgullosa de su trabajo, nuestro objetivo es brindar un servicio de alta calidad a nuestros clientes. Le garantizamos que nuestros conductores ser\u00e1n respetuosos con usted y proteger\u00e1n su confidencialidad. Nuestros conductores son experimentados y profesionales. Siempre estar\u00e1n encantados de hacer que su viaje sea placentero. Ofrecemos una conducci\u00f3n segura a nuestros clientes, ya que cumplimos con todas las normativas vigentes en Georgia en cuanto a normas de tr\u00e1fico. Nuestros conductores est\u00e1n listos para ayudarle a llevar su equipaje.<\/p>\n<p>Nuestra empresa GikoTravel organiza traslados exclusivos, servicio de conductor personal, veh\u00edculos tipo business class, jeep y minibus, a cualquier zona de Georgia, Armenia y Azerbaiy\u00e1n. El precio de este servicio depende de la distancia desde nuestra oficina e incluye transporte, servicio de conductor y costos de combustible. Los precios fijos presentados no aplican para los casos en que los clientes soliciten traslados en rutas diferentes o deseen alquilar m\u00faltiples veh\u00edculos. En este caso, deber\u00e1n contactarnos a trav\u00e9s de nuestra direcci\u00f3n de correo electr\u00f3nico <em>carsandrooms@gmail.<\/em>com y sus solicitudes ser\u00e1n revisadas de inmediato por representantes de la \u00a0empresa.[\/vc_column_text][vc_empty_space][vc_custom_heading text=\u00bbLISTA DE PRECIOS\u00bb font_container=\u00bbtag:h4|text_align:center|color:%23595959&#8243; use_theme_fonts=\u00bbyes\u00bb css=\u00bb\u00bb][vc_row_inner][vc_column_inner width=\u00bb1\/6&#8243;][\/vc_column_inner][vc_column_inner width=\u00bb2\/3&#8243;][vc_raw_html css=\u00bb\u00bb]JTNDc3R5bGUlMjB0eXBlJTNEJTIydGV4dCUyRmNzcyUyMiUzRSUwQS50ZyUyMCUyMCU3QmJvcmRlci1jb2xsYXBzZSUzQWNvbGxhcHNlJTNCYm9yZGVyLWNvbG9yJTNBJTIzY2NjJTNCYm9yZGVyLXNwYWNpbmclM0EwJTNCJTdEJTBBLnRnJTIwdGQlN0JiYWNrZ3JvdW5kLWNvbG9yJTNBJTIzZmZmJTNCYm9yZGVyLWNvbG9yJTNBJTIzY2NjJTNCYm9yZGVyLXN0eWxlJTNBc29saWQlM0Jib3JkZXItd2lkdGglM0ExcHglM0Jjb2xvciUzQSUyMzMzMyUzQiUwQSUyMCUyMGZvbnQtZmFtaWx5JTNBQXJpYWwlMkMlMjBzYW5zLXNlcmlmJTNCZm9udC1zaXplJTNBMTRweCUzQm92ZXJmbG93JTNBaGlkZGVuJTNCcGFkZGluZyUzQTEwcHglMjAyMHB4JTNCd29yZC1icmVhayUzQW5vcm1hbCUzQiU3RCUwQS50ZyUyMHRoJTdCYmFja2dyb3VuZC1jb2xvciUzQSUyM2YwZjBmMCUzQmJvcmRlci1jb2xvciUzQSUyM2NjYyUzQmJvcmRlci1zdHlsZSUzQXNvbGlkJTNCYm9yZGVyLXdpZHRoJTNBMXB4JTNCY29sb3IlM0ElMjMzMzMlM0IlMEElMjAlMjBmb250LWZhbWlseSUzQUFyaWFsJTJDJTIwc2Fucy1zZXJpZiUzQmZvbnQtc2l6ZSUzQTE0cHglM0Jmb250LXdlaWdodCUzQW5vcm1hbCUzQm92ZXJmbG93JTNBaGlkZGVuJTNCcGFkZGluZyUzQTEwcHglMjAyMHB4JTNCd29yZC1icmVhayUzQW5vcm1hbCUzQiU3RCUwQS50ZyUyMC50Zy1kanFjJTdCYmFja2dyb3VuZC1jb2xvciUzQSUyM0ZGRiUzQmNvbG9yJTNBJTIzMDAwMDAwJTNCdGV4dC1hbGlnbiUzQWNlbnRlciUzQnZlcnRpY2FsLWFsaWduJTNBdG9wJTdEJTBBLnRnJTIwLnRnLXYwenklN0JiYWNrZ3JvdW5kLWNvbG9yJTNBJTIzZWZlZmVmJTNCY29sb3IlM0ElMjMwMDAwMDAlM0Jmb250LXdlaWdodCUzQWJvbGQlM0J0ZXh0LWFsaWduJTNBY2VudGVyJTNCdmVydGljYWwtYWxpZ24lM0F0b3AlN0QlMEEudGclMjAudGctZjh0eCU3QmNvbG9yJTNBJTIzMDAwMDAwJTNCdGV4dC1hbGlnbiUzQWNlbnRlciUzQnZlcnRpY2FsLWFsaWduJTNBdG9wJTdEJTBBLnRnJTIwLnRnLTFweWUlN0Jjb2xvciUzQSUyMzAwMDAwMCUzQmZvbnQtd2VpZ2h0JTNBYm9sZCUzQnRleHQtYWxpZ24lM0FjZW50ZXIlM0J2ZXJ0aWNhbC1hbGlnbiUzQXRvcCU3RCUwQSUzQyUyRnN0eWxlJTNFJTBBJTNDdGFibGUlMjBjbGFzcyUzRCUyMnRnJTIyJTNFJTBBJTNDdGhlYWQlM0UlMEElMjAlMjAlM0N0ciUzRSUwQSUyMCUyMCUyMCUyMCUzQ3RoJTIwY2xhc3MlM0QlMjJ0Zy0xcHllJTIyJTNFJTIzJTNDJTJGdGglM0UlMEElMjAlMjAlMjAlMjAlM0N0aCUyMGNsYXNzJTNEJTIydGctMXB5ZSUyMiUzRURlc2RlJTNDJTJGdGglM0UlMEElMjAlMjAlMjAlMjAlM0N0aCUyMGNsYXNzJTNEJTIydGctMXB5ZSUyMiUzRUhhc3RhJTNDJTJGdGglM0UlMEElMjAlMjAlMjAlMjAlM0N0aCUyMGNsYXNzJTNEJTIydGctMXB5ZSUyMiUzRURpc3RhbmNpYSUyMCUyOGttJTI5JTNDJTJGdGglM0UlMEElMjAlMjAlMjAlMjAlM0N0aCUyMGNsYXNzJTNEJTIydGctMXB5ZSUyMiUzRVRpZW1wbyUyMCUyOG1pbnV0b3MlMjklM0MlMkZ0aCUzRSUwQSUyMCUyMCUyMCUyMCUzQ3RoJTIwY2xhc3MlM0QlMjJ0Zy12MHp5JTIyJTNFUHJlY2lvJTIwJTI4ZXVyb3MlMjklM0MlMkZ0aCUzRSUwQSUyMCUyMCUzQyUyRnRyJTNFJTBBJTNDJTJGdGhlYWQlM0UlMEElM0N0Ym9keSUzRSUwQSUyMCUyMCUzQ3RyJTNFJTBBJTIwJTIwJTIwJTIwJTNDdGQlMjBjbGFzcyUzRCUyMnRnLWY4dHglMjIlM0UxJTNDJTJGdGQlM0UlMEElMjAlMjAlMjAlMjAlM0N0ZCUyMGNsYXNzJTNEJTIydGctZjh0eCUyMiUzRUFlcm9wdWVydG8lMjBJbnRlcm5hY2lvbmFsJTIwZGUlMjBUaWZsaXMlM0MlMkZ0ZCUzRSUwQSUyMCUyMCUyMCUyMCUzQ3RkJTIwY2xhc3MlM0QlMjJ0Zy1mOHR4JTIyJTNFQ2VudHJvJTIwZGUlMjBUaWZsaXMlM0MlMkZ0ZCUzRSUwQSUyMCUyMCUyMCUyMCUzQ3RkJTIwY2xhc3MlM0QlMjJ0Zy1mOHR4JTIyJTNFMjUlMjAtJTIwMzAlM0MlMkZ0ZCUzRSUwQSUyMCUyMCUyMCUyMCUzQ3RkJTIwY2xhc3MlM0QlMjJ0Zy1mOHR4JTIyJTNFMzAlMjAtJTIwMzUlM0MlMkZ0ZCUzRSUwQSUyMCUyMCUyMCUyMCUzQ3RkJTIwY2xhc3MlM0QlMjJ0Zy1mOHR4JTIyJTNFNTAlMjAtJTIwMTAwJTNDJTJGdGQlM0UlMEElMjAlMjAlM0MlMkZ0ciUzRSUwQSUyMCUyMCUzQ3RyJTNFJTBBJTIwJTIwJTIwJTIwJTNDdGQlMjBjbGFzcyUzRCUyMnRnLWY4dHglMjIlM0UyJTNDJTJGdGQlM0UlMEElMjAlMjAlMjAlMjAlM0N0ZCUyMGNsYXNzJTNEJTIydGctZjh0eCUyMiUzRUFlcm9wdWVydG8lMjBJbnRlcm5hY2lvbmFsJTIwZGUlMjBUaWZsaXMlM0MlMkZ0ZCUzRSUwQSUyMCUyMCUyMCUyMCUzQ3RkJTIwY2xhc3MlM0QlMjJ0Zy1mOHR4JTIyJTNFUGVyaWZlcmlhJTIwZGUlMjBUaWZsaXMlM0MlMkZ0ZCUzRSUwQSUyMCUyMCUyMCUyMCUzQ3RkJTIwY2xhc3MlM0QlMjJ0Zy1mOHR4JTIyJTNFNDAlMjAtJTIwNTAlM0MlMkZ0ZCUzRSUwQSUyMCUyMCUyMCUyMCUzQ3RkJTIwY2xhc3MlM0QlMjJ0Zy1mOHR4JTIyJTNFNDUlMjAtJTIwNTUlM0MlMkZ0ZCUzRSUwQSUyMCUyMCUyMCUyMCUzQ3RkJTIwY2xhc3MlM0QlMjJ0Zy1mOHR4JTIyJTNFNTUlMjAtJTIwMTA1JTNDJTJGdGQlM0UlMEElMjAlMjAlM0MlMkZ0ciUzRSUwQSUyMCUyMCUzQ3RyJTNFJTBBJTIwJTIwJTIwJTIwJTNDdGQlMjBjbGFzcyUzRCUyMnRnLWY4dHglMjIlM0UzJTNDJTJGdGQlM0UlMEElMjAlMjAlMjAlMjAlM0N0ZCUyMGNsYXNzJTNEJTIydGctZjh0eCUyMiUzRVRpZmxpcyUyRkFlcm9wdWVydG8lMjBJbnRlcm5hY2lvbmFsJTIwZGUlMjBUaWZsaXMlM0MlMkZ0ZCUzRSUwQSUyMCUyMCUyMCUyMCUzQ3RkJTIwY2xhc3MlM0QlMjJ0Zy1mOHR4JTIyJTNFQ2l1ZGFkJTIwZGUlMjBLdXRhaXNpJTNDJTJGdGQlM0UlMEElMjAlMjAlMjAlMjAlM0N0ZCUyMGNsYXNzJTNEJTIydGctZjh0eCUyMiUzRTIyMCUyMC0lMjAyNTAlM0MlMkZ0ZCUzRSUwQSUyMCUyMCUyMCUyMCUzQ3RkJTIwY2xhc3MlM0QlMjJ0Zy1mOHR4JTIyJTNFMyUzQTMwJTIwLSUyMDMlM0E0MCUzQyUyRnRkJTNFJTBBJTIwJTIwJTIwJTIwJTNDdGQlMjBjbGFzcyUzRCUyMnRnLWY4dHglMjIlM0UyMjUlMjAtJTIwMjc1JTNDJTJGdGQlM0UlMEElMjAlMjAlM0MlMkZ0ciUzRSUwQSUyMCUyMCUzQ3RyJTNFJTBBJTIwJTIwJTIwJTIwJTNDdGQlMjBjbGFzcyUzRCUyMnRnLWY4dHglMjIlM0U0JTNDJTJGdGQlM0UlMEElMjAlMjAlMjAlMjAlM0N0ZCUyMGNsYXNzJTNEJTIydGctZjh0eCUyMiUzRVRpZmxpcyUyRkFlcm9wdWVydG8lMjBJbnRlcm5hY2lvbmFsJTIwZGUlMjBUaWZsaXMlM0MlMkZ0ZCUzRSUwQSUyMCUyMCUyMCUyMCUzQ3RkJTIwY2xhc3MlM0QlMjJ0Zy1mOHR4JTIyJTNFQ2l1ZGFkJTIwZGUlMjBCb3Jqb21pJTNDJTJGdGQlM0UlMEElMjAlMjAlMjAlMjAlM0N0ZCUyMGNsYXNzJTNEJTIydGctZjh0eCUyMiUzRTE4NSUyMC0lMjAxOTAlM0MlMkZ0ZCUzRSUwQSUyMCUyMCUyMCUyMCUzQ3RkJTIwY2xhc3MlM0QlMjJ0Zy1mOHR4JTIyJTNFMiUzQTI1JTIwLSUyMDIlM0EzNSUzQyUyRnRkJTNFJTBBJTIwJTIwJTIwJTIwJTNDdGQlMjBjbGFzcyUzRCUyMnRnLWY4dHglMjIlM0UxOTAlMjAtJTIwMjQwJTNDJTJGdGQlM0UlMEElMjAlMjAlM0MlMkZ0ciUzRSUwQSUyMCUyMCUzQ3RyJTNFJTBBJTIwJTIwJTIwJTIwJTNDdGQlMjBjbGFzcyUzRCUyMnRnLWY4dHglMjIlM0U1JTNDJTJGdGQlM0UlMEElMjAlMjAlMjAlMjAlM0N0ZCUyMGNsYXNzJTNEJTIydGctZjh0eCUyMiUzRVRpZmxpcyUyRkFlcm9wdWVydG8lMjBJbnRlcm5hY2lvbmFsJTIwZGUlMjBUaWZsaXMlM0MlMkZ0ZCUzRSUwQSUyMCUyMCUyMCUyMCUzQ3RkJTIwY2xhc3MlM0QlMjJ0Zy1mOHR4JTIyJTNFUmVnaSVDMyVCM24lMjBkZSUyME1lc3RpYSUzQyUyRnRkJTNFJTBBJTIwJTIwJTIwJTIwJTNDdGQlMjBjbGFzcyUzRCUyMnRnLWY4dHglMjIlM0U0ODUlMjAtJTIwNTAwJTNDJTJGdGQlM0UlMEElMjAlMjAlMjAlMjAlM0N0ZCUyMGNsYXNzJTNEJTIydGctZjh0eCUyMiUzRTclM0E1MCUyMC0lMjA4JTNBMDAlM0MlMkZ0ZCUzRSUwQSUyMCUyMCUyMCUyMCUzQ3RkJTIwY2xhc3MlM0QlMjJ0Zy1mOHR4JTIyJTNFMzU1JTIwLSUyMDQwNSUzQyUyRnRkJTNFJTBBJTIwJTIwJTNDJTJGdHIlM0UlMEElMjAlMjAlM0N0ciUzRSUwQSUyMCUyMCUyMCUyMCUzQ3RkJTIwY2xhc3MlM0QlMjJ0Zy1mOHR4JTIyJTNFNiUzQyUyRnRkJTNFJTBBJTIwJTIwJTIwJTIwJTNDdGQlMjBjbGFzcyUzRCUyMnRnLWY4dHglMjIlM0VUaWZsaXMlMkZBZXJvcHVlcnRvJTIwSW50ZXJuYWNpb25hbCUyMGRlJTIwVGlmbGlzJTNDJTJGdGQlM0UlMEElMjAlMjAlMjAlMjAlM0N0ZCUyMGNsYXNzJTNEJTIydGctZjh0eCUyMiUzRUNpdWRhZCUyMGRlJTIwQmF0dW1pJTNDJTJGdGQlM0UlMEElMjAlMjAlMjAlMjAlM0N0ZCUyMGNsYXNzJTNEJTIydGctZjh0eCUyMiUzRTQwMCUyMC0lMjA0MTAlM0MlMkZ0ZCUzRSUwQSUyMCUyMCUyMCUyMCUzQ3RkJTIwY2xhc3MlM0QlMjJ0Zy1mOHR4JTIyJTNFNiUzQTAwJTIwLSUyMDYlM0ExNSUzQyUyRnRkJTNFJTBBJTIwJTIwJTIwJTIwJTNDdGQlMjBjbGFzcyUzRCUyMnRnLWY4dHglMjIlM0UyNzAlMjAtJTIwMzIwJTNDJTJGdGQlM0UlMEElMjAlMjAlM0MlMkZ0ciUzRSUwQSUyMCUyMCUzQ3RyJTNFJTBBJTIwJTIwJTIwJTIwJTNDdGQlMjBjbGFzcyUzRCUyMnRnLWY4dHglMjIlM0U3JTNDJTJGdGQlM0UlMEElMjAlMjAlMjAlMjAlM0N0ZCUyMGNsYXNzJTNEJTIydGctZjh0eCUyMiUzRVRpZmxpcyUyRkFlcm9wdWVydG8lMjBJbnRlcm5hY2lvbmFsJTIwZGUlMjBUaWZsaXMlM0MlMkZ0ZCUzRSUwQSUyMCUyMCUyMCUyMCUzQ3RkJTIwY2xhc3MlM0QlMjJ0Zy1mOHR4JTIyJTNFQ2l1ZGFkJTIwZGUlMjBTaWduYWd1aSUzQyUyRnRkJTNFJTBBJTIwJTIwJTIwJTIwJTNDdGQlMjBjbGFzcyUzRCUyMnRnLWY4dHglMjIlM0UxMDAlMjAtJTIwMTEwJTNDJTJGdGQlM0UlMEElMjAlMjAlMjAlMjAlM0N0ZCUyMGNsYXNzJTNEJTIydGctZjh0eCUyMiUzRTElM0EzNSUyMC0lMjAxJTNBNDUlM0MlMkZ0ZCUzRSUwQSUyMCUyMCUyMCUyMCUzQ3RkJTIwY2xhc3MlM0QlMjJ0Zy1mOHR4JTIyJTNFMTc1JTIwLSUyMDIyNSUzQyUyRnRkJTNFJTBBJTIwJTIwJTNDJTJGdHIlM0UlMEElMjAlMjAlM0N0ciUzRSUwQSUyMCUyMCUyMCUyMCUzQ3RkJTIwY2xhc3MlM0QlMjJ0Zy1mOHR4JTIyJTNFOCUzQyUyRnRkJTNFJTBBJTIwJTIwJTIwJTIwJTNDdGQlMjBjbGFzcyUzRCUyMnRnLWY4dHglMjIlM0VUaWZsaXMlMkZBZXJvcHVlcnRvJTIwSW50ZXJuYWNpb25hbCUyMGRlJTIwVGlmbGlzJTNDJTJGdGQlM0UlMEElMjAlMjAlMjAlMjAlM0N0ZCUyMGNsYXNzJTNEJTIydGctZjh0eCUyMiUzRVJlZ2klQzMlQjNuJTIwZGUlMjBLdmFyZWxpJTNDJTJGdGQlM0UlMEElMjAlMjAlMjAlMjAlM0N0ZCUyMGNsYXNzJTNEJTIydGctZjh0eCUyMiUzRTEzMCUyMC0lMjAxNDAlM0MlMkZ0ZCUzRSUwQSUyMCUyMCUyMCUyMCUzQ3RkJTIwY2xhc3MlM0QlMjJ0Zy1mOHR4JTIyJTNFMiUzQTAwJTIwLSUyMDIlM0ExMCUzQyUyRnRkJTNFJTBBJTIwJTIwJTIwJTIwJTNDdGQlMjBjbGFzcyUzRCUyMnRnLWY4dHglMjIlM0UxOTAlMjAtJTIwMjQwJTNDJTJGdGQlM0UlMEElMjAlMjAlM0MlMkZ0ciUzRSUwQSUyMCUyMCUzQ3RyJTNFJTBBJTIwJTIwJTIwJTIwJTNDdGQlMjBjbGFzcyUzRCUyMnRnLWY4dHglMjIlM0U5JTNDJTJGdGQlM0UlMEElMjAlMjAlMjAlMjAlM0N0ZCUyMGNsYXNzJTNEJTIydGctZjh0eCUyMiUzRVRpZmxpcyUyRkFlcm9wdWVydG8lMjBJbnRlcm5hY2lvbmFsJTIwZGUlMjBUaWZsaXMlM0MlMkZ0ZCUzRSUwQSUyMCUyMCUyMCUyMCUzQ3RkJTIwY2xhc3MlM0QlMjJ0Zy1kanFjJTIyJTNFUmVnaSVDMyVCM24lMjBkZSUyMEthemJlZ3VpJTNDJTJGdGQlM0UlMEElMjAlMjAlMjAlMjAlM0N0ZCUyMGNsYXNzJTNEJTIydGctZjh0eCUyMiUzRTE4MCUyMC0lMjAxOTAlM0MlMkZ0ZCUzRSUwQSUyMCUyMCUyMCUyMCUzQ3RkJTIwY2xhc3MlM0QlMjJ0Zy1mOHR4JTIyJTNFMyUzQTAwJTIwLSUyMDMlM0ExNSUzQyUyRnRkJTNFJTBBJTIwJTIwJTIwJTIwJTNDdGQlMjBjbGFzcyUzRCUyMnRnLWY4dHglMjIlM0UxODUlMjAtJTIwMjM1JTNDJTJGdGQlM0UlMEElMjAlMjAlM0MlMkZ0ciUzRSUwQSUzQyUyRnRib2R5JTNFJTBBJTNDJTJGdGFibGUlM0U=[\/vc_raw_html][\/vc_column_inner][vc_column_inner width=\u00bb1\/6&#8243;][\/vc_column_inner][\/vc_row_inner][vc_empty_space][vc_column_text css=\u00bb\u00bb]Un servicio de chofer personal es la mejor manera de llegar a su destino deseado sin problemas. Somos la primera empresa en Georgia en crear un servicio con chofer. Ofrecemos a nuestros clientes veh\u00edculos personales, m\u00e1s c\u00f3modos y convenientes que los taxis y otros servicios. Contamos con itinerarios y tours previamente planificados y somos muy flexibles para satisfacer sus necesidades.<\/p>\n<p>Nuestra empresa GikoTravel ofrece transporte desde los aeropuertos de Georgia sin retrasos ni demoras para los clientes. No cobramos ninguna tarifa por estacionar ni lavar su veh\u00edculo. Ofrecemos un servicio de alta calidad a nuestros clientes y brindamos orientaci\u00f3n especial a quienes visitan nuestro pa\u00eds por primera vez.<\/p>\n<p>Nuestra flota incluye coches nuevos modelos Mercedes-Benz Clase S y Toyota Land-Cruiser Prado, y para grupos ofrecemos servicio de minib\u00fas Mercedes-Benz Sprinter (VAN).<br \/>\nOfrecemos todo tipo de servicios: para fiestas, eventos y reuniones de empresa, as\u00ed como recogida y regreso al aeropuerto.<br \/>\nElige nuestro servicio y disfruta de tu viaje sin miedo ni estr\u00e9s.<\/p>\n<p>Al subir al veh\u00edculo podr\u00e1 relajarse y disfrutar de nuestro servicio.<br \/>\nElija seguridad y comodidad: elija GikoTravel<br \/>\nReserve f\u00e1cilmente un servicio de chofer personal en Tbilisi por correo electr\u00f3nico o tel\u00e9fono.<br \/>\nNuestro servicio est\u00e1 disponible 24\/7.<\/p>\n<p>Solicite un servicio de chofer personal de GikoTravel y obtenga el mejor servicio durante su viaje, reuni\u00f3n de negocios u otro destino.<br \/>\nGikoTravel, \u00a1el mejor servicio de ch\u00f3fer personal en Tbilisi![\/vc_column_text][vc_empty_space height=\u00bb64px\u00bb][\/vc_column][vc_column width=\u00bb1\/12&#8243;][\/vc_column][\/vc_row]<\/p>\n<\/div>","protected":false},"excerpt":{"rendered":"<p>Contrata un ch\u00f3fer personal en Tbilisi para llegar a tu destino con comodidad y seguridad. \u00a1Reserva ahora!<\/p>\n","protected":false},"author":1,"featured_media":0,"parent":0,"menu_order":0,"comment_status":"closed","ping_status":"closed","template":"homepage.php","meta":{"footnotes":""},"class_list":["post-12012","page","type-page","status-publish","hentry"],"_links":{"self":[{"href":"https:\/\/carsandrooms.ge\/es\/wp-json\/wp\/v2\/pages\/12012","targetHints":{"allow":["GET"]}}],"collection":[{"href":"https:\/\/carsandrooms.ge\/es\/wp-json\/wp\/v2\/pages"}],"about":[{"href":"https:\/\/carsandrooms.ge\/es\/wp-json\/wp\/v2\/types\/page"}],"author":[{"embeddable":true,"href":"https:\/\/carsandrooms.ge\/es\/wp-json\/wp\/v2\/users\/1"}],"replies":[{"embeddable":true,"href":"https:\/\/carsandrooms.ge\/es\/wp-json\/wp\/v2\/comments?post=12012"}],"version-history":[{"count":5,"href":"https:\/\/carsandrooms.ge\/es\/wp-json\/wp\/v2\/pages\/12012\/revisions"}],"predecessor-version":[{"id":13060,"href":"https:\/\/carsandrooms.ge\/es\/wp-json\/wp\/v2\/pages\/12012\/revisions\/13060"}],"wp:attachment":[{"href":"https:\/\/carsandrooms.ge\/es\/wp-json\/wp\/v2\/media?parent=12012"}],"curies":[{"name":"wp","href":"https:\/\/api.w.org\/{rel}","templated":true}]}}