{"id":12020,"date":"2017-08-19T10:15:25","date_gmt":"2017-08-19T06:15:25","guid":{"rendered":"https:\/\/carsandrooms.ge\/equipment\/"},"modified":"2025-12-10T13:40:46","modified_gmt":"2025-12-10T09:40:46","slug":"equipamiento","status":"publish","type":"page","link":"https:\/\/carsandrooms.ge\/es\/equipamiento\/","title":{"rendered":"Equipamiento"},"content":{"rendered":"<div class=\"wpb-content-wrapper\"><p>[vc_row][vc_column width=\u00bb1\/12&#8243;][\/vc_column][vc_column width=\u00bb10\/12&#8243;][vc_row_inner][vc_column_inner width=\u00bb1\/3&#8243;][vc_custom_heading text=\u00bbAsiento de beb\u00e9\u00bb font_container=\u00bbtag:h3|text_align:center|color:%23f0810f\u00bb use_theme_fonts=\u00bbyes\u00bb css=\u00bb\u00bb][vc_custom_heading text=\u00bb$5\/d\u00eda\u00bb font_container=\u00bbtag:h3|text_align:center|color:%234d4d4d\u00bb use_theme_fonts=\u00bbyes\u00bb css=\u00bb\u00bb][vc_single_image image=\u00bb3655&#8243; img_size=\u00bbfull\u00bb alignment=\u00bbcenter\u00bb style=\u00bbvc_box_shadow\u00bb][vc_column_text css=\u00bb\u00bb]<\/p>\n<p style=\"text-align: center;\">Marca: Chicco<br \/>\npara beb\u00e9s de 0 a 13 kilogramos. Edad 0-12 meses<\/p>\n<p>[\/vc_column_text][\/vc_column_inner][vc_column_inner width=\u00bb1\/3&#8243;][vc_custom_heading text=\u00bbAsiento para ni\u00f1os adultos\u00bb font_container=\u00bbtag:h3|text_align:center|color:%23f0810f\u00bb use_theme_fonts=\u00bbyes\u00bb css=\u00bb\u00bb][vc_custom_heading text=\u00bb$5\/d\u00eda\u00bb font_container=\u00bbtag:h3|text_align:center|color:%234d4d4d\u00bb use_theme_fonts=\u00bbyes\u00bb css=\u00bb\u00bb][vc_single_image image=\u00bb3656&#8243; img_size=\u00bbfull\u00bb alignment=\u00bbcenter\u00bb style=\u00bbvc_box_shadow\u00bb][vc_column_text css=\u00bb\u00bb]<\/p>\n<p style=\"text-align: center;\">Marca: Chicco, para ni\u00f1os mayores de 9 a 18 kilogramos. Edad de 9 meses a 4 a\u00f1os.<br \/>\nMarca: Chicco, para ni\u00f1os mayores de 9 a 36 kilogramos. Edad de 9 meses a 7 a\u00f1os.<\/p>\n<p>[\/vc_column_text][\/vc_column_inner][vc_column_inner width=\u00bb1\/3&#8243;][vc_custom_heading text=\u00bbBaca de techo\u00bb font_container=\u00bbtag:h3|text_align:center|color:%23f0810f\u00bb use_theme_fonts=\u00bbyes\u00bb css=\u00bb\u00bb][vc_custom_heading text=\u00bb$9\/d\u00eda\u00bb font_container=\u00bbtag:h3|text_align:center|color:%234d4d4d\u00bb use_theme_fonts=\u00bbyes\u00bb css=\u00bb\u00bb][vc_single_image image=\u00bb3657&#8243; img_size=\u00bbfull\u00bb alignment=\u00bbcenter\u00bb style=\u00bbvc_box_shadow\u00bb][vc_column_text css=\u00bb\u00bb]<\/p>\n<p style=\"text-align: center;\">Marca: TRULE,<br \/>\nDimensiones: Largo 195 cent\u00edmetros, ancho 70 cent\u00edmetros, alto 35 cent\u00edmetros, capacidad m\u00e1xima de carga 75 kilogramos.<\/p>\n<p>[\/vc_column_text][\/vc_column_inner][\/vc_row_inner][\/vc_column][vc_column width=\u00bb1\/12&#8243;][\/vc_column][\/vc_row][vc_row][vc_column width=\u00bb1\/12&#8243;][\/vc_column][vc_column width=\u00bb10\/12&#8243;][vc_row_inner][vc_column_inner width=\u00bb1\/4&#8243;][vc_custom_heading text=\u00bbCesta para portaequipajes de techo\u00bb font_container=\u00bbtag:h3|text_align:center|color:%23f0810f\u00bb use_theme_fonts=\u00bbyes\u00bb css=\u00bb\u00bb][vc_custom_heading text=\u00bb$9\/d\u00eda\u00bb font_container=\u00bbtag:h3|text_align:center|color:%234d4d4d\u00bb use_theme_fonts=\u00bbyes\u00bb css=\u00bb\u00bb][vc_single_image image=\u00bb3659&#8243; img_size=\u00bbfull\u00bb alignment=\u00bbcenter\u00bb style=\u00bbvc_box_shadow\u00bb][vc_column_text css=\u00bb\u00bb]<\/p>\n<p style=\"text-align: center;\">Construcci\u00f3n de metal: largo 180 cent\u00edmetros, ancho 125 cent\u00edmetros<\/p>\n<p>[\/vc_column_text][\/vc_column_inner][vc_column_inner width=\u00bb1\/4&#8243;][vc_custom_heading text=\u00bbPortaesqu\u00eds\u00bb font_container=\u00bbtag:h3|text_align:center|color:%23f0810f\u00bb use_theme_fonts=\u00bbyes\u00bb css=\u00bb\u00bb][vc_custom_heading text=\u00bb$8\/d\u00eda\u00bb font_container=\u00bbtag:h3|text_align:center|color:%234d4d4d\u00bb use_theme_fonts=\u00bbyes\u00bb css=\u00bb\u00bb][vc_single_image image=\u00bb3660&#8243; img_size=\u00bbfull\u00bb alignment=\u00bbcenter\u00bb style=\u00bbvc_box_shadow\u00bb][vc_column_text css=\u00bb\u00bb]<\/p>\n<p style=\"text-align: center;\">Marca: TRULE, dise\u00f1ado para transportar de 2 a 4 pares de esqu\u00eds y tablas de snowboard.<\/p>\n<p>[\/vc_column_text][\/vc_column_inner][vc_column_inner width=\u00bb1\/4&#8243;][vc_custom_heading text=\u00bbPortabicicletas\u00bb font_container=\u00bbtag:h3|text_align:center|color:%23f0810f\u00bb use_theme_fonts=\u00bbyes\u00bb css=\u00bb\u00bb][vc_custom_heading text=\u00bb$5\/d\u00eda\u00bb font_container=\u00bbtag:h3|text_align:center|color:%234d4d4d\u00bb use_theme_fonts=\u00bbyes\u00bb css=\u00bb\u00bb][vc_single_image image=\u00bb3681&#8243; img_size=\u00bbfull\u00bb alignment=\u00bbcenter\u00bb style=\u00bbvc_box_shadow\u00bb][vc_column_text css=\u00bb\u00bb]<\/p>\n<p style=\"text-align: center;\">Dise\u00f1ado para transportar tres bicicletas.<\/p>\n<p>[\/vc_column_text][\/vc_column_inner][vc_column_inner width=\u00bb1\/4&#8243;][vc_custom_heading text=\u00bbCadenas antideslizantes\u00bb font_container=\u00bbtag:h3|text_align:center|color:%23f0810f\u00bb use_theme_fonts=\u00bbyes\u00bb css=\u00bb\u00bb][vc_custom_heading text=\u00bb$4\/d\u00eda\u00bb font_container=\u00bbtag:h3|text_align:center|color:%234d4d4d\u00bb use_theme_fonts=\u00bbyes\u00bb css=\u00bb\u00bb][vc_single_image image=\u00bb3662&#8243; img_size=\u00bbfull\u00bb alignment=\u00bbcenter\u00bb style=\u00bbvc_box_shadow\u00bb][vc_column_text css=\u00bb\u00bb]<\/p>\n<p style=\"text-align: center;\">Adecuado para cualquier tama\u00f1o de ruedas.<\/p>\n<p>[\/vc_column_text][\/vc_column_inner][\/vc_row_inner][\/vc_column][vc_column width=\u00bb1\/12&#8243;][\/vc_column][\/vc_row][vc_row][vc_column width=\u00bb1\/12&#8243;][\/vc_column][vc_column width=\u00bb10\/12&#8243;][vc_row_inner][vc_column_inner width=\u00bb1\/4&#8243;][vc_custom_heading text=\u00bbSilla de ruedas m\u00e9dica\u00bb font_container=\u00bbtag:h3|text_align:center|color:%23f0810f\u00bb use_theme_fonts=\u00bbyes\u00bb css=\u00bb\u00bb][vc_custom_heading text=\u00bb$15\/d\u00eda\u00bb font_container=\u00bbtag:h3|text_align:center|color:%234d4d4d\u00bb use_theme_fonts=\u00bbyes\u00bb css=\u00bb\u00bb][vc_single_image image=\u00bb4380&#8243; img_size=\u00bbfull\u00bb alignment=\u00bbcenter\u00bb style=\u00bbvc_box_shadow\u00bb][vc_column_text css=\u00bb\u00bb]<\/p>\n<p style=\"text-align: center;\">Marca: Drive Medical; Estilo: Reposapi\u00e9s abatibles; Capacidad de peso: 113,3 kg;<br \/>\nDimensiones: Largo: 91,44 cm; Ancho: 60,96 cm; Alto: 106,68 cm.<br \/>\nAsiento: 40,64 cm de profundidad; 45,7 cm de ancho;<br \/>\nReposabrazos: 20,32 cm de alto. Peso: 18 kg.<\/p>\n<p>[\/vc_column_text][\/vc_column_inner][vc_column_inner width=\u00bb1\/4&#8243;][vc_custom_heading text=\u00bbCuerda para levantar<br \/>\n(tir\u00f3n)\u00bb font_container=\u00bbtag:h3|text_align:center|color:%23f0810f\u00bb use_theme_fonts=\u00bbyes\u00bb css=\u00bb\u00bb][vc_custom_heading text=\u00bb$2\/d\u00eda\u00bb font_container=\u00bbtag:h3|text_align:center|color:%234d4d4d\u00bb use_theme_fonts=\u00bbyes\u00bb css=\u00bb\u00bb][vc_single_image image=\u00bb3664&#8243; img_size=\u00bbfull\u00bb alignment=\u00bbcenter\u00bb style=\u00bbvc_box_shadow\u00bb][vc_column_text css=\u00bb\u00bb]<\/p>\n<p style=\"text-align: center;\">Longitud 2-2,5 metros<\/p>\n<p>[\/vc_column_text][\/vc_column_inner][vc_column_inner width=\u00bb1\/4&#8243;][vc_custom_heading text=\u00bbMP3 Player\u00bb font_container=\u00bbtag:h3|text_align:center|color:%23f0810f\u00bb use_theme_fonts=\u00bbyes\u00bb][vc_custom_heading text=\u00bbGRATIS\u00bb font_container=\u00bbtag:h3|text_align:center|color:%234d4d4d\u00bb use_theme_fonts=\u00bbyes\u00bb css=\u00bb\u00bb][vc_single_image image=\u00bb3665&#8243; img_size=\u00bbfull\u00bb alignment=\u00bbcenter\u00bb style=\u00bbvc_box_shadow\u00bb][\/vc_column_inner][vc_column_inner width=\u00bb1\/4&#8243;][vc_custom_heading text=\u00bbCargador del m\u00f3vil\u00bb font_container=\u00bbtag:h3|text_align:center|color:%23f0810f\u00bb use_theme_fonts=\u00bbyes\u00bb css=\u00bb\u00bb][vc_custom_heading text=\u00bbGRATIS\u00bb font_container=\u00bbtag:h3|text_align:center|color:%234d4d4d\u00bb use_theme_fonts=\u00bbyes\u00bb css=\u00bb\u00bb][vc_single_image image=\u00bb3666&#8243; img_size=\u00bbfull\u00bb alignment=\u00bbcenter\u00bb style=\u00bbvc_box_shadow\u00bb][\/vc_column_inner][\/vc_row_inner][\/vc_column][vc_column width=\u00bb1\/12&#8243;][\/vc_column][\/vc_row][vc_row][vc_column][vc_empty_space height=\u00bb64px\u00bb][\/vc_column][\/vc_row]<\/p>\n<\/div>","protected":false},"excerpt":{"rendered":"<p>Alquiler de GPS navegador por solo $4 al d\u00eda. Equipa tu viaje con la mejor tecnolog\u00eda. Reserva ahora y no te pierdas.<\/p>\n","protected":false},"author":1,"featured_media":0,"parent":0,"menu_order":0,"comment_status":"closed","ping_status":"closed","template":"homepage.php","meta":{"footnotes":""},"class_list":["post-12020","page","type-page","status-publish","hentry"],"_links":{"self":[{"href":"https:\/\/carsandrooms.ge\/es\/wp-json\/wp\/v2\/pages\/12020","targetHints":{"allow":["GET"]}}],"collection":[{"href":"https:\/\/carsandrooms.ge\/es\/wp-json\/wp\/v2\/pages"}],"about":[{"href":"https:\/\/carsandrooms.ge\/es\/wp-json\/wp\/v2\/types\/page"}],"author":[{"embeddable":true,"href":"https:\/\/carsandrooms.ge\/es\/wp-json\/wp\/v2\/users\/1"}],"replies":[{"embeddable":true,"href":"https:\/\/carsandrooms.ge\/es\/wp-json\/wp\/v2\/comments?post=12020"}],"version-history":[{"count":10,"href":"https:\/\/carsandrooms.ge\/es\/wp-json\/wp\/v2\/pages\/12020\/revisions"}],"predecessor-version":[{"id":13485,"href":"https:\/\/carsandrooms.ge\/es\/wp-json\/wp\/v2\/pages\/12020\/revisions\/13485"}],"wp:attachment":[{"href":"https:\/\/carsandrooms.ge\/es\/wp-json\/wp\/v2\/media?parent=12020"}],"curies":[{"name":"wp","href":"https:\/\/api.w.org\/{rel}","templated":true}]}}