{"id":12045,"date":"2017-03-14T05:01:30","date_gmt":"2017-03-14T01:01:30","guid":{"rendered":"https:\/\/carsandrooms.ge\/contact\/"},"modified":"2025-10-16T16:12:19","modified_gmt":"2025-10-16T12:12:19","slug":"contacto","status":"publish","type":"page","link":"https:\/\/carsandrooms.ge\/es\/contacto\/","title":{"rendered":"Contacto"},"content":{"rendered":"<div class=\"wpb-content-wrapper\"><p>[vc_row el_id=\u00bbcontact_us\u00bb][vc_column width=\u00bb1\/12&#8243;][\/vc_column][vc_column width=\u00bb5\/12&#8243;][vc_row_inner content_placement=\u00bbmiddle\u00bb][vc_column_inner width=\u00bb1\/4&#8243;][vc_icon icon_fontawesome=\u00bbfas fa-house-damage\u00bb color=\u00bbwhite\u00bb background_style=\u00bbrounded\u00bb background_color=\u00bbsecondary_color_background\u00bb align=\u00bbcenter\u00bb css_animation=\u00bbflipInX\u00bb el_class=\u00bbcontact_icon\u00bb][\/vc_column_inner][vc_column_inner width=\u00bb1\/4&#8243;][vc_column_text css=\u00bb.vc_custom_1753538661288{border-right-width: 1px !important;}\u00bb]<strong>Direcci\u00f3n:<\/strong><br \/>\n123 Akaki Tsereteli Avenue, 3er Piso, Tbilisi, Georgia[\/vc_column_text][\/vc_column_inner][vc_column_inner width=\u00bb1\/4&#8243;][vc_icon icon_fontawesome=\u00bbfas fa-headset\u00bb color=\u00bbwhite\u00bb background_style=\u00bbrounded\u00bb background_color=\u00bbsecondary_color_background\u00bb align=\u00bbcenter\u00bb css_animation=\u00bbflipInX\u00bb el_class=\u00bbcontact_icon\u00bb][\/vc_column_inner][vc_column_inner width=\u00bb1\/4&#8243;][vc_column_text css=\u00bb.vc_custom_1753538687795{border-right-width: 1px !important;padding-right: 0px !important;}\u00bb]<strong>Tel\u00e9fono, Viber, Whatsapp, Telegram<\/strong><br \/>\n+(995) 596 19 19 11<br \/>\n+(995) 599 90 90 20<br \/>\n+(995) 577 19 18 15[\/vc_column_text][\/vc_column_inner][\/vc_row_inner]<div class=\"fancy-title align_left\"><h2 class=\"vc_underline_title vc_title\">Cont\u00e1ctanos<\/h2><div class=\"vc_underline secondary_color_background\"><\/div><\/div>[vc_column_text css=\u00bb.vc_custom_1753538568820{margin-bottom: 10px !important;}\u00bb]Si est\u00e1 interesado en m\u00e1s informaci\u00f3n, cont\u00e1ctenos por correo electr\u00f3nico a carsandrooms@gmail.com y nuestra oficina le responder\u00e1 lo antes posible.[\/vc_column_text][\/vc_column][vc_column width=\u00bb5\/12&#8243;][vc_gmaps link=\u00bb#E-8_JTNDaWZyYW1lJTIwc3JjJTNEJTIyaHR0cHMlM0ElMkYlMkZ3d3cuZ29vZ2xlLmNvbSUyRm1hcHMlMkZlbWJlZCUzRnBiJTNEJTIxMW0xNCUyMTFtOCUyMTFtMyUyMTFkMTQ4OC4zNjUwOTI4MzgxOTMzJTIxMmQ0NC43NzczMjE3NDE3ODc2MSUyMTNkNDEuNzQ3OTEyMjk4MTg4NjklMjEzbTIlMjExaTEwMjQlMjEyaTc2OCUyMTRmMTMuMSUyMTNtMyUyMTFtMiUyMTFzMHgwJTI1M0EweGU2NDk0YTk1ZGNkNzYwMDclMjEyc0NoZWFwJTJCY2FyJTJCcmVudGFsJTJCaW4lMkJUYmlsaXNpJTI1MkMlMkJLdXRhaXNpJTI1MkMlMkJLb3BpdG5hcmklMjUyQyUyQkJhdHVtaSUyNTJDJTJCTWVzdGlhJTJCb3IlMkJhbnklMkJwbGFjZSUyQm9mJTJCR2VvcmdpYSUyMTVlMCUyMTNtMiUyMTFzZW4lMjEycyUyMTR2MTQ5ODY3NjMxMzM2MiUyMiUyMHdpZHRoJTNEJTIyNjAwJTIyJTIwaGVpZ2h0JTNEJTIyNDUwJTIyJTIwZnJhbWVib3JkZXIlM0QlMjIwJTIyJTIwc3R5bGUlM0QlMjJib3JkZXIlM0EwJTIyJTIwYWxsb3dmdWxsc2NyZWVuJTNFJTNDJTJGaWZyYW1lJTNF\u00bb size=\u00bb500px\u00bb css=\u00bb.vc_custom_1644820942326{margin-right: 50px !important;}\u00bb][vc_empty_space height=\u00bb64px\u00bb][\/vc_column][vc_column width=\u00bb1\/12&#8243;][\/vc_column][\/vc_row]<\/p>\n<\/div>","protected":false},"excerpt":{"rendered":"<p>Contacta con nosotros para obtener ayuda en tus proyectos. \u00a1Estamos aqu\u00ed para apoyarte en todo momento!<\/p>\n","protected":false},"author":1,"featured_media":0,"parent":0,"menu_order":0,"comment_status":"closed","ping_status":"closed","template":"homepage.php","meta":{"footnotes":""},"class_list":["post-12045","page","type-page","status-publish","hentry"],"_links":{"self":[{"href":"https:\/\/carsandrooms.ge\/es\/wp-json\/wp\/v2\/pages\/12045","targetHints":{"allow":["GET"]}}],"collection":[{"href":"https:\/\/carsandrooms.ge\/es\/wp-json\/wp\/v2\/pages"}],"about":[{"href":"https:\/\/carsandrooms.ge\/es\/wp-json\/wp\/v2\/types\/page"}],"author":[{"embeddable":true,"href":"https:\/\/carsandrooms.ge\/es\/wp-json\/wp\/v2\/users\/1"}],"replies":[{"embeddable":true,"href":"https:\/\/carsandrooms.ge\/es\/wp-json\/wp\/v2\/comments?post=12045"}],"version-history":[{"count":6,"href":"https:\/\/carsandrooms.ge\/es\/wp-json\/wp\/v2\/pages\/12045\/revisions"}],"predecessor-version":[{"id":13152,"href":"https:\/\/carsandrooms.ge\/es\/wp-json\/wp\/v2\/pages\/12045\/revisions\/13152"}],"wp:attachment":[{"href":"https:\/\/carsandrooms.ge\/es\/wp-json\/wp\/v2\/media?parent=12045"}],"curies":[{"name":"wp","href":"https:\/\/api.w.org\/{rel}","templated":true}]}}