{"id":12055,"date":"2017-08-15T08:11:52","date_gmt":"2017-08-15T04:11:52","guid":{"rendered":"https:\/\/carsandrooms.ge\/booking-process\/"},"modified":"2025-10-15T23:20:44","modified_gmt":"2025-10-15T19:20:44","slug":"booking-process","status":"publish","type":"page","link":"https:\/\/carsandrooms.ge\/es\/booking-process\/","title":{"rendered":"Proceso de reserva"},"content":{"rendered":"<div class=\"wpb-content-wrapper\"><p>[vc_row][vc_column]<div id=\"search164485\">\t<div class=\"row search_form_row step1 list\" id=\"search_form\">\r\n\t\t<form id=\"formElem\" name=\"formElem\" action=\"https:\/\/carsandrooms.ge\/es\/booking-process\/\" method=\"post\">\r\n\t\t\t<div class=\"col-xs-12 col-md-10\">\r\n\t\t\t\t<div class=\"row\">\r\n\t\t\t\t\t<div class=\"col-xs-12 col-sm-6\">\r\n\t\t\t\t\t\t<span class=\"form_title\">Recogida Informaci\u00f3n<\/span>\r\n\t\t\t\t\t\t\t\t\t\t\t\t\t\t\t\t\t\t\t\t\t<select name=\"pickup_location_id\" class=\"form-control pickup-location home-select\">\r\n\t\t\t\t\t\t\t\t\t<option value=\"0\" selected=\"selected\">Ciudad de Recogida y Ubicaci\u00f3n:<\/option><option value=\"4\">1. Cualquier lugar en Tbilisi<\/option><option value=\"3\">2. Aparcamiento de oficinas en Tbilisi - 123, A. Tsereteli Ave.<\/option><option value=\"2\">3. Tbilisi Int. Aeropuerto (TBS)<\/option><option value=\"1\">4. Kutaisi Int. Aeropuerto (KUT)<\/option><option value=\"5\">5. Cualquier lugar en Kutaisi<\/option><option value=\"11\">6. Cualquier lugar en Telavi<\/option><option value=\"12\">7. Cualquier lugar en Kazbegi (Stepantsminda)<\/option><option value=\"6\">8. Batumi Int. Aeropuerto (BUS)<\/option><option value=\"7\">9. Cualquier lugar en Batumi<\/option><option value=\"13\">10. Cualquier lugar en Kobuleti<\/option><option value=\"8\">11. Aer\u00f3dromo de Natakhtari<\/option><option value=\"14\">12. Cualquier lugar en Borjomi<\/option><option value=\"9\">13. Aeropuerto en Mestia<\/option><option value=\"10\">14. Aeropuerto en Ambrolauri<\/option>\t\t\t\t\t\t\t\t<\/select>\r\n\t\t\t\t\t\t\t\t\t\t\t\t\t\t\t\t\t\t\t\t\t\t\t\t\t\t<div class=\"row\">\r\n\t\t\t\t\t\t\t\t<div class=\"col-xs-7 col-sm-8 date top_margin\">\r\n\t\t\t\t\t\t\t\t\t\t\t\t\t\t\t\t\t\t\t<input type=\"text\" name=\"pickup_date\"\r\n\t\t\t\t\t\t\t\t\t\t\t   value=\"Fecha:\"\r\n\t\t\t\t\t\t\t\t\t\t\t   placeholder=\"Fecha:\"\r\n\t\t\t\t\t\t\t\t\t\t\t   class=\"pickup-date\"\r\n\t\t\t\t\t\t\t\t\t\t\t   readonly=\"readonly\" AUTOCOMPLETE=\"off\"\/>\r\n\t\t\t\t\t\t\t\t\t\t\t\t\t\t\t\t\t<\/div>\r\n\t\t\t\t\t\t\t\t<div class=\"col-xs-5 col-sm-4 time top_margin\">\r\n\t\t\t\t\t\t\t\t\t\t\t\t\t\t\t\t\t\t\t<select class=\"hidden\" id=\"pickup_time_select\">\r\n\t\t\t\t\t\t\t\t\t\t\t<option value=\"00:00:00\">00:00<\/option><option value=\"00:30:00\">00:30<\/option><option value=\"01:00:00\">01:00<\/option><option value=\"01:30:00\">01:30<\/option><option value=\"02:00:00\">02:00<\/option><option value=\"02:30:00\">02:30<\/option><option value=\"03:00:00\">03:00<\/option><option value=\"03:30:00\">03:30<\/option><option value=\"04:00:00\">04:00<\/option><option value=\"04:30:00\">04:30<\/option><option value=\"05:00:00\">05:00<\/option><option value=\"05:30:00\">05:30<\/option><option value=\"06:00:00\">06:00<\/option><option value=\"06:30:00\">06:30<\/option><option value=\"07:00:00\">07:00<\/option><option value=\"07:30:00\">07:30<\/option><option value=\"08:00:00\">08:00<\/option><option value=\"08:30:00\">08:30<\/option><option value=\"09:00:00\">09:00<\/option><option value=\"09:30:00\">09:30<\/option><option value=\"10:00:00\">10:00<\/option><option value=\"10:30:00\">10:30<\/option><option value=\"11:00:00\">11:00<\/option><option value=\"11:30:00\">11:30<\/option><option value=\"12:00:00\" selected=\"selected\">12:00<\/option><option value=\"12:30:00\">12:30<\/option><option value=\"13:00:00\">13:00<\/option><option value=\"13:30:00\">13:30<\/option><option value=\"14:00:00\">14:00<\/option><option value=\"14:30:00\">14:30<\/option><option value=\"15:00:00\">15:00<\/option><option value=\"15:30:00\">15:30<\/option><option value=\"16:00:00\">16:00<\/option><option value=\"16:30:00\">16:30<\/option><option value=\"17:00:00\">17:00<\/option><option value=\"17:30:00\">17:30<\/option><option value=\"18:00:00\">18:00<\/option><option value=\"18:30:00\">18:30<\/option><option value=\"19:00:00\">19:00<\/option><option value=\"19:30:00\">19:30<\/option><option value=\"20:00:00\">20:00<\/option><option value=\"20:30:00\">20:30<\/option><option value=\"21:00:00\">21:00<\/option><option value=\"21:30:00\">21:30<\/option><option value=\"22:00:00\">22:00<\/option><option value=\"22:30:00\">22:30<\/option><option value=\"23:00:00\">23:00<\/option><option value=\"23:30:00\">23:30<\/option>\t\t\t\t\t\t\t\t\t\t<\/select>\r\n\t\t\t\t\t\t\t\t\t\t<input type=\"text\" class=\"pickup-time\" readonly>\r\n\t\t\t\t\t\t\t\t\t\t<input type=\"hidden\" name=\"pickup_time\" id=\"pickup_time\" value=\"\">\r\n\t\t\t\t\t\t\t\t\t\t\t\t\t\t\t\t\t<\/div>\r\n\t\t\t\t\t\t\t<\/div>\r\n\t\t\t\t\t\t\t\t\t\t\t<\/div>\r\n\t\t\t\t\t<div class=\"col-xs-12 col-sm-6\">\r\n\t\t\t\t\t\t<span class=\"form_title fix_margin\">Devoluci\u00f3n Informaci\u00f3n<\/span>\r\n\t\t\t\t\t\t\t\t\t\t\t\t\t\t\t\t\t\t\t\t\t<select name=\"return_location_id\" class=\"form-control return-location home-select\">\r\n\t\t\t\t\t\t\t\t\t<option value=\"0\" selected=\"selected\">Ciudad de Devoluci\u00f3n y Ubicaci\u00f3n:<\/option><option value=\"4\">1. Cualquier lugar en Tbilisi<\/option><option value=\"3\">2. Aparcamiento de oficinas en Tbilisi - 123, A. Tsereteli Ave.<\/option><option value=\"2\">3. Tbilisi Int. Aeropuerto (TBS)<\/option><option value=\"1\">4. Kutaisi Int. Aeropuerto (KUT)<\/option><option value=\"5\">5. Cualquier lugar en Kutaisi<\/option><option value=\"11\">6. Cualquier lugar en Telavi<\/option><option value=\"12\">7. Cualquier lugar en Kazbegi (Stepantsminda)<\/option><option value=\"6\">8. Batumi Int. Aeropuerto (BUS)<\/option><option value=\"7\">9. Cualquier lugar en Batumi<\/option><option value=\"13\">10. Cualquier lugar en Kobuleti<\/option><option value=\"8\">11. Aer\u00f3dromo de Natakhtari<\/option><option value=\"14\">12. Cualquier lugar en Borjomi<\/option><option value=\"9\">13. Aeropuerto en Mestia<\/option><option value=\"10\">14. Aeropuerto en Ambrolauri<\/option>\t\t\t\t\t\t\t\t<\/select>\r\n\t\t\t\t\t\t\t\t\t\t\t\t\t\t\t\t\t\t<\/div>\r\n\t\t\t\t\t\t\t\t\t\t\t<div class=\"col-xs-12 col-sm-6\">\r\n\t\t\t\t\t\t\t<div class=\"row\">\r\n\t\t\t\t\t\t\t\t\t\t\t\t\t\t\t\t\t<div class=\"col-xs-7 col-sm-8 date top_margin\">\r\n\t\t\t\t\t\t\t\t\t\t\t\t\t\t\t\t\t\t\t\t\t<input type=\"text\" name=\"return_date\" class=\"return-date\"\r\n\t\t\t\t\t\t\t\t\t\t\t\t   value=\"Fecha:\"\r\n\t\t\t\t\t\t\t\t\t\t\t\t   placeholder=\"Fecha:\"\r\n\t\t\t\t\t\t\t\t\t\t\t\t   readonly=\"readonly\" AUTOCOMPLETE=\"off\"\/>\r\n\t\t\t\t\t\t\t\t\t\t\t\t\t\t\t\t\t\t\t<\/div>\r\n\t\t\t\t\t\t\t\t\t<div class=\"col-xs-5 col-sm-4 time top_margin\">\r\n\t\t\t\t\t\t\t\t\t\t\t\t\t\t\t\t\t\t\t\t\t<select class=\"hidden\" id=\"return_time_select\">\r\n\t\t\t\t\t\t\t\t\t\t\t\t<option value=\"00:00:00\">00:00<\/option><option value=\"00:30:00\">00:30<\/option><option value=\"01:00:00\">01:00<\/option><option value=\"01:30:00\">01:30<\/option><option value=\"02:00:00\">02:00<\/option><option value=\"02:30:00\">02:30<\/option><option value=\"03:00:00\">03:00<\/option><option value=\"03:30:00\">03:30<\/option><option value=\"04:00:00\">04:00<\/option><option value=\"04:30:00\">04:30<\/option><option value=\"05:00:00\">05:00<\/option><option value=\"05:30:00\">05:30<\/option><option value=\"06:00:00\">06:00<\/option><option value=\"06:30:00\">06:30<\/option><option value=\"07:00:00\">07:00<\/option><option value=\"07:30:00\">07:30<\/option><option value=\"08:00:00\">08:00<\/option><option value=\"08:30:00\">08:30<\/option><option value=\"09:00:00\">09:00<\/option><option value=\"09:30:00\">09:30<\/option><option value=\"10:00:00\">10:00<\/option><option value=\"10:30:00\">10:30<\/option><option value=\"11:00:00\">11:00<\/option><option value=\"11:30:00\">11:30<\/option><option value=\"12:00:00\" selected=\"selected\">12:00<\/option><option value=\"12:30:00\">12:30<\/option><option value=\"13:00:00\">13:00<\/option><option value=\"13:30:00\">13:30<\/option><option value=\"14:00:00\">14:00<\/option><option value=\"14:30:00\">14:30<\/option><option value=\"15:00:00\">15:00<\/option><option value=\"15:30:00\">15:30<\/option><option value=\"16:00:00\">16:00<\/option><option value=\"16:30:00\">16:30<\/option><option value=\"17:00:00\">17:00<\/option><option value=\"17:30:00\">17:30<\/option><option value=\"18:00:00\">18:00<\/option><option value=\"18:30:00\">18:30<\/option><option value=\"19:00:00\">19:00<\/option><option value=\"19:30:00\">19:30<\/option><option value=\"20:00:00\">20:00<\/option><option value=\"20:30:00\">20:30<\/option><option value=\"21:00:00\">21:00<\/option><option value=\"21:30:00\">21:30<\/option><option value=\"22:00:00\">22:00<\/option><option value=\"22:30:00\">22:30<\/option><option value=\"23:00:00\">23:00<\/option><option value=\"23:30:00\">23:30<\/option>\t\t\t\t\t\t\t\t\t\t\t<\/select>\r\n\t\t\t\t\t\t\t\t\t\t\t<input type=\"text\" class=\"return-time\" readonly>\r\n\t\t\t\t\t\t\t\t\t\t\t<input type=\"hidden\" name=\"return_time\" id=\"return_time\" value=\"\">\r\n\t\t\t\t\t\t\t\t\t\t\t\t\t\t\t\t\t\t\t<\/div>\r\n\t\t\t\t\t\t\t\t\t\t\t\t\t\t\t<\/div>\r\n\t\t\t\t\t\t<\/div>\r\n\t\t\t\t\t\t\t\t\t\t<div class=\"col-xs-12\">\r\n\t\t\t\t\t\t<div class=\"row\">\r\n\t\t\t\t\t\t\t\t\t\t\t\t\t\t\t\t\t\t\t\t\t<div class=\"col-xxs-12 col-xs-6 col-sm-9 hidden-md hidden-lg driver-age-confirm white text-center mt-5\">\r\n\t\t\t\t\t\t\t\t<label>\r\n\t\t\t\t\t\t\t\t\t<b><input class=\"driver-age-confirm-checkbox mr-2\" type=\"checkbox\" name=\"driver_age_confirm\"\r\n\t\t\t\t\t\t\t\t\t\t\t  value=\"1\" \/> Tengo 21 a\u00f1os o m\u00e1s y al menos 1 a\u00f1o de experiencia conduciendo.\t\t\t\t\t\t\t\t\t<\/b>\r\n\t\t\t\t\t\t\t\t<\/label>\r\n\t\t\t\t\t\t\t<\/div>\r\n\t\t\t\t\t\t\t<div class=\"col-xxs-12 col-xs-6 col-sm-3 hidden-md hidden-lg \">\r\n\t\t\t\t\t\t\t\t<input type=\"hidden\" name=\"car_rental_came_from_step1\" value=\"yes\"\/>\r\n\t\t\t\t\t\t\t\t\t\t\t\t\t\t\t\t\t\t\t\t\t\t\t\t\t\t\t<!-- Note: Do not translate events to track well inter-language events -->\r\n\t\t\t\t\t\t\t\t\t\t<input type=\"submit\" name=\"car_rental_do_search\"\r\n\t\t\t\t\t\t\t\t\t\t\t   value=\"Buscar\"\r\n\t\t\t\t\t\t\t\t\t\t\t   class=\"car-rental-do-search mt-4\"\r\n\t\t\t\t\t\t\t\t\t\t\t   onclick=\"ga('send', 'event', 'Car Rental', 'Click', '1. Search for all item models');\"\/>\r\n\t\t\t\t\t\t\t\t\t\t\t\t\t\t\t\t\t\t\t\t\t\t\t\t<\/div>\r\n\t\t\t\t\t\t<\/div>\r\n\t\t\t\t\t<\/div>\r\n\t\t\t\t\t<div class=\"col-xs-12 driver-age-confirm white text-center mt-5 hidden-xs hidden-sm\">\r\n\t\t\t\t\t\t<label>\r\n\t\t\t\t\t\t\t<b><input class=\"driver-age-confirm-checkbox mr-2\" type=\"checkbox\" name=\"driver_age_confirm\"\r\n\t\t\t\t\t\t\t\t\t  value=\"1\" \/> Tengo 21 a\u00f1os o m\u00e1s y al menos 1 a\u00f1o de experiencia conduciendo.\t\t\t\t\t\t\t<\/b>\r\n\t\t\t\t\t\t<\/label>\r\n\t\t\t\t\t<\/div>\r\n\t\t\t\t<\/div>\r\n\t\t\t<\/div>\r\n\t\t\t<div class=\"hidden-xs hidden-sm col-md-2 crs-form-submit\">\r\n\t\t\t\t\t\t\t\t\t\t\t\t\t\t\t<!-- Note: Do not translate events to track well inter-language events -->\r\n\t\t\t\t\t\t<button type=\"submit\" name=\"car_rental_do_search\"\r\n\t\t\t\t\t\t\t\tclass=\"car-rental-do-search\"\r\n\t\t\t\t\t\t\t\tonclick=\"ga('send', 'event', 'Car Rental', 'Click', '1. Search for all item models');\">\r\n\t\t\t\t\t\t\tBuscar<\/button>\r\n\t\t\t\t\t\t\t\t\t\t\t\t<\/div>\r\n\t\t<\/form>\r\n\t<\/div>\r\n<\/div>[vc_empty_space][\/vc_column][\/vc_row]<\/p>\n<\/div>","protected":false},"excerpt":{"rendered":"<p>Reserva tu experiencia f\u00e1cilmente con nuestro proceso de reserva en l\u00ednea. \u00a1Haz tu reserva ahora y disfruta de tu viaje!<\/p>\n","protected":false},"author":1,"featured_media":0,"parent":0,"menu_order":0,"comment_status":"closed","ping_status":"closed","template":"","meta":{"footnotes":""},"class_list":["post-12055","page","type-page","status-publish","hentry"],"_links":{"self":[{"href":"https:\/\/carsandrooms.ge\/es\/wp-json\/wp\/v2\/pages\/12055","targetHints":{"allow":["GET"]}}],"collection":[{"href":"https:\/\/carsandrooms.ge\/es\/wp-json\/wp\/v2\/pages"}],"about":[{"href":"https:\/\/carsandrooms.ge\/es\/wp-json\/wp\/v2\/types\/page"}],"author":[{"embeddable":true,"href":"https:\/\/carsandrooms.ge\/es\/wp-json\/wp\/v2\/users\/1"}],"replies":[{"embeddable":true,"href":"https:\/\/carsandrooms.ge\/es\/wp-json\/wp\/v2\/comments?post=12055"}],"version-history":[{"count":2,"href":"https:\/\/carsandrooms.ge\/es\/wp-json\/wp\/v2\/pages\/12055\/revisions"}],"predecessor-version":[{"id":13109,"href":"https:\/\/carsandrooms.ge\/es\/wp-json\/wp\/v2\/pages\/12055\/revisions\/13109"}],"wp:attachment":[{"href":"https:\/\/carsandrooms.ge\/es\/wp-json\/wp\/v2\/media?parent=12055"}],"curies":[{"name":"wp","href":"https:\/\/api.w.org\/{rel}","templated":true}]}}