{"id":12163,"date":"2025-06-11T14:52:42","date_gmt":"2025-06-11T10:52:42","guid":{"rendered":"https:\/\/carsandrooms.ge\/nuestras-ubicaciones\/"},"modified":"2025-10-16T19:02:06","modified_gmt":"2025-10-16T15:02:06","slug":"nuestras-ubicaciones","status":"publish","type":"page","link":"https:\/\/carsandrooms.ge\/es\/nuestras-ubicaciones\/","title":{"rendered":"Nuestras ubicaciones"},"content":{"rendered":"<div class=\"wpb-content-wrapper\"><p>[vc_row full_width=\u00bbstretch_row\u00bb css=\u00bb.vc_custom_1750001666931{margin-top: 0px !important;padding-top: 88px !important;padding-bottom: 88px !important;background-image: url(https:\/\/carsandrooms.ge\/wp-content\/uploads\/2025\/06\/cabecera-11137.jpg?id=11872) !important;}\u00bb el_class=\u00bbcabecera\u00bb][vc_column offset=\u00bbvc_col-lg-offset-1 vc_col-lg-10&#8243;][vc_column_text css=\u00bb\u00bb]<\/p>\n<h2>Alquile un autom\u00f3vil con entrega en cualquier ubicaci\u00f3n en Georgia<\/h2>\n<p>Descubra la comodidad de nuestro servicio de alquiler de coches con entrega en cualquier lugar de Georgia. Ya sea que llegue al aeropuerto, se hospede en un hotel o necesite que le entreguen un autom\u00f3vil en su hogar o negocio, le llevamos el veh\u00edculo directamente. Explore nuestra amplia gama de puntos de recogida y devoluci\u00f3n en todo el pa\u00eds y disfrute de una experiencia de alquiler perfecta con Cars &amp; Rooms.[\/vc_column_text][\/vc_column][\/vc_row][vc_row][vc_column][vc_basic_grid post_type=\u00bbcar_rental_location\u00bb max_items=\u00bb16&#8243; element_width=\u00bb3&#8243; item=\u00bb11141&#8243; css=\u00bb\u00bb grid_id=\u00bbvc_gid:1750001574538-1628b3a6-1f23-2&#8243;][\/vc_column][\/vc_row]<\/p>\n<\/div>","protected":false},"excerpt":{"rendered":"<p>Descubre nuestras sedes en lugares \u00fanicos. Encu\u00e9ntranos cerca de ti y conoce nuestras ubicaciones exclusivas. \u00a1Vis\u00edtanos hoy!<\/p>\n","protected":false},"author":7,"featured_media":12165,"parent":0,"menu_order":0,"comment_status":"closed","ping_status":"closed","template":"","meta":{"footnotes":""},"class_list":["post-12163","page","type-page","status-publish","has-post-thumbnail","hentry"],"_links":{"self":[{"href":"https:\/\/carsandrooms.ge\/es\/wp-json\/wp\/v2\/pages\/12163","targetHints":{"allow":["GET"]}}],"collection":[{"href":"https:\/\/carsandrooms.ge\/es\/wp-json\/wp\/v2\/pages"}],"about":[{"href":"https:\/\/carsandrooms.ge\/es\/wp-json\/wp\/v2\/types\/page"}],"author":[{"embeddable":true,"href":"https:\/\/carsandrooms.ge\/es\/wp-json\/wp\/v2\/users\/7"}],"replies":[{"embeddable":true,"href":"https:\/\/carsandrooms.ge\/es\/wp-json\/wp\/v2\/comments?post=12163"}],"version-history":[{"count":2,"href":"https:\/\/carsandrooms.ge\/es\/wp-json\/wp\/v2\/pages\/12163\/revisions"}],"predecessor-version":[{"id":12921,"href":"https:\/\/carsandrooms.ge\/es\/wp-json\/wp\/v2\/pages\/12163\/revisions\/12921"}],"wp:featuredmedia":[{"embeddable":true,"href":"https:\/\/carsandrooms.ge\/es\/wp-json\/wp\/v2\/media\/12165"}],"wp:attachment":[{"href":"https:\/\/carsandrooms.ge\/es\/wp-json\/wp\/v2\/media?parent=12163"}],"curies":[{"name":"wp","href":"https:\/\/api.w.org\/{rel}","templated":true}]}}