{"id":11242,"date":"2025-06-11T14:52:42","date_gmt":"2025-06-11T10:52:42","guid":{"rendered":"https:\/\/carsandrooms.ge\/nos-implantations\/"},"modified":"2025-10-15T21:39:46","modified_gmt":"2025-10-15T17:39:46","slug":"nos-implantations","status":"publish","type":"page","link":"https:\/\/carsandrooms.ge\/fr\/nos-implantations\/","title":{"rendered":"Nos implantations"},"content":{"rendered":"<div class=\"wpb-content-wrapper\"><p>[vc_row full_width=\u00a0\u00bbstretch_row\u00a0\u00bb css=\u00a0\u00bb.vc_custom_1749889013175{margin-top: 0px !important;padding-top: 88px !important;padding-bottom: 88px !important;background-image: url(https:\/\/carsandrooms.ge\/wp-content\/uploads\/2025\/06\/cabecera-locali.jpg?id=11226) !important;}\u00a0\u00bb el_class=\u00a0\u00bbcabecera\u00a0\u00bb][vc_column offset=\u00a0\u00bbvc_col-lg-offset-1 vc_col-lg-10&Prime;][vc_column_text css=\u00a0\u00bb\u00a0\u00bb]<\/p>\n<h2>Louez une voiture avec livraison \u00e0 n\u2019importe quel endroit en G\u00e9orgie<\/h2>\n<p>D\u00e9couvrez la commodit\u00e9 de notre service de location de voiture avec livraison \u00e0 n\u2019importe quel endroit en G\u00e9orgie. Que vous arriviez \u00e0 l\u2019a\u00e9roport, que vous s\u00e9journiez dans un h\u00f4tel ou que vous ayez besoin d\u2019une voiture livr\u00e9e \u00e0 votre domicile ou \u00e0 votre entreprise, nous vous apportons le v\u00e9hicule directement. Explorez notre large gamme de points de prise en charge et de d\u00e9pose \u00e0 travers le pays et profitez d\u2019une exp\u00e9rience de location sans faille avec Cars &amp; Rooms.[\/vc_column_text][\/vc_column][\/vc_row][vc_row][vc_column][vc_basic_grid post_type=\u00a0\u00bbcar_rental_location\u00a0\u00bb max_items=\u00a0\u00bb16&Prime; element_width=\u00a0\u00bb3&Prime; item=\u00a0\u00bb11141&Prime; css=\u00a0\u00bb\u00a0\u00bb grid_id=\u00a0\u00bbvc_gid:1749888525766-da9c7c53-7f9f-2&Prime;][\/vc_column][\/vc_row]<\/p>\n<\/div>","protected":false},"excerpt":{"rendered":"<p>D\u00e9couvrez nos implantations pour un service client de proximit\u00e9 et de qualit\u00e9. Trouvez votre localisation id\u00e9ale d\u00e8s maintenant !<\/p>\n","protected":false},"author":7,"featured_media":11234,"parent":0,"menu_order":0,"comment_status":"closed","ping_status":"closed","template":"","meta":{"footnotes":""},"class_list":["post-11242","page","type-page","status-publish","has-post-thumbnail","hentry"],"_links":{"self":[{"href":"https:\/\/carsandrooms.ge\/fr\/wp-json\/wp\/v2\/pages\/11242","targetHints":{"allow":["GET"]}}],"collection":[{"href":"https:\/\/carsandrooms.ge\/fr\/wp-json\/wp\/v2\/pages"}],"about":[{"href":"https:\/\/carsandrooms.ge\/fr\/wp-json\/wp\/v2\/types\/page"}],"author":[{"embeddable":true,"href":"https:\/\/carsandrooms.ge\/fr\/wp-json\/wp\/v2\/users\/7"}],"replies":[{"embeddable":true,"href":"https:\/\/carsandrooms.ge\/fr\/wp-json\/wp\/v2\/comments?post=11242"}],"version-history":[{"count":11,"href":"https:\/\/carsandrooms.ge\/fr\/wp-json\/wp\/v2\/pages\/11242\/revisions"}],"predecessor-version":[{"id":12924,"href":"https:\/\/carsandrooms.ge\/fr\/wp-json\/wp\/v2\/pages\/11242\/revisions\/12924"}],"wp:featuredmedia":[{"embeddable":true,"href":"https:\/\/carsandrooms.ge\/fr\/wp-json\/wp\/v2\/media\/11234"}],"wp:attachment":[{"href":"https:\/\/carsandrooms.ge\/fr\/wp-json\/wp\/v2\/media?parent=11242"}],"curies":[{"name":"wp","href":"https:\/\/api.w.org\/{rel}","templated":true}]}}