{"id":4618,"date":"2017-08-15T08:11:52","date_gmt":"2017-08-15T04:11:52","guid":{"rendered":"https:\/\/carsandrooms.ge\/booking-process\/"},"modified":"2025-12-23T15:59:34","modified_gmt":"2025-12-23T11:59:34","slug":"processus-de-reservation","status":"publish","type":"page","link":"https:\/\/carsandrooms.ge\/fr\/processus-de-reservation\/","title":{"rendered":"Processus de r\u00e9servation"},"content":{"rendered":"<div class=\"wpb-content-wrapper\"><p>[vc_row][vc_column]<div id=\"search112269\">\t<div class=\"row search_form_row step1 list\" id=\"search_form\">\r\n\t\t<form id=\"formElem\" name=\"formElem\" action=\"https:\/\/carsandrooms.ge\/fr\/processus-de-reservation\/\" method=\"post\">\r\n\t\t\t<div class=\"col-xs-12 col-md-10\">\r\n\t\t\t\t<div class=\"row\">\r\n\t\t\t\t\t<div class=\"col-xs-12 col-sm-6\">\r\n\t\t\t\t\t\t<span class=\"form_title\">D\u00e9part Information<\/span>\r\n\t\t\t\t\t\t\t\t\t\t\t\t\t\t\t\t\t\t\t\t\t<select name=\"pickup_location_id\" class=\"form-control pickup-location home-select\">\r\n\t\t\t\t\t\t\t\t\t<option value=\"0\" selected=\"selected\">Ville de D\u00e9part et Localisation:<\/option><option value=\"4\">1. Partout \u00e0 Tbilissi<\/option><option value=\"3\">2. Parking du Bureau de Tbilissi - 123, A. Tsereteli Ave.<\/option><option value=\"2\">3. A l\u2019a\u00e9roport international de Tbilissi<\/option><option value=\"1\">4. A l\u2019a\u00e9roport international de Kouta\u00efssi<\/option><option value=\"5\">5. Partout \u00e0 Kouta\u00efssi<\/option><option value=\"11\">6. Partout \u00e0 Telavi<\/option><option value=\"12\">7. Partout \u00e0 Kazbegi (Stepantsminda)<\/option><option value=\"6\">8. A l\u2019a\u00e9roport international de Batoumi<\/option><option value=\"7\">9. Partout \u00e0 Batoumi<\/option><option value=\"13\">10. Partout \u00e0 Kobuleti<\/option><option value=\"8\">11. A l\u2019a\u00e9roport de Natakhtari<\/option><option value=\"14\">12. Partout \u00e0 Bordjomi<\/option><option value=\"9\">13. A l\u2019a\u00e9roport de Mestia<\/option><option value=\"10\">14. A l\u2019a\u00e9roport d\u2019Ambrolaouri<\/option>\t\t\t\t\t\t\t\t<\/select>\r\n\t\t\t\t\t\t\t\t\t\t\t\t\t\t\t\t\t\t\t\t\t\t\t\t\t\t<div class=\"row\">\r\n\t\t\t\t\t\t\t\t<div class=\"col-xs-7 col-sm-8 date top_margin\">\r\n\t\t\t\t\t\t\t\t\t\t\t\t\t\t\t\t\t\t\t<input type=\"text\" name=\"pickup_date\"\r\n\t\t\t\t\t\t\t\t\t\t\t   value=\"Date:\"\r\n\t\t\t\t\t\t\t\t\t\t\t   placeholder=\"Date:\"\r\n\t\t\t\t\t\t\t\t\t\t\t   class=\"pickup-date\"\r\n\t\t\t\t\t\t\t\t\t\t\t   readonly=\"readonly\" AUTOCOMPLETE=\"off\"\/>\r\n\t\t\t\t\t\t\t\t\t\t\t\t\t\t\t\t\t<\/div>\r\n\t\t\t\t\t\t\t\t<div class=\"col-xs-5 col-sm-4 time top_margin\">\r\n\t\t\t\t\t\t\t\t\t\t\t\t\t\t\t\t\t\t\t<select class=\"hidden\" id=\"pickup_time_select\">\r\n\t\t\t\t\t\t\t\t\t\t\t<option value=\"00:00:00\">Midnight<\/option><option value=\"00:30:00\">0h30<\/option><option value=\"01:00:00\">1h00<\/option><option value=\"01:30:00\">1h30<\/option><option value=\"02:00:00\">2h00<\/option><option value=\"02:30:00\">2h30<\/option><option value=\"03:00:00\">3h00<\/option><option value=\"03:30:00\">3h30<\/option><option value=\"04:00:00\">4h00<\/option><option value=\"04:30:00\">4h30<\/option><option value=\"05:00:00\">5h00<\/option><option value=\"05:30:00\">5h30<\/option><option value=\"06:00:00\">6h00<\/option><option value=\"06:30:00\">6h30<\/option><option value=\"07:00:00\">7h00<\/option><option value=\"07:30:00\">7h30<\/option><option value=\"08:00:00\">8h00<\/option><option value=\"08:30:00\">8h30<\/option><option value=\"09:00:00\">9h00<\/option><option value=\"09:30:00\">9h30<\/option><option value=\"10:00:00\">10h00<\/option><option value=\"10:30:00\">10h30<\/option><option value=\"11:00:00\">11h00<\/option><option value=\"11:30:00\">11h30<\/option><option value=\"12:00:00\" selected=\"selected\">Noon<\/option><option value=\"12:30:00\">12h30<\/option><option value=\"13:00:00\">13h00<\/option><option value=\"13:30:00\">13h30<\/option><option value=\"14:00:00\">14h00<\/option><option value=\"14:30:00\">14h30<\/option><option value=\"15:00:00\">15h00<\/option><option value=\"15:30:00\">15h30<\/option><option value=\"16:00:00\">16h00<\/option><option value=\"16:30:00\">16h30<\/option><option value=\"17:00:00\">17h00<\/option><option value=\"17:30:00\">17h30<\/option><option value=\"18:00:00\">18h00<\/option><option value=\"18:30:00\">18h30<\/option><option value=\"19:00:00\">19h00<\/option><option value=\"19:30:00\">19h30<\/option><option value=\"20:00:00\">20h00<\/option><option value=\"20:30:00\">20h30<\/option><option value=\"21:00:00\">21h00<\/option><option value=\"21:30:00\">21h30<\/option><option value=\"22:00:00\">22h00<\/option><option value=\"22:30:00\">22h30<\/option><option value=\"23:00:00\">23h00<\/option><option value=\"23:30:00\">23h30<\/option>\t\t\t\t\t\t\t\t\t\t<\/select>\r\n\t\t\t\t\t\t\t\t\t\t<input type=\"text\" class=\"pickup-time\" readonly>\r\n\t\t\t\t\t\t\t\t\t\t<input type=\"hidden\" name=\"pickup_time\" id=\"pickup_time\" value=\"\">\r\n\t\t\t\t\t\t\t\t\t\t\t\t\t\t\t\t\t<\/div>\r\n\t\t\t\t\t\t\t<\/div>\r\n\t\t\t\t\t\t\t\t\t\t\t<\/div>\r\n\t\t\t\t\t<div class=\"col-xs-12 col-sm-6\">\r\n\t\t\t\t\t\t<span class=\"form_title fix_margin\">Retour Information<\/span>\r\n\t\t\t\t\t\t\t\t\t\t\t\t\t\t\t\t\t\t\t\t\t<select name=\"return_location_id\" class=\"form-control return-location home-select\">\r\n\t\t\t\t\t\t\t\t\t<option value=\"0\" selected=\"selected\">Ville de Retour et Localisation:<\/option><option value=\"4\">1. Partout \u00e0 Tbilissi<\/option><option value=\"3\">2. Parking du Bureau de Tbilissi - 123, A. Tsereteli Ave.<\/option><option value=\"2\">3. A l\u2019a\u00e9roport international de Tbilissi<\/option><option value=\"1\">4. A l\u2019a\u00e9roport international de Kouta\u00efssi<\/option><option value=\"5\">5. Partout \u00e0 Kouta\u00efssi<\/option><option value=\"11\">6. Partout \u00e0 Telavi<\/option><option value=\"12\">7. Partout \u00e0 Kazbegi (Stepantsminda)<\/option><option value=\"6\">8. A l\u2019a\u00e9roport international de Batoumi<\/option><option value=\"7\">9. Partout \u00e0 Batoumi<\/option><option value=\"13\">10. Partout \u00e0 Kobuleti<\/option><option value=\"8\">11. A l\u2019a\u00e9roport de Natakhtari<\/option><option value=\"14\">12. Partout \u00e0 Bordjomi<\/option><option value=\"9\">13. A l\u2019a\u00e9roport de Mestia<\/option><option value=\"10\">14. A l\u2019a\u00e9roport d\u2019Ambrolaouri<\/option>\t\t\t\t\t\t\t\t<\/select>\r\n\t\t\t\t\t\t\t\t\t\t\t\t\t\t\t\t\t\t<\/div>\r\n\t\t\t\t\t\t\t\t\t\t\t<div class=\"col-xs-12 col-sm-6\">\r\n\t\t\t\t\t\t\t<div class=\"row\">\r\n\t\t\t\t\t\t\t\t\t\t\t\t\t\t\t\t\t<div class=\"col-xs-7 col-sm-8 date top_margin\">\r\n\t\t\t\t\t\t\t\t\t\t\t\t\t\t\t\t\t\t\t\t\t<input type=\"text\" name=\"return_date\" class=\"return-date\"\r\n\t\t\t\t\t\t\t\t\t\t\t\t   value=\"Date:\"\r\n\t\t\t\t\t\t\t\t\t\t\t\t   placeholder=\"Date:\"\r\n\t\t\t\t\t\t\t\t\t\t\t\t   readonly=\"readonly\" AUTOCOMPLETE=\"off\"\/>\r\n\t\t\t\t\t\t\t\t\t\t\t\t\t\t\t\t\t\t\t<\/div>\r\n\t\t\t\t\t\t\t\t\t<div class=\"col-xs-5 col-sm-4 time top_margin\">\r\n\t\t\t\t\t\t\t\t\t\t\t\t\t\t\t\t\t\t\t\t\t<select class=\"hidden\" id=\"return_time_select\">\r\n\t\t\t\t\t\t\t\t\t\t\t\t<option value=\"00:00:00\">Midnight<\/option><option value=\"00:30:00\">0h30<\/option><option value=\"01:00:00\">1h00<\/option><option value=\"01:30:00\">1h30<\/option><option value=\"02:00:00\">2h00<\/option><option value=\"02:30:00\">2h30<\/option><option value=\"03:00:00\">3h00<\/option><option value=\"03:30:00\">3h30<\/option><option value=\"04:00:00\">4h00<\/option><option value=\"04:30:00\">4h30<\/option><option value=\"05:00:00\">5h00<\/option><option value=\"05:30:00\">5h30<\/option><option value=\"06:00:00\">6h00<\/option><option value=\"06:30:00\">6h30<\/option><option value=\"07:00:00\">7h00<\/option><option value=\"07:30:00\">7h30<\/option><option value=\"08:00:00\">8h00<\/option><option value=\"08:30:00\">8h30<\/option><option value=\"09:00:00\">9h00<\/option><option value=\"09:30:00\">9h30<\/option><option value=\"10:00:00\">10h00<\/option><option value=\"10:30:00\">10h30<\/option><option value=\"11:00:00\">11h00<\/option><option value=\"11:30:00\">11h30<\/option><option value=\"12:00:00\" selected=\"selected\">Noon<\/option><option value=\"12:30:00\">12h30<\/option><option value=\"13:00:00\">13h00<\/option><option value=\"13:30:00\">13h30<\/option><option value=\"14:00:00\">14h00<\/option><option value=\"14:30:00\">14h30<\/option><option value=\"15:00:00\">15h00<\/option><option value=\"15:30:00\">15h30<\/option><option value=\"16:00:00\">16h00<\/option><option value=\"16:30:00\">16h30<\/option><option value=\"17:00:00\">17h00<\/option><option value=\"17:30:00\">17h30<\/option><option value=\"18:00:00\">18h00<\/option><option value=\"18:30:00\">18h30<\/option><option value=\"19:00:00\">19h00<\/option><option value=\"19:30:00\">19h30<\/option><option value=\"20:00:00\">20h00<\/option><option value=\"20:30:00\">20h30<\/option><option value=\"21:00:00\">21h00<\/option><option value=\"21:30:00\">21h30<\/option><option value=\"22:00:00\">22h00<\/option><option value=\"22:30:00\">22h30<\/option><option value=\"23:00:00\">23h00<\/option><option value=\"23:30:00\">23h30<\/option>\t\t\t\t\t\t\t\t\t\t\t<\/select>\r\n\t\t\t\t\t\t\t\t\t\t\t<input type=\"text\" class=\"return-time\" readonly>\r\n\t\t\t\t\t\t\t\t\t\t\t<input type=\"hidden\" name=\"return_time\" id=\"return_time\" value=\"\">\r\n\t\t\t\t\t\t\t\t\t\t\t\t\t\t\t\t\t\t\t<\/div>\r\n\t\t\t\t\t\t\t\t\t\t\t\t\t\t\t<\/div>\r\n\t\t\t\t\t\t<\/div>\r\n\t\t\t\t\t\t\t\t\t\t<div class=\"col-xs-12\">\r\n\t\t\t\t\t\t<div class=\"row\">\r\n\t\t\t\t\t\t\t\t\t\t\t\t\t\t\t\t\t\t\t\t\t<div class=\"col-xxs-12 col-xs-6 col-sm-9 hidden-md hidden-lg driver-age-confirm white text-center mt-5\">\r\n\t\t\t\t\t\t\t\t<label>\r\n\t\t\t\t\t\t\t\t\t<b><input class=\"driver-age-confirm-checkbox mr-2\" type=\"checkbox\" name=\"driver_age_confirm\"\r\n\t\t\t\t\t\t\t\t\t\t\t  value=\"1\" \/> J&#039;ai 21 ans ou plus et j&#039;ai au moins 1 an d&#039;exp\u00e9rience de conduite.\t\t\t\t\t\t\t\t\t<\/b>\r\n\t\t\t\t\t\t\t\t<\/label>\r\n\t\t\t\t\t\t\t<\/div>\r\n\t\t\t\t\t\t\t<div class=\"col-xxs-12 col-xs-6 col-sm-3 hidden-md hidden-lg \">\r\n\t\t\t\t\t\t\t\t<input type=\"hidden\" name=\"car_rental_came_from_step1\" value=\"yes\"\/>\r\n\t\t\t\t\t\t\t\t\t\t\t\t\t\t\t\t\t\t\t\t\t\t\t\t\t\t\t<!-- Note: Do not translate events to track well inter-language events -->\r\n\t\t\t\t\t\t\t\t\t\t<input type=\"submit\" name=\"car_rental_do_search\"\r\n\t\t\t\t\t\t\t\t\t\t\t   value=\"Chercher\"\r\n\t\t\t\t\t\t\t\t\t\t\t   class=\"car-rental-do-search mt-4\"\r\n\t\t\t\t\t\t\t\t\t\t\t   onclick=\"ga('send', 'event', 'Car Rental', 'Click', '1. Search for all item models');\"\/>\r\n\t\t\t\t\t\t\t\t\t\t\t\t\t\t\t\t\t\t\t\t\t\t\t\t<\/div>\r\n\t\t\t\t\t\t<\/div>\r\n\t\t\t\t\t<\/div>\r\n\t\t\t\t\t<div class=\"col-xs-12 driver-age-confirm white text-center mt-5 hidden-xs hidden-sm\">\r\n\t\t\t\t\t\t<label>\r\n\t\t\t\t\t\t\t<b><input class=\"driver-age-confirm-checkbox mr-2\" type=\"checkbox\" name=\"driver_age_confirm\"\r\n\t\t\t\t\t\t\t\t\t  value=\"1\" \/> J&#039;ai 21 ans ou plus et j&#039;ai au moins 1 an d&#039;exp\u00e9rience de conduite.\t\t\t\t\t\t\t<\/b>\r\n\t\t\t\t\t\t<\/label>\r\n\t\t\t\t\t<\/div>\r\n\t\t\t\t<\/div>\r\n\t\t\t<\/div>\r\n\t\t\t<div class=\"hidden-xs hidden-sm col-md-2 crs-form-submit\">\r\n\t\t\t\t\t\t\t\t\t\t\t\t\t\t\t<!-- Note: Do not translate events to track well inter-language events -->\r\n\t\t\t\t\t\t<button type=\"submit\" name=\"car_rental_do_search\"\r\n\t\t\t\t\t\t\t\tclass=\"car-rental-do-search\"\r\n\t\t\t\t\t\t\t\tonclick=\"ga('send', 'event', 'Car Rental', 'Click', '1. Search for all item models');\">\r\n\t\t\t\t\t\t\tChercher<\/button>\r\n\t\t\t\t\t\t\t\t\t\t\t\t<\/div>\r\n\t\t<\/form>\r\n\t<\/div>\r\n<\/div>[vc_empty_space][\/vc_column][\/vc_row]<\/p>\n<\/div>","protected":false},"excerpt":{"rendered":"<p>R\u00e9servez votre s\u00e9jour en toute simplicit\u00e9. R\u00e9servez d\u00e8s maintenant !<\/p>\n","protected":false},"author":1,"featured_media":0,"parent":0,"menu_order":0,"comment_status":"closed","ping_status":"closed","template":"","meta":{"footnotes":""},"class_list":["post-4618","page","type-page","status-publish","hentry"],"_links":{"self":[{"href":"https:\/\/carsandrooms.ge\/fr\/wp-json\/wp\/v2\/pages\/4618","targetHints":{"allow":["GET"]}}],"collection":[{"href":"https:\/\/carsandrooms.ge\/fr\/wp-json\/wp\/v2\/pages"}],"about":[{"href":"https:\/\/carsandrooms.ge\/fr\/wp-json\/wp\/v2\/types\/page"}],"author":[{"embeddable":true,"href":"https:\/\/carsandrooms.ge\/fr\/wp-json\/wp\/v2\/users\/1"}],"replies":[{"embeddable":true,"href":"https:\/\/carsandrooms.ge\/fr\/wp-json\/wp\/v2\/comments?post=4618"}],"version-history":[{"count":3,"href":"https:\/\/carsandrooms.ge\/fr\/wp-json\/wp\/v2\/pages\/4618\/revisions"}],"predecessor-version":[{"id":13112,"href":"https:\/\/carsandrooms.ge\/fr\/wp-json\/wp\/v2\/pages\/4618\/revisions\/13112"}],"wp:attachment":[{"href":"https:\/\/carsandrooms.ge\/fr\/wp-json\/wp\/v2\/media?parent=4618"}],"curies":[{"name":"wp","href":"https:\/\/api.w.org\/{rel}","templated":true}]}}