{"id":4628,"date":"2022-03-07T17:17:13","date_gmt":"2022-03-07T13:17:13","guid":{"rendered":"https:\/\/carsandrooms.ge\/fuel-policy\/"},"modified":"2026-01-25T20:59:56","modified_gmt":"2026-01-25T16:59:56","slug":"politique-de-carburant","status":"publish","type":"page","link":"https:\/\/carsandrooms.ge\/fr\/politique-de-carburant\/","title":{"rendered":"Politique sur le carburant"},"content":{"rendered":"<div class=\"wpb-content-wrapper\"><p>[vc_row][vc_column width=\u00a0\u00bb1\/12&Prime;][\/vc_column][vc_column width=\u00a0\u00bb10\/12&Prime;][vc_column_text]La soci\u00e9t\u00e9 de location de voitures Giko Travel LTD propose \u00e0 ses clients trois polices carburant diff\u00e9rentes, ax\u00e9es sur le confort du client. Ces polices sont particuli\u00e8rement souhaitables pour les clients qui voyagent pour la premi\u00e8re fois en G\u00e9orgie. Nos politiques permettent aux clients d\u2019\u00e9viter l\u2019inconfort li\u00e9 \u00e0 la d\u00e9couverte de stations-service dans des endroits inconnus et \u00e0 la perte de temps \u00e0 faire le plein.<\/p>\n<p>Avant de r\u00e9server votre voiture, veuillez lire les guides de politique et choisir celle qui convient \u00e0 votre voyage.[\/vc_column_text][vc_empty_space][vc_custom_heading text=\u00a0\u00bbR\u00e9servoir plein achet\u00e9 \u00e0 l\u2019avance\u00a0\u00bb font_container=\u00a0\u00bbtag:h3|text_align:center\u00a0\u00bb use_theme_fonts=\u00a0\u00bbyes\u00a0\u00bb][vc_empty_space][vc_single_image image=\u00a0\u00bb4559&Prime; img_size=\u00a0\u00bb\u00a0\u00bb alignment=\u00a0\u00bbcenter\u00a0\u00bb][vc_empty_space][vc_column_text]Les clients peuvent acheter \u00e0 l\u2019avance le plein de carburant moyennant un suppl\u00e9ment et payer \u00e0 l\u2019avance pour le plein r\u00e9servoir. Lors de la r\u00e9servation, veuillez s\u00e9lectionner la case \u00ab Pr\u00e9-achat plein de r\u00e9servoir \u00bb et nous livrerons votre voiture avec le r\u00e9servoir plein. Lorsque vous laissez votre voiture au point de d\u00e9p\u00f4t, veuillez vous assurer que le r\u00e9servoir est vide car la soci\u00e9t\u00e9 ne remboursera pas le carburant inutilis\u00e9.[\/vc_column_text][vc_empty_space][vc_custom_heading text=\u00a0\u00bbR\u00e9servoir plein \u00e0 r\u00e9servoir plein\u00a0\u00bb font_container=\u00a0\u00bbtag:h3|text_align:center\u00a0\u00bb use_theme_fonts=\u00a0\u00bbyes\u00a0\u00bb][vc_empty_space][vc_single_image image=\u00a0\u00bb4558&Prime; img_size=\u00a0\u00bb\u00a0\u00bb alignment=\u00a0\u00bbcenter\u00a0\u00bb][vc_empty_space][vc_column_text]Les clients peuvent choisir l\u2019option \u00ab Plein \u00e0 plein rempli \u00bb sans frais suppl\u00e9mentaires. La soci\u00e9t\u00e9 livrera la voiture avec le r\u00e9servoir plein. Lorsque vous laissez votre voiture au point de d\u00e9p\u00f4t, assurez-vous que le r\u00e9servoir est plein, sinon vous devrez payer pour le carburant utilis\u00e9.<\/p>\n<p>Le service \u00ab full tank to full tank \u00bb ne s\u2019applique pas aux voitures lou\u00e9es\/r\u00e9serv\u00e9es pendant trois jours ou moins.[\/vc_column_text][vc_empty_space][vc_custom_heading text=\u00a0\u00bbR\u00e9servoir vide \u00e0 r\u00e9servoir vide\u00a0\u00bb font_container=\u00a0\u00bbtag:h3|text_align:center\u00a0\u00bb use_theme_fonts=\u00a0\u00bbyes\u00a0\u00bb][vc_empty_space][vc_column_text]Si le client ne choisit aucune autre option de police, lors de la r\u00e9servation de la voiture, la soci\u00e9t\u00e9 livrera la voiture avec le r\u00e9servoir vide ; cependant, cela suffira pour atteindre la station-service la plus proche. Lorsque vous laissez votre voiture au point de d\u00e9p\u00f4t, veuillez vous assurer que le r\u00e9servoir est vide, sinon vous ne serez pas rembours\u00e9 pour le carburant restant.[\/vc_column_text][vc_empty_space][vc_single_image image=\u00a0\u00bb4560&Prime; img_size=\u00a0\u00bb\u00a0\u00bb alignment=\u00a0\u00bbcenter\u00a0\u00bb][vc_empty_space][vc_custom_heading text=\u00a0\u00bbNos avantages\u00a0\u00bb font_container=\u00a0\u00bbtag:h3|text_align:center\u00a0\u00bb use_theme_fonts=\u00a0\u00bbyes\u00a0\u00bb][vc_empty_space][vc_column_text]Le meilleur service de location de voiture \u00e0 Tbilissi, G\u00e9orgie, o\u00f9 il n\u2019y a pas de frais de service suppl\u00e9mentaires, vous ne payez que pour le carburant usag\u00e9.<br \/>\nVous \u00e9vitez tout retard ou changement de plan en attendant \u00e0 une station-service.<\/p>\n<p>Le service est fiable. Vous ne perdrez ni argent ni temps.<br \/>\nVous avez diff\u00e9rents choix pour r\u00e9cup\u00e9rer ou d\u00e9poser votre voiture.<\/p>\n<p>Louez une voiture \u00e0 Tbilissi, Kouta\u00efssi, Batoumi avec le plein d\u2019essence et ne perdez pas votre temps \u00e0 chercher une station-service dans un endroit inconnu.[\/vc_column_text][vc_empty_space height=\u00a0\u00bb64px\u00a0\u00bb][\/vc_column][vc_column width=\u00a0\u00bb1\/12&Prime;][\/vc_column][\/vc_row]<\/p>\n<\/div>","protected":false},"excerpt":{"rendered":"<p>D\u00e9couvrez les options de politique carburant ax\u00e9es sur le client de Giko Travel LTD pour une exp\u00e9rience de location de voiture confortable en G\u00e9orgie. Choisissez la meilleure police pour votre parcours.<\/p>\n","protected":false},"author":1,"featured_media":0,"parent":0,"menu_order":0,"comment_status":"closed","ping_status":"closed","template":"","meta":{"footnotes":""},"class_list":["post-4628","page","type-page","status-publish","hentry"],"_links":{"self":[{"href":"https:\/\/carsandrooms.ge\/fr\/wp-json\/wp\/v2\/pages\/4628","targetHints":{"allow":["GET"]}}],"collection":[{"href":"https:\/\/carsandrooms.ge\/fr\/wp-json\/wp\/v2\/pages"}],"about":[{"href":"https:\/\/carsandrooms.ge\/fr\/wp-json\/wp\/v2\/types\/page"}],"author":[{"embeddable":true,"href":"https:\/\/carsandrooms.ge\/fr\/wp-json\/wp\/v2\/users\/1"}],"replies":[{"embeddable":true,"href":"https:\/\/carsandrooms.ge\/fr\/wp-json\/wp\/v2\/comments?post=4628"}],"version-history":[{"count":9,"href":"https:\/\/carsandrooms.ge\/fr\/wp-json\/wp\/v2\/pages\/4628\/revisions"}],"predecessor-version":[{"id":14127,"href":"https:\/\/carsandrooms.ge\/fr\/wp-json\/wp\/v2\/pages\/4628\/revisions\/14127"}],"wp:attachment":[{"href":"https:\/\/carsandrooms.ge\/fr\/wp-json\/wp\/v2\/media?parent=4628"}],"curies":[{"name":"wp","href":"https:\/\/api.w.org\/{rel}","templated":true}]}}