{"id":4636,"date":"2022-01-29T21:36:58","date_gmt":"2022-01-29T17:36:58","guid":{"rendered":"https:\/\/carsandrooms.ge\/discount-policy\/"},"modified":"2026-01-25T20:58:13","modified_gmt":"2026-01-25T16:58:13","slug":"politique-de-remise","status":"publish","type":"page","link":"https:\/\/carsandrooms.ge\/fr\/politique-de-remise\/","title":{"rendered":"Politique de r\u00e9duction"},"content":{"rendered":"<div class=\"wpb-content-wrapper\"><p>[vc_row full_width=\u00a0\u00bbstretch_row\u00a0\u00bb gap=\u00a0\u00bb35&Prime; full_height=\u00a0\u00bbyes\u00a0\u00bb equal_height=\u00a0\u00bbyes\u00a0\u00bb content_placement=\u00a0\u00bbmiddle\u00a0\u00bb css=\u00a0\u00bb.vc_custom_1722493195508{background-color: #f4f4f4 !important;}\u00a0\u00bb][vc_column width=\u00a0\u00bb2\/3&Prime; css=\u00a0\u00bb.vc_custom_1549248549730{background-position: center !important;background-repeat: no-repeat !important;background-size: cover !important;}\u00a0\u00bb]<div class=\"fancy-title align_left\"><h2 class=\"vc_underline_title vc_title black\">Nous sommes votre meilleure soci\u00e9t\u00e9 de location de voitures dans la r\u00e9gion<\/h2><div class=\"vc_underline black\"><\/div><\/div>[vc_column_text el_class=\u00a0\u00bbwhite\u00a0\u00bb]<span style=\"color: #333333;\">Les prix de location d\u00e9pendent de la p\u00e9riode de location ; \u00e0 partir du troisi\u00e8me jour, nos clients b\u00e9n\u00e9ficient d\u2019une r\u00e9duction sp\u00e9ciale pour chaque voiture. Plus vous louez notre voiture longtemps, plus vous pouvez obtenir des prix plus bas. Les prix r\u00e9duits sont indiqu\u00e9s dans le tableau ci-dessous de chaque voiture. De plus, de temps en temps, nous proposons une r\u00e9duction sp\u00e9ciale qui est indiqu\u00e9e sur la photo de la voiture.<\/span><\/p>\n<p><span style=\"color: #333333;\">En dehors d\u2019un service de location de voiture pas cher, notre soci\u00e9t\u00e9 vous propose une carte de r\u00e9duction carburant pour chaque voiture lou\u00e9e. Apr\u00e8s avoir lou\u00e9 notre voiture pour la troisi\u00e8me fois, vous pouvez obtenir un code promo sp\u00e9cial pour utiliser 10 % de r\u00e9duction pour chaque voiture.<\/span><\/p>\n<p><span style=\"color: #333333;\"><strong>Note :<\/strong> La politique de r\u00e9duction ne s\u2019applique pas aux voitures d\u00e9j\u00e0 sous r\u00e9duction.<\/span>[\/vc_column_text][vc_btn title=\u00a0\u00bbMake reservation now\u00a0\u00bb style=\u00a0\u00bbflat\u00a0\u00bb color=\u00a0\u00bbblack\u00a0\u00bb align=\u00a0\u00bbleft\u00a0\u00bb i_icon_fontawesome=\u00a0\u00bbfas fa-calendar-alt\u00a0\u00bb add_icon=\u00a0\u00bbtrue\u00a0\u00bb link=\u00a0\u00bburl:https%3A%2F%2Fcarsandrooms.ge%2Ffr%2F|title:Make%20reservation%20now|\u00a0\u00bb][\/vc_column][vc_column width=\u00a0\u00bb1\/3&Prime; css=\u00a0\u00bb.vc_custom_1549260453379{padding-top: 100px !important;padding-bottom: 100px !important;background-image: url(https:\/\/www.wpcarrental.com\/modern\/wp-content\/uploads\/sites\/4\/2019\/02\/about-us.jpg?id=2914) !important;background-position: center !important;background-repeat: no-repeat !important;background-size: cover !important;}\u00a0\u00bb][\/vc_column][\/vc_row][vc_row css=\u00a0\u00bb.vc_custom_1549260584699{padding-top: 64px !important;padding-bottom: 64px !important;}\u00a0\u00bb][vc_column]<div class=\"fancy-title align_center\"><h2 class=\"vc_underline_title vc_title black\">R\u00e9ductions suppl\u00e9mentaires<\/h2><div class=\"vc_underline secondary_color_background\"><\/div><\/div>[vc_column_text el_class=\u00a0\u00bbalign_center\u00a0\u00bb]<strong>Note :<\/strong> La politique de r\u00e9duction ne s\u2019applique pas aux voitures d\u00e9j\u00e0 sous r\u00e9duction.[\/vc_column_text][vc_row_inner css=\u00a0\u00bb.vc_custom_1549250696928{margin-top: 64px !important;}\u00a0\u00bb][vc_column_inner width=\u00a0\u00bb1\/2&Prime;][vc_icon icon_fontawesome=\u00a0\u00bbfas fa-calendar-alt\u00a0\u00bb color=\u00a0\u00bbcustom\u00a0\u00bb size=\u00a0\u00bbxl\u00a0\u00bb align=\u00a0\u00bbcenter\u00a0\u00bb custom_color=\u00a0\u00bb#b5b7bb\u00a0\u00bb][vc_column_text el_class=\u00a0\u00bbalign_center\u00a0\u00bb]<\/p>\n<h4 class=\"secondary_color\"><strong>Louez une voiture pour dix jours et plus et obtenez un \u00e9quipement gratuitement.<\/strong><\/h4>\n<p>[\/vc_column_text][\/vc_column_inner][vc_column_inner width=\u00a0\u00bb1\/2&Prime;][vc_icon icon_fontawesome=\u00a0\u00bbfas fa-car-alt\u00a0\u00bb color=\u00a0\u00bbcustom\u00a0\u00bb size=\u00a0\u00bbxl\u00a0\u00bb align=\u00a0\u00bbcenter\u00a0\u00bb custom_color=\u00a0\u00bb#b5b7bb\u00a0\u00bb][vc_column_text el_class=\u00a0\u00bbalign_center\u00a0\u00bb]<\/p>\n<h4 class=\"secondary_color\"><strong>Louez trois voitures en m\u00eame temps et b\u00e9n\u00e9ficiez de 10 % de r\u00e9duction pour chacune.<\/strong><\/h4>\n<p>[\/vc_column_text][\/vc_column_inner][\/vc_row_inner][\/vc_column][\/vc_row]<\/p>\n<\/div>","protected":false},"excerpt":{"rendered":"<p>Titre : Politique de r\u00e9duction &#8211; Augmentez vos \u00e9conomies d\u00e8s aujourd\u2019hui avec des offres exclusives ! D\u00e9couvrez nos r\u00e9ductions in\u00e9gal\u00e9es sur une large gamme de produits.<\/p>\n","protected":false},"author":1,"featured_media":0,"parent":0,"menu_order":0,"comment_status":"closed","ping_status":"closed","template":"","meta":{"footnotes":""},"class_list":["post-4636","page","type-page","status-publish","hentry"],"_links":{"self":[{"href":"https:\/\/carsandrooms.ge\/fr\/wp-json\/wp\/v2\/pages\/4636","targetHints":{"allow":["GET"]}}],"collection":[{"href":"https:\/\/carsandrooms.ge\/fr\/wp-json\/wp\/v2\/pages"}],"about":[{"href":"https:\/\/carsandrooms.ge\/fr\/wp-json\/wp\/v2\/types\/page"}],"author":[{"embeddable":true,"href":"https:\/\/carsandrooms.ge\/fr\/wp-json\/wp\/v2\/users\/1"}],"replies":[{"embeddable":true,"href":"https:\/\/carsandrooms.ge\/fr\/wp-json\/wp\/v2\/comments?post=4636"}],"version-history":[{"count":13,"href":"https:\/\/carsandrooms.ge\/fr\/wp-json\/wp\/v2\/pages\/4636\/revisions"}],"predecessor-version":[{"id":13854,"href":"https:\/\/carsandrooms.ge\/fr\/wp-json\/wp\/v2\/pages\/4636\/revisions\/13854"}],"wp:attachment":[{"href":"https:\/\/carsandrooms.ge\/fr\/wp-json\/wp\/v2\/media?parent=4636"}],"curies":[{"name":"wp","href":"https:\/\/api.w.org\/{rel}","templated":true}]}}