{"id":4647,"date":"2017-08-19T10:15:25","date_gmt":"2017-08-19T06:15:25","guid":{"rendered":"https:\/\/carsandrooms.ge\/equipment\/"},"modified":"2025-12-10T13:41:43","modified_gmt":"2025-12-10T09:41:43","slug":"equipement","status":"publish","type":"page","link":"https:\/\/carsandrooms.ge\/fr\/equipement\/","title":{"rendered":"\u00c9quipement"},"content":{"rendered":"<div class=\"wpb-content-wrapper\"><p>[vc_row][vc_column width=\u00a0\u00bb1\/12&Prime;][\/vc_column][vc_column width=\u00a0\u00bb10\/12&Prime;][vc_row_inner][vc_column_inner width=\u00a0\u00bb1\/3&Prime;][vc_custom_heading text=\u00a0\u00bbSi\u00e8ge enfant pour b\u00e9b\u00e9\u00a0\u00bb font_container=\u00a0\u00bbtag:h3|text_align:center|color:%23f0810f\u00a0\u00bb use_theme_fonts=\u00a0\u00bbyes\u00a0\u00bb][vc_custom_heading text=\u00a0\u00bb5 $\/jour\u00a0\u00bb font_container=\u00a0\u00bbtag:h3|text_align:center|color:%234d4d4d\u00a0\u00bb use_theme_fonts=\u00a0\u00bbyes\u00a0\u00bb][vc_single_image image=\u00a0\u00bb4562&Prime; img_size=\u00a0\u00bbfull\u00a0\u00bb alignment=\u00a0\u00bbcenter\u00a0\u00bb style=\u00a0\u00bbvc_box_shadow\u00a0\u00bb][vc_column_text]<\/p>\n<p style=\"text-align: center;\">Marque\u00a0: Chicco,<br \/>\nPour les enfants de 0 \u00e0 13 kg et de 0 \u00e0 12 mois.<\/p>\n<p>[\/vc_column_text][\/vc_column_inner][vc_column_inner width=\u00a0\u00bb1\/3&Prime;][vc_custom_heading text=\u00a0\u00bbSi\u00e8ge enfant pour tout-petit\u00a0\u00bb font_container=\u00a0\u00bbtag:h3|text_align:center|color:%23f0810f\u00a0\u00bb use_theme_fonts=\u00a0\u00bbyes\u00a0\u00bb][vc_custom_heading text=\u00a0\u00bb5 $\/jour\u00a0\u00bb font_container=\u00a0\u00bbtag:h3|text_align:center|color:%234d4d4d\u00a0\u00bb use_theme_fonts=\u00a0\u00bbyes\u00a0\u00bb][vc_single_image image=\u00a0\u00bb4563&Prime; img_size=\u00a0\u00bbfull\u00a0\u00bb alignment=\u00a0\u00bbcenter\u00a0\u00bb style=\u00a0\u00bbvc_box_shadow\u00a0\u00bb][vc_column_text]<\/p>\n<p style=\"text-align: center;\">Marque\u00a0: Chicco, Pour les enfants 9-18 kg poids. De 9 mois \u00e0 4 ans.<br \/>\nMarque\u00a0: Chicco, Pour les enfants de 9 \u00e0 36 kg poids. De 9 mois \u00e0 7 ans.<\/p>\n<p>[\/vc_column_text][\/vc_column_inner][vc_column_inner width=\u00a0\u00bb1\/3&Prime;][vc_custom_heading text=\u00a0\u00bbToit\u00a0\u00bb font_container=\u00a0\u00bbtag:h3|text_align:center|color:%23f0810f\u00a0\u00bb use_theme_fonts=\u00a0\u00bbyes\u00a0\u00bb][vc_custom_heading text=\u00a0\u00bb9 $\/jour\u00a0\u00bb font_container=\u00a0\u00bbtag:h3|text_align:center|color:%234d4d4d\u00a0\u00bb use_theme_fonts=\u00a0\u00bbyes\u00a0\u00bb][vc_single_image image=\u00a0\u00bb4564&Prime; img_size=\u00a0\u00bbfull\u00a0\u00bb alignment=\u00a0\u00bbcenter\u00a0\u00bb style=\u00a0\u00bbvc_box_shadow\u00a0\u00bb][vc_column_text]<\/p>\n<p style=\"text-align: center;\">Marque : Thule.<br \/>\nDimensions\u00a0: La longueur 195 cm, la largeur 70 cm et la hauteur est de 35 cm. Capacit\u00e9s maximales 75 kg.<\/p>\n<p>[\/vc_column_text][\/vc_column_inner][\/vc_row_inner][\/vc_column][vc_column width=\u00a0\u00bb1\/12&Prime;][\/vc_column][\/vc_row][vc_row][vc_column width=\u00a0\u00bb1\/12&Prime;][\/vc_column][vc_column width=\u00a0\u00bb10\/12&Prime;][vc_row_inner][vc_column_inner width=\u00a0\u00bb1\/4&Prime;][vc_custom_heading text=\u00a0\u00bbPanier de toit\u00a0\u00bb font_container=\u00a0\u00bbtag:h3|text_align:center|color:%23f0810f\u00a0\u00bb use_theme_fonts=\u00a0\u00bbyes\u00a0\u00bb][vc_custom_heading text=\u00a0\u00bb9 $\/jour\u00a0\u00bb font_container=\u00a0\u00bbtag:h3|text_align:center|color:%234d4d4d\u00a0\u00bb use_theme_fonts=\u00a0\u00bbyes\u00a0\u00bb][vc_single_image image=\u00a0\u00bb4565&Prime; img_size=\u00a0\u00bbfull\u00a0\u00bb alignment=\u00a0\u00bbcenter\u00a0\u00bb style=\u00a0\u00bbvc_box_shadow\u00a0\u00bb][vc_column_text]<\/p>\n<p style=\"text-align: center;\">Mat\u00e9riau acier : 1,8 m de long x1,26 de large<\/p>\n<p>[\/vc_column_text][\/vc_column_inner][vc_column_inner width=\u00a0\u00bb1\/4&Prime;][vc_custom_heading text=\u00a0\u00bbPorte-skis\u00a0\u00bb font_container=\u00a0\u00bbtag:h3|text_align:center|color:%23f0810f\u00a0\u00bb use_theme_fonts=\u00a0\u00bbyes\u00a0\u00bb][vc_custom_heading text=\u00a0\u00bb8 $\/jour\u00a0\u00bb font_container=\u00a0\u00bbtag:h3|text_align:center|color:%234d4d4d\u00a0\u00bb use_theme_fonts=\u00a0\u00bbyes\u00a0\u00bb][vc_single_image image=\u00a0\u00bb4566&Prime; img_size=\u00a0\u00bbfull\u00a0\u00bb alignment=\u00a0\u00bbcenter\u00a0\u00bb style=\u00a0\u00bbvc_box_shadow\u00a0\u00bb][vc_column_text]<\/p>\n<p style=\"text-align: center;\">Marque : Thule. Pour skis ou planches \u00e0 neige de 2 \u00e0 4 paires.<\/p>\n<p>[\/vc_column_text][\/vc_column_inner][vc_column_inner width=\u00a0\u00bb1\/4&Prime;][vc_custom_heading text=\u00a0\u00bbPorte-v\u00e9los\u00a0\u00bb font_container=\u00a0\u00bbtag:h3|text_align:center|color:%23f0810f\u00a0\u00bb use_theme_fonts=\u00a0\u00bbyes\u00a0\u00bb][vc_custom_heading text=\u00a0\u00bb5 $\/jour\u00a0\u00bb font_container=\u00a0\u00bbtag:h3|text_align:center|color:%234d4d4d\u00a0\u00bb use_theme_fonts=\u00a0\u00bbyes\u00a0\u00bb][vc_single_image image=\u00a0\u00bb4571&Prime; img_size=\u00a0\u00bbfull\u00a0\u00bb alignment=\u00a0\u00bbcenter\u00a0\u00bb style=\u00a0\u00bbvc_box_shadow\u00a0\u00bb][vc_column_text]<\/p>\n<p style=\"text-align: center;\">Porte-v\u00e9los pour voitures. Capacit\u00e9 : trois v\u00e9los.<\/p>\n<p>[\/vc_column_text][\/vc_column_inner][vc_column_inner width=\u00a0\u00bb1\/4&Prime;][vc_custom_heading text=\u00a0\u00bbCha\u00eenes \u00e0 neige\u00a0\u00bb font_container=\u00a0\u00bbtag:h3|text_align:center|color:%23f0810f\u00a0\u00bb use_theme_fonts=\u00a0\u00bbyes\u00a0\u00bb][vc_custom_heading text=\u00a0\u00bb4 $\/jour\u00a0\u00bb font_container=\u00a0\u00bbtag:h3|text_align:center|color:%234d4d4d\u00a0\u00bb use_theme_fonts=\u00a0\u00bbyes\u00a0\u00bb][vc_single_image image=\u00a0\u00bb4567&Prime; img_size=\u00a0\u00bbfull\u00a0\u00bb alignment=\u00a0\u00bbcenter\u00a0\u00bb style=\u00a0\u00bbvc_box_shadow\u00a0\u00bb][vc_column_text]<\/p>\n<p style=\"text-align: center;\">Pour toutes les tailles de pneus<\/p>\n<p>[\/vc_column_text][\/vc_column_inner][\/vc_row_inner][\/vc_column][vc_column width=\u00a0\u00bb1\/12&Prime;][\/vc_column][\/vc_row][vc_row][vc_column width=\u00a0\u00bb1\/12&Prime;][\/vc_column][vc_column width=\u00a0\u00bb10\/12&Prime;][vc_row_inner][vc_column_inner width=\u00a0\u00bb1\/4&Prime;][vc_custom_heading text=\u00a0\u00bbFauteuil roulant m\u00e9dical\u00a0\u00bb font_container=\u00a0\u00bbtag:h3|text_align:center|color:%23f0810f\u00a0\u00bb use_theme_fonts=\u00a0\u00bbyes\u00a0\u00bb][vc_custom_heading text=\u00a0\u00bb15 $\/jour\u00a0\u00bb font_container=\u00a0\u00bbtag:h3|text_align:center|color:%234d4d4d\u00a0\u00bb use_theme_fonts=\u00a0\u00bbyes\u00a0\u00bb][vc_single_image image=\u00a0\u00bb4588&Prime; img_size=\u00a0\u00bbfull\u00a0\u00bb alignment=\u00a0\u00bbcenter\u00a0\u00bb style=\u00a0\u00bbvc_box_shadow\u00a0\u00bb][vc_column_text]<\/p>\n<p style=\"text-align: center;\">Marque\u00a0: Drive Medical\u00a0; Style\u00a0: Repose-pieds pivotants\u00a0; Poids maximal : 113,3 kg ;<br \/>\nDimensions de l\u2019article : Longueur : 91,44 cm\u00a0; Largeur : 60,96 cm\u00a0; Hauteur\u00a0: 106,68 \u0441m.<br \/>\nAssise\u00a0: 40, 64 cm de profondeur\u00a0; 45,72 cm de large\u00a0;<br \/>\nAccoudoir : 20,32 cm de hauteur. Poids de l\u2019article : 18 kg.<\/p>\n<p>[\/vc_column_text][\/vc_column_inner][vc_column_inner width=\u00a0\u00bb1\/4&Prime;][vc_custom_heading text=\u00a0\u00bbRemorqueur (jusqu\u2019\u00e0 2 m de long)\u00a0\u00bb font_container=\u00a0\u00bbtag:h3|text_align:center|color:%23f0810f\u00a0\u00bb use_theme_fonts=\u00a0\u00bbyes\u00a0\u00bb][vc_custom_heading text=\u00a0\u00bb2 $\/jour\u00a0\u00bb font_container=\u00a0\u00bbtag:h3|text_align:center|color:%234d4d4d\u00a0\u00bb use_theme_fonts=\u00a0\u00bbyes\u00a0\u00bb][vc_single_image image=\u00a0\u00bb4568&Prime; img_size=\u00a0\u00bbfull\u00a0\u00bb alignment=\u00a0\u00bbcenter\u00a0\u00bb style=\u00a0\u00bbvc_box_shadow\u00a0\u00bb][\/vc_column_inner][vc_column_inner width=\u00a0\u00bb1\/4&Prime;][vc_custom_heading text=\u00a0\u00bbLecteur MP3&Prime; font_container=\u00a0\u00bbtag:h3|text_align:center|color:%23f0810f\u00a0\u00bb use_theme_fonts=\u00a0\u00bbyes\u00a0\u00bb][vc_custom_heading text=\u00a0\u00bbLIBRE\u00a0\u00bb font_container=\u00a0\u00bbtag:h3|text_align:center|color:%234d4d4d\u00a0\u00bb use_theme_fonts=\u00a0\u00bbyes\u00a0\u00bb][vc_single_image image=\u00a0\u00bb4569&Prime; img_size=\u00a0\u00bbfull\u00a0\u00bb alignment=\u00a0\u00bbcenter\u00a0\u00bb style=\u00a0\u00bbvc_box_shadow\u00a0\u00bb][\/vc_column_inner][vc_column_inner width=\u00a0\u00bb1\/4&Prime;][vc_custom_heading text=\u00a0\u00bbChargeur de t\u00e9l\u00e9phone\u00a0\u00bb font_container=\u00a0\u00bbtag:h3|text_align:center|color:%23f0810f\u00a0\u00bb use_theme_fonts=\u00a0\u00bbyes\u00a0\u00bb][vc_custom_heading text=\u00a0\u00bbLIBRE\u00a0\u00bb font_container=\u00a0\u00bbtag:h3|text_align:center|color:%234d4d4d\u00a0\u00bb use_theme_fonts=\u00a0\u00bbyes\u00a0\u00bb][vc_single_image image=\u00a0\u00bb4570&Prime; img_size=\u00a0\u00bbfull\u00a0\u00bb alignment=\u00a0\u00bbcenter\u00a0\u00bb style=\u00a0\u00bbvc_box_shadow\u00a0\u00bb][\/vc_column_inner][\/vc_row_inner][\/vc_column][vc_column width=\u00a0\u00bb1\/12&Prime;][\/vc_column][\/vc_row][vc_row][vc_column][vc_empty_space height=\u00a0\u00bb64px\u00a0\u00bb][\/vc_column][\/vc_row]<\/p>\n<\/div>","protected":false},"excerpt":{"rendered":"<p>D\u00e9couvrez notre location de Navigateur GPS \u00e0 4 $\/jour. \u00c9quipez-vous pour vos trajets en toute simplicit\u00e9 et pr\u00e9cision. R\u00e9servez d\u00e8s maintenant !<\/p>\n","protected":false},"author":1,"featured_media":0,"parent":0,"menu_order":0,"comment_status":"closed","ping_status":"closed","template":"homepage.php","meta":{"footnotes":""},"class_list":["post-4647","page","type-page","status-publish","hentry"],"_links":{"self":[{"href":"https:\/\/carsandrooms.ge\/fr\/wp-json\/wp\/v2\/pages\/4647","targetHints":{"allow":["GET"]}}],"collection":[{"href":"https:\/\/carsandrooms.ge\/fr\/wp-json\/wp\/v2\/pages"}],"about":[{"href":"https:\/\/carsandrooms.ge\/fr\/wp-json\/wp\/v2\/types\/page"}],"author":[{"embeddable":true,"href":"https:\/\/carsandrooms.ge\/fr\/wp-json\/wp\/v2\/users\/1"}],"replies":[{"embeddable":true,"href":"https:\/\/carsandrooms.ge\/fr\/wp-json\/wp\/v2\/comments?post=4647"}],"version-history":[{"count":17,"href":"https:\/\/carsandrooms.ge\/fr\/wp-json\/wp\/v2\/pages\/4647\/revisions"}],"predecessor-version":[{"id":13487,"href":"https:\/\/carsandrooms.ge\/fr\/wp-json\/wp\/v2\/pages\/4647\/revisions\/13487"}],"wp:attachment":[{"href":"https:\/\/carsandrooms.ge\/fr\/wp-json\/wp\/v2\/media?parent=4647"}],"curies":[{"name":"wp","href":"https:\/\/api.w.org\/{rel}","templated":true}]}}