{"id":4655,"date":"2022-01-29T21:28:22","date_gmt":"2022-01-29T17:28:22","guid":{"rendered":"https:\/\/carsandrooms.ge\/chauffeur-service\/"},"modified":"2026-01-25T20:58:14","modified_gmt":"2026-01-25T16:58:14","slug":"chauffeur-personnel","status":"publish","type":"page","link":"https:\/\/carsandrooms.ge\/fr\/chauffeur-personnel\/","title":{"rendered":"Chauffeur Service"},"content":{"rendered":"<div class=\"wpb-content-wrapper\"><p>[vc_row][vc_column width=\u00a0\u00bb1\/12&Prime;][\/vc_column][vc_column width=\u00a0\u00bb10\/12&Prime;][vc_empty_space][vc_custom_heading text=\u00a0\u00bbService de chauffeur \u00e0 Tbilissi pour toutes les occasions\u00a0\u00bb font_container=\u00a0\u00bbtag:h2|text_align:center\u00a0\u00bb use_theme_fonts=\u00a0\u00bbyes\u00a0\u00bb][vc_empty_space][vc_column_text]Notre entreprise est le principal service de chauffeur \u00e0 Tbilissi, en G\u00e9orgie. Nous avons une longue et digne de confiance d\u2019histoire. Notre client\u00e8le est toujours satisfait de notre service. Pour plus d\u2019informations sur notre exp\u00e9rience avec nos clients, veuillez consulter les avis.<\/p>\n<p>Notre entreprise GikoTravel LTD est fi\u00e8re de son travail et vise \u00e0 fournir un service de la plus haute qualit\u00e9 \u00e0 nos clients. Nous garantissons que les lecteurs respecteront votre vie priv\u00e9e et votre confidentialit\u00e9. Nos chauffeurs sont des professionnels et des conducteurs exp\u00e9riment\u00e9s. Ils sont toujours pr\u00eats \u00e0 rendre votre voyage agr\u00e9able. Nous proposons une conduite s\u00fbre conform\u00e9ment aux r\u00e9glementations de la circulation de G\u00e9orgie. Nos chauffeurs sont toujours les bienvenus pour aider nos clients avec les bagages.<\/p>\n<p>Notre soci\u00e9t\u00e9 GikoTravel LTD propose des transferts exclusifs avec des voitures professionnelles, de luxe, de type fourgonnette ou SUV dans n\u2019importe quel territoire de G\u00e9orgie, Arm\u00e9nie et Azerba\u00efdjan. Le prix du service d\u00e9pend de la distance depuis notre bureau et inclut le co\u00fbt du carburant ainsi que le service de chauffeur. Les prix fixes ne s\u2019appliquent pas si le client demande un itin\u00e9raire ou un nombre de voitures diff\u00e9rent. Dans ce cas, ils doivent nous contacter par <a href=\"mailto:carsandrooms@gmail.com\">e-mail carsandrooms@gmail.com<\/a> et discuter directement des prix suppl\u00e9mentaires avec le repr\u00e9sentant de l\u2019entreprise.[\/vc_column_text][vc_empty_space][vc_custom_heading text=\u00a0\u00bbLISTE DES PRIX\u00a0\u00bb font_container=\u00a0\u00bbtag:h4|text_align:center|color:%23595959&Prime; use_theme_fonts=\u00a0\u00bbyes\u00a0\u00bb][vc_row_inner][vc_column_inner width=\u00a0\u00bb1\/6&Prime;][\/vc_column_inner][vc_column_inner width=\u00a0\u00bb2\/3&Prime;][vc_raw_html]PHN0eWxlIHR5cGU9InRleHQvY3NzIj4udGcgIHtib3JkZXItY29sbGFwc2U6Y29sbGFwc2U7Ym9yZGVyLWNvbG9yOiNjY2M7Ym9yZGVyLXNwYWNpbmc6MDt9Ci50ZyB0ZHtiYWNrZ3JvdW5kLWNvbG9yOiNmZmY7Ym9yZGVyLWNvbG9yOiNjY2M7Ym9yZGVyLXN0eWxlOnNvbGlkO2JvcmRlci13aWR0aDoxcHg7Y29sb3I6IzMzMzsKICBmb250LWZhbWlseTpBcmlhbCwgc2Fucy1zZXJpZjtmb250LXNpemU6MTRweDtvdmVyZmxvdzpoaWRkZW47cGFkZGluZzoxMHB4IDIwcHg7d29yZC1icmVhazpub3JtYWw7fQoudGcgdGh7YmFja2dyb3VuZC1jb2xvcjojZjBmMGYwO2JvcmRlci1jb2xvcjojY2NjO2JvcmRlci1zdHlsZTpzb2xpZDtib3JkZXItd2lkdGg6MXB4O2NvbG9yOiMzMzM7CiAgZm9udC1mYW1pbHk6QXJpYWwsIHNhbnMtc2VyaWY7Zm9udC1zaXplOjE0cHg7Zm9udC13ZWlnaHQ6bm9ybWFsO292ZXJmbG93OmhpZGRlbjtwYWRkaW5nOjEwcHggMjBweDt3b3JkLWJyZWFrOm5vcm1hbDt9Ci50ZyAudGctZGpxY3tiYWNrZ3JvdW5kLWNvbG9yOiNGRkY7Y29sb3I6IzAwMDAwMDt0ZXh0LWFsaWduOmNlbnRlcjt2ZXJ0aWNhbC1hbGlnbjp0b3B9Ci50ZyAudGctdjB6eXtiYWNrZ3JvdW5kLWNvbG9yOiNlZmVmZWY7Y29sb3I6IzAwMDAwMDtmb250LXdlaWdodDpib2xkO3RleHQtYWxpZ246Y2VudGVyO3ZlcnRpY2FsLWFsaWduOnRvcH0KLnRnIC50Zy1mOHR4e2NvbG9yOiMwMDAwMDA7dGV4dC1hbGlnbjpjZW50ZXI7dmVydGljYWwtYWxpZ246dG9wfQoudGcgLnRnLTFweWV7Y29sb3I6IzAwMDAwMDtmb250LXdlaWdodDpib2xkO3RleHQtYWxpZ246Y2VudGVyO3ZlcnRpY2FsLWFsaWduOnRvcH0KPC9zdHlsZT48dGFibGUgY2xhc3M9InRnIj48dGhlYWQ+PHRyPjx0aCBjbGFzcz0idGctMXB5ZSI+IzwvdGg+PHRoIGNsYXNzPSJ0Zy0xcHllIj5Gcm9tPC90aD48dGggY2xhc3M9InRnLTFweWUiPlRvPC90aD48dGggY2xhc3M9InRnLTFweWUiPkRpc3RhbmNlIChrbSk8L3RoPjx0aCBjbGFzcz0idGctMXB5ZSI+VGltZSAobWluLik8L3RoPjx0aCBjbGFzcz0idGctdjB6eSI+UHJpY2UgKEV1cm9zKTwvdGg+PC90cj48L3RoZWFkPjx0Ym9keT48dHI+PHRkIGNsYXNzPSJ0Zy1mOHR4Ij4xPC90ZD48dGQgY2xhc3M9InRnLWY4dHgiPlRiaWxpc2kgSW50ZXJuYXRpb25hbCBBaXJwb3J0IChUQlMpPC90ZD48dGQgY2xhc3M9InRnLWY4dHgiPkNlbnRyZSBvZiBjYXBpdGFsIGNpdHkgVGJpbGlzaTwvdGQ+PHRkIGNsYXNzPSJ0Zy1mOHR4Ij4yNSAtIDMwPC90ZD48dGQgY2xhc3M9InRnLWY4dHgiPjMwIC0gMzU8L3RkPjx0ZCBjbGFzcz0idGctZjh0eCI+NTAgLSAxMDA8L3RkPjwvdHI+PHRyPjx0ZCBjbGFzcz0idGctZjh0eCI+MjwvdGQ+PHRkIGNsYXNzPSJ0Zy1mOHR4Ij5UYmlsaXNpIEludGVybmF0aW9uYWwgQWlycG9ydCAoVEJTKTwvdGQ+PHRkIGNsYXNzPSJ0Zy1mOHR4Ij5TdWJ1cmIgb2YgY2FwaXRhbCBjaXR5IFRiaWxpc2k8L3RkPjx0ZCBjbGFzcz0idGctZjh0eCI+NDAgLSA1MDwvdGQ+PHRkIGNsYXNzPSJ0Zy1mOHR4Ij40NSAtIDU1PC90ZD48dGQgY2xhc3M9InRnLWY4dHgiPjU1IC0gMTA1PC90ZD48L3RyPjx0cj48dGQgY2xhc3M9InRnLWY4dHgiPjM8L3RkPjx0ZCBjbGFzcz0idGctZjh0eCI+VGJpbGlzaS9UYmlsaXNpIEludGVybmF0aW9uYWwgQWlycG9ydCAoVEJTKTwvdGQ+PHRkIGNsYXNzPSJ0Zy1mOHR4Ij5DaXR5IEt1dGFpc2k8L3RkPjx0ZCBjbGFzcz0idGctZjh0eCI+MjIwIC0gMjUwPC90ZD48dGQgY2xhc3M9InRnLWY4dHgiPjM6MzAgLSAzOjQwPC90ZD48dGQgY2xhc3M9InRnLWY4dHgiPjIyNSAtIDI3NTwvdGQ+PC90cj48dHI+PHRkIGNsYXNzPSJ0Zy1mOHR4Ij40PC90ZD48dGQgY2xhc3M9InRnLWY4dHgiPlRiaWxpc2kvVGJpbGlzaSBJbnRlcm5hdGlvbmFsIEFpcnBvcnQgKFRCUyk8L3RkPjx0ZCBjbGFzcz0idGctZjh0eCI+Q2l0eSBCb3Jqb21pPC90ZD48dGQgY2xhc3M9InRnLWY4dHgiPjE4NSAtIDE5MDwvdGQ+PHRkIGNsYXNzPSJ0Zy1mOHR4Ij4yOjI1IC0gMjozNTwvdGQ+PHRkIGNsYXNzPSJ0Zy1mOHR4Ij4xOTAgLSAyNDA8L3RkPjwvdHI+PHRyPjx0ZCBjbGFzcz0idGctZjh0eCI+NTwvdGQ+PHRkIGNsYXNzPSJ0Zy1mOHR4Ij5UYmlsaXNpL1RiaWxpc2kgSW50ZXJuYXRpb25hbCBBaXJwb3J0IChUQlMpPC90ZD48dGQgY2xhc3M9InRnLWY4dHgiPkNpdHkgTWVzdGlhPC90ZD48dGQgY2xhc3M9InRnLWY4dHgiPjQ4NSAtIDUwMDwvdGQ+PHRkIGNsYXNzPSJ0Zy1mOHR4Ij43OjUwIC0gODowMDwvdGQ+PHRkIGNsYXNzPSJ0Zy1mOHR4Ij4zNTUgLSA0MDU8L3RkPjwvdHI+PHRyPjx0ZCBjbGFzcz0idGctZjh0eCI+NjwvdGQ+PHRkIGNsYXNzPSJ0Zy1mOHR4Ij5UYmlsaXNpL1RiaWxpc2kgSW50ZXJuYXRpb25hbCBBaXJwb3J0IChUQlMpPC90ZD48dGQgY2xhc3M9InRnLWY4dHgiPkNpdHkgQmF0dW1pPC90ZD48dGQgY2xhc3M9InRnLWY4dHgiPjQwMCAtIDQxMDwvdGQ+PHRkIGNsYXNzPSJ0Zy1mOHR4Ij42OjAwIC0gNjoxNTwvdGQ+PHRkIGNsYXNzPSJ0Zy1mOHR4Ij4yNzAgLSAzMjA8L3RkPjwvdHI+PHRyPjx0ZCBjbGFzcz0idGctZjh0eCI+NzwvdGQ+PHRkIGNsYXNzPSJ0Zy1mOHR4Ij5UYmlsaXNpL1RiaWxpc2kgSW50ZXJuYXRpb25hbCBBaXJwb3J0IChUQlMpPC90ZD48dGQgY2xhc3M9InRnLWY4dHgiPkNpdHkgU2lnbmFnaTwvdGQ+PHRkIGNsYXNzPSJ0Zy1mOHR4Ij4xMDAgLSAxMTA8L3RkPjx0ZCBjbGFzcz0idGctZjh0eCI+MTozNSAtIDE6NDU8L3RkPjx0ZCBjbGFzcz0idGctZjh0eCI+MTc1IC0gMjI1PC90ZD48L3RyPjx0cj48dGQgY2xhc3M9InRnLWY4dHgiPjg8L3RkPjx0ZCBjbGFzcz0idGctZjh0eCI+VGJpbGlzaS9UYmlsaXNpIEludGVybmF0aW9uYWwgQWlycG9ydCAoVEJTKTwvdGQ+PHRkIGNsYXNzPSJ0Zy1mOHR4Ij5DaXR5IEt2YXJlbGk8L3RkPjx0ZCBjbGFzcz0idGctZjh0eCI+MTMwIC0gMTQwPC90ZD48dGQgY2xhc3M9InRnLWY4dHgiPjI6MDAgLSAyOjEwPC90ZD48dGQgY2xhc3M9InRnLWY4dHgiPjE5MCAtIDI0MDwvdGQ+PC90cj48dHI+PHRkIGNsYXNzPSJ0Zy1mOHR4Ij45PC90ZD48dGQgY2xhc3M9InRnLWY4dHgiPlRiaWxpc2kvVGJpbGlzaSBJbnRlcm5hdGlvbmFsIEFpcnBvcnQgKFRCUyk8L3RkPjx0ZCBjbGFzcz0idGctZGpxYyI+Q2l0eSBLYXpiZWdpPC90ZD48dGQgY2xhc3M9InRnLWY4dHgiPjE4MCAtIDE5MDwvdGQ+PHRkIGNsYXNzPSJ0Zy1mOHR4Ij4zOjAwIC0gMzoxNTwvdGQ+PHRkIGNsYXNzPSJ0Zy1mOHR4Ij4xODUgLSAyMzU8L3RkPjwvdHI+PC90Ym9keT48L3RhYmxlPg==[\/vc_raw_html][\/vc_column_inner][vc_column_inner width=\u00a0\u00bb1\/6&Prime;][\/vc_column_inner][\/vc_row_inner][vc_empty_space][vc_column_text]C\u2019est le meilleur moyen d\u2019atteindre votre destination souhait\u00e9e avec un chauffeur priv\u00e9. Nous sommes la premi\u00e8re entreprise en G\u00e9orgie \u00e0 avoir cr\u00e9\u00e9 Chauffeur Service. Nous proposons \u00e0 nos clients des chauffeurs personnels plus abordables et confortables que les taxi. Nous avons des visites pr\u00e9programm\u00e9es mais nous sommes aussi flexibles pour r\u00e9pondre \u00e0 vos demandes.<\/p>\n<p>Giko Travel propose un transport depuis\/vers les a\u00e9roports en G\u00e9orgie sans retards inutiles. Nous ne demandons aucun frais suppl\u00e9mentaire comme le stationnement ou le lavage de voitures. Nous offrons un service de haute qualit\u00e9 \u00e0 nos clients et des conseils g\u00e9n\u00e9raux, en particulier pour les visiteurs pour la premi\u00e8re fois.<\/p>\n<p>Notre flotte comprend de nouveaux mod\u00e8les de Mercedes-Benz S-Class, Toyota Land-Cruiser Prado ; pour les groupes plus grands nous proposons des Mercedes-Benz Sprinter (VAN).<br \/>Nous proposons des services pour toutes les occasions : r\u00e9unions d\u2019affaires, prises en charge \u00e0 l\u2019a\u00e9roport, f\u00eates, \u00e9v\u00e9nements, etc.<br \/>Choisissez notre service et profitez de vos voyages sans vous battre pour l\u2019arriv\u00e9e.<\/p>\n<p>Installez-vous, d\u00e9tendez-vous et profitez du voyage.<br \/>Choisissez s\u00e9curit\u00e9 et confort \u2013 choisissez Giko Travel.<br \/>Notre \u00e9quipe de service client est disponible 24h\/24 et 7j\/7.<br \/>R\u00e9servez facilement par email ou t\u00e9l\u00e9phone.<\/p>\n<p>Commandez un service de chauffeur avec GikoTravel et obtenez le meilleur service pour votre voyage, votre entreprise ou toute autre occasion.<br \/>Giko Travel est le meilleur service de chauffeur \u00e0 Tbilissi.[\/vc_column_text][vc_empty_space height=\u00a0\u00bb64px\u00a0\u00bb][\/vc_column][vc_column width=\u00a0\u00bb1\/12&Prime;][\/vc_column][\/vc_row]<\/p>\n<\/div>","protected":false},"excerpt":{"rendered":"<p>D\u00e9couvrez notre meilleur service de chauffeur \u00e0 Tbilissi pour toutes les occasions &#8211; r\u00e9servez d\u00e8s maintenant pour un transport professionnel !<\/p>\n","protected":false},"author":1,"featured_media":0,"parent":0,"menu_order":0,"comment_status":"closed","ping_status":"closed","template":"homepage.php","meta":{"footnotes":""},"class_list":["post-4655","page","type-page","status-publish","hentry"],"_links":{"self":[{"href":"https:\/\/carsandrooms.ge\/fr\/wp-json\/wp\/v2\/pages\/4655","targetHints":{"allow":["GET"]}}],"collection":[{"href":"https:\/\/carsandrooms.ge\/fr\/wp-json\/wp\/v2\/pages"}],"about":[{"href":"https:\/\/carsandrooms.ge\/fr\/wp-json\/wp\/v2\/types\/page"}],"author":[{"embeddable":true,"href":"https:\/\/carsandrooms.ge\/fr\/wp-json\/wp\/v2\/users\/1"}],"replies":[{"embeddable":true,"href":"https:\/\/carsandrooms.ge\/fr\/wp-json\/wp\/v2\/comments?post=4655"}],"version-history":[{"count":3,"href":"https:\/\/carsandrooms.ge\/fr\/wp-json\/wp\/v2\/pages\/4655\/revisions"}],"predecessor-version":[{"id":13844,"href":"https:\/\/carsandrooms.ge\/fr\/wp-json\/wp\/v2\/pages\/4655\/revisions\/13844"}],"wp:attachment":[{"href":"https:\/\/carsandrooms.ge\/fr\/wp-json\/wp\/v2\/media?parent=4655"}],"curies":[{"name":"wp","href":"https:\/\/api.w.org\/{rel}","templated":true}]}}