{"id":4766,"date":"2022-03-13T17:57:22","date_gmt":"2022-03-13T13:57:22","guid":{"rendered":"https:\/\/carsandrooms.ge\/rent-a-car-for-trip-in-armenia\/"},"modified":"2026-01-25T20:59:49","modified_gmt":"2026-01-25T16:59:49","slug":"voitures-pour-voyager-en-armenie","status":"publish","type":"page","link":"https:\/\/carsandrooms.ge\/fr\/voitures-pour-voyager-en-armenie\/","title":{"rendered":"Louez une voiture pour un voyage en Arm\u00e9nie"},"content":{"rendered":"<div class=\"wpb-content-wrapper\"><p>[vc_row full_width=\u00a0\u00bbstretch_row\u00a0\u00bb full_height=\u00a0\u00bbyes\u00a0\u00bb css=\u00a0\u00bb.vc_custom_1646198366366{background-color: #f9f9f9 !important;background-position: 0 0 !important;background-repeat: repeat !important;}\u00a0\u00bb][vc_column][vc_row_inner][vc_column_inner width=\u00a0\u00bb1\/3&Prime;][vc_btn title=\u00a0\u00bbANN\u00c9E DE PRODUCTION : 2009-2013&Prime; style=\u00a0\u00bboutline\u00a0\u00bb shape=\u00a0\u00bbsquare\u00a0\u00bb color=\u00a0\u00bbwarning\u00a0\u00bb align=\u00a0\u00bbcenter\u00a0\u00bb i_align=\u00a0\u00bbright\u00a0\u00bb i_icon_fontawesome=\u00a0\u00bb\u00a0\u00bb css=\u00a0\u00bb\u00a0\u00bb add_icon=\u00a0\u00bbtrue\u00a0\u00bb link=\u00a0\u00bburl:https%3A%2F%2Fcarsandrooms.ge%2Ffr%2F2004-2009%2F|\u00a0\u00bb][\/vc_column_inner][vc_column_inner width=\u00a0\u00bb1\/3&Prime;][vc_btn title=\u00a0\u00bbANN\u00c9E DE PRODUCTION : 2014-2017&Prime; style=\u00a0\u00bboutline\u00a0\u00bb shape=\u00a0\u00bbsquare\u00a0\u00bb color=\u00a0\u00bbdanger\u00a0\u00bb align=\u00a0\u00bbcenter\u00a0\u00bb i_align=\u00a0\u00bbright\u00a0\u00bb i_icon_fontawesome=\u00a0\u00bb\u00a0\u00bb css=\u00a0\u00bb\u00a0\u00bb add_icon=\u00a0\u00bbtrue\u00a0\u00bb link=\u00a0\u00bburl:https%3A%2F%2Fcarsandrooms.ge%2Ffr%2F2010-2015%2F|\u00a0\u00bb][\/vc_column_inner][vc_column_inner width=\u00a0\u00bb1\/3&Prime;][vc_btn title=\u00a0\u00bbANN\u00c9E DE PRODUCTION : 2018-2025&Prime; style=\u00a0\u00bboutline\u00a0\u00bb shape=\u00a0\u00bbsquare\u00a0\u00bb color=\u00a0\u00bbprimary\u00a0\u00bb align=\u00a0\u00bbcenter\u00a0\u00bb i_align=\u00a0\u00bbright\u00a0\u00bb i_icon_fontawesome=\u00a0\u00bb\u00a0\u00bb css=\u00a0\u00bb\u00a0\u00bb add_icon=\u00a0\u00bbtrue\u00a0\u00bb link=\u00a0\u00bburl:https%3A%2F%2Fcarsandrooms.ge%2Ffr%2F2016-2022%2F|\u00a0\u00bb][\/vc_column_inner][\/vc_row_inner][vc_empty_space][vc_column_text][\/vc_column_text][vc_empty_space][\/vc_column][\/vc_row]<\/p>\n<\/div>","protected":false},"excerpt":{"rendered":"<p>Louez une voiture pour votre voyage en Arm\u00e9nie &#8211; Explorez facilement, \u00e0 des tarifs abordables et avec des v\u00e9hicules de qualit\u00e9. R\u00e9servez d\u00e8s maintenant pour un voyage m\u00e9morable !<\/p>\n","protected":false},"author":1,"featured_media":0,"parent":0,"menu_order":0,"comment_status":"closed","ping_status":"closed","template":"homepage.php","meta":{"footnotes":""},"class_list":["post-4766","page","type-page","status-publish","hentry"],"_links":{"self":[{"href":"https:\/\/carsandrooms.ge\/fr\/wp-json\/wp\/v2\/pages\/4766","targetHints":{"allow":["GET"]}}],"collection":[{"href":"https:\/\/carsandrooms.ge\/fr\/wp-json\/wp\/v2\/pages"}],"about":[{"href":"https:\/\/carsandrooms.ge\/fr\/wp-json\/wp\/v2\/types\/page"}],"author":[{"embeddable":true,"href":"https:\/\/carsandrooms.ge\/fr\/wp-json\/wp\/v2\/users\/1"}],"replies":[{"embeddable":true,"href":"https:\/\/carsandrooms.ge\/fr\/wp-json\/wp\/v2\/comments?post=4766"}],"version-history":[{"count":11,"href":"https:\/\/carsandrooms.ge\/fr\/wp-json\/wp\/v2\/pages\/4766\/revisions"}],"predecessor-version":[{"id":14085,"href":"https:\/\/carsandrooms.ge\/fr\/wp-json\/wp\/v2\/pages\/4766\/revisions\/14085"}],"wp:attachment":[{"href":"https:\/\/carsandrooms.ge\/fr\/wp-json\/wp\/v2\/media?parent=4766"}],"curies":[{"name":"wp","href":"https:\/\/api.w.org\/{rel}","templated":true}]}}