{"id":9708,"date":"2022-04-08T18:11:57","date_gmt":"2022-04-08T14:11:57","guid":{"rendered":"https:\/\/carsandrooms.ge\/tours\/"},"modified":"2025-10-26T10:48:52","modified_gmt":"2025-10-26T06:48:52","slug":"tours","status":"publish","type":"page","link":"https:\/\/carsandrooms.ge\/fr\/tours\/","title":{"rendered":"Visites"},"content":{"rendered":"<div class=\"wpb-content-wrapper\"><p>[vc_row css=\u00a0\u00bb.vc_custom_1756120246672{margin-bottom: 66px !important;}\u00a0\u00bb][vc_column][vc_basic_grid post_type=\u00a0\u00bbpost\u00a0\u00bb max_items=\u00a0\u00bb24&Prime; element_width=\u00a0\u00bb3&Prime; item=\u00a0\u00bb11141&Prime; css=\u00a0\u00bb.vc_custom_1761461327603{padding-right: 2% !important;padding-left: 2% !important;}\u00a0\u00bb grid_id=\u00a0\u00bbvc_gid:1761461319649-54893caa-79e6-10&Prime; taxonomies=\u00a0\u00bb1&Prime;][\/vc_column][\/vc_row]<\/p>\n<\/div>","protected":false},"excerpt":{"rendered":"<p>D\u00e9couvrez nos visites guid\u00e9es exclusives pour explorer la ville en profondeur. R\u00e9servation en ligne rapide et s\u00e9curis\u00e9e. R\u00e9servez d\u00e8s maintenant!<\/p>\n","protected":false},"author":1,"featured_media":10427,"parent":0,"menu_order":0,"comment_status":"closed","ping_status":"closed","template":"","meta":{"footnotes":""},"class_list":["post-9708","page","type-page","status-publish","has-post-thumbnail","hentry"],"_links":{"self":[{"href":"https:\/\/carsandrooms.ge\/fr\/wp-json\/wp\/v2\/pages\/9708","targetHints":{"allow":["GET"]}}],"collection":[{"href":"https:\/\/carsandrooms.ge\/fr\/wp-json\/wp\/v2\/pages"}],"about":[{"href":"https:\/\/carsandrooms.ge\/fr\/wp-json\/wp\/v2\/types\/page"}],"author":[{"embeddable":true,"href":"https:\/\/carsandrooms.ge\/fr\/wp-json\/wp\/v2\/users\/1"}],"replies":[{"embeddable":true,"href":"https:\/\/carsandrooms.ge\/fr\/wp-json\/wp\/v2\/comments?post=9708"}],"version-history":[{"count":18,"href":"https:\/\/carsandrooms.ge\/fr\/wp-json\/wp\/v2\/pages\/9708\/revisions"}],"predecessor-version":[{"id":13394,"href":"https:\/\/carsandrooms.ge\/fr\/wp-json\/wp\/v2\/pages\/9708\/revisions\/13394"}],"wp:featuredmedia":[{"embeddable":true,"href":"https:\/\/carsandrooms.ge\/fr\/wp-json\/wp\/v2\/media\/10427"}],"wp:attachment":[{"href":"https:\/\/carsandrooms.ge\/fr\/wp-json\/wp\/v2\/media?parent=9708"}],"curies":[{"name":"wp","href":"https:\/\/api.w.org\/{rel}","templated":true}]}}