{"id":11250,"date":"2025-06-11T14:52:42","date_gmt":"2025-06-11T10:52:42","guid":{"rendered":"https:\/\/carsandrooms.ge\/nasze-lokalizacje\/"},"modified":"2026-01-25T21:04:33","modified_gmt":"2026-01-25T17:04:33","slug":"nasze-lokalizacje","status":"publish","type":"page","link":"https:\/\/carsandrooms.ge\/pl\/nasze-lokalizacje\/","title":{"rendered":"Nasze lokalizacje"},"content":{"rendered":"<div class=\"wpb-content-wrapper\"><p>[vc_row full_width=&#8221;stretch_row&#8221; css=&#8221;.vc_custom_1750001666931{margin-top: 0px !important;padding-top: 88px !important;padding-bottom: 88px !important;background-image: url(https:\/\/carsandrooms.ge\/wp-content\/uploads\/2025\/06\/cabecera-11137.jpg?id=11872) !important;}&#8221; el_class=&#8221;cabecera&#8221;][vc_column offset=&#8221;vc_col-lg-offset-1 vc_col-lg-10&#8243;][vc_column_text css=&#8221;&#8221;]<\/p>\n<h2>Wynajem samochodu z dostaw\u0105 do dowolnej lokalizacji w Georgii<\/h2>\n<p>Odkryj wygod\u0119 naszej us\u0142ugi wynajmu samochod\u00f3w z dostaw\u0105 do dowolnego miejsca w Georgii. Niezale\u017cnie od tego, czy przyje\u017cd\u017casz na lotnisko, zatrzymujesz si\u0119 w hotelu, czy potrzebujesz dostarczenia samochodu do domu lub firmy, dostarczamy pojazd bezpo\u015brednio do Ciebie. Odkryj nasz\u0105 szerok\u0105 gam\u0119 punkt\u00f3w odbioru i oddania w ca\u0142ym kraju oraz ciesz si\u0119 p\u0142ynnym wynajmem z Cars &amp; Rooms.[\/vc_column_text][\/vc_column][\/vc_row][vc_row][vc_column][vc_basic_grid post_type=&#8221;car_rental_location&#8221; max_items=&#8221;16&#8243; element_width=&#8221;3&#8243; item=&#8221;11141&#8243; css=&#8221;&#8221; grid_id=&#8221;vc_gid:1750001574538-1628b3a6-1f23-2&#8243;][\/vc_column][\/vc_row]<\/p>\n<\/div>","protected":false},"excerpt":{"rendered":"<p>Odkryj nasze r\u00f3\u017cnorodne lokalizacje. Odkryj nasz\u0105 sie\u0107 oddzia\u0142\u00f3w, aby uzyska\u0107 wygodne i niezawodne us\u0142ugi. Zaplanuj swoj\u0105 wizyt\u0119 ju\u017c dzi\u015b!<\/p>\n","protected":false},"author":7,"featured_media":11236,"parent":0,"menu_order":0,"comment_status":"closed","ping_status":"closed","template":"","meta":{"footnotes":""},"class_list":["post-11250","page","type-page","status-publish","has-post-thumbnail","hentry"],"_links":{"self":[{"href":"https:\/\/carsandrooms.ge\/pl\/wp-json\/wp\/v2\/pages\/11250","targetHints":{"allow":["GET"]}}],"collection":[{"href":"https:\/\/carsandrooms.ge\/pl\/wp-json\/wp\/v2\/pages"}],"about":[{"href":"https:\/\/carsandrooms.ge\/pl\/wp-json\/wp\/v2\/types\/page"}],"author":[{"embeddable":true,"href":"https:\/\/carsandrooms.ge\/pl\/wp-json\/wp\/v2\/users\/7"}],"replies":[{"embeddable":true,"href":"https:\/\/carsandrooms.ge\/pl\/wp-json\/wp\/v2\/comments?post=11250"}],"version-history":[{"count":21,"href":"https:\/\/carsandrooms.ge\/pl\/wp-json\/wp\/v2\/pages\/11250\/revisions"}],"predecessor-version":[{"id":14235,"href":"https:\/\/carsandrooms.ge\/pl\/wp-json\/wp\/v2\/pages\/11250\/revisions\/14235"}],"wp:featuredmedia":[{"embeddable":true,"href":"https:\/\/carsandrooms.ge\/pl\/wp-json\/wp\/v2\/media\/11236"}],"wp:attachment":[{"href":"https:\/\/carsandrooms.ge\/pl\/wp-json\/wp\/v2\/media?parent=11250"}],"curies":[{"name":"wp","href":"https:\/\/api.w.org\/{rel}","templated":true}]}}