{"id":5361,"date":"2017-08-15T08:11:52","date_gmt":"2017-08-15T04:11:52","guid":{"rendered":"https:\/\/carsandrooms.ge\/booking-process\/"},"modified":"2025-10-16T16:11:55","modified_gmt":"2025-10-16T12:11:55","slug":"booking-process","status":"publish","type":"page","link":"https:\/\/carsandrooms.ge\/pl\/booking-process\/","title":{"rendered":"Proces rezerwacji"},"content":{"rendered":"<div class=\"wpb-content-wrapper\"><p>[vc_row][vc_column]<div id=\"search725864\">\t<div class=\"row search_form_row step1 list\" id=\"search_form\">\r\n\t\t<form id=\"formElem\" name=\"formElem\" action=\"https:\/\/carsandrooms.ge\/pl\/booking-process\/\" method=\"post\">\r\n\t\t\t<div class=\"col-xs-12 col-md-10\">\r\n\t\t\t\t<div class=\"row\">\r\n\t\t\t\t\t<div class=\"col-xs-12 col-sm-6\">\r\n\t\t\t\t\t\t<span class=\"form_title\">Miejscu odbioru (Informacja)<\/span>\r\n\t\t\t\t\t\t\t\t\t\t\t\t\t\t\t\t\t\t\t\t\t<select name=\"pickup_location_id\" class=\"form-control pickup-location home-select\">\r\n\t\t\t\t\t\t\t\t\t<option value=\"0\" selected=\"selected\">Miasto i lokalizacja odbioru:<\/option><option value=\"4\">1. Wsz\u0119dzie w mie\u015bcie Tbilisi<\/option><option value=\"3\">2. Parking przy biurze w Tbilisi - 123, A. Tsereteli Ave.<\/option><option value=\"2\">3. Mi\u0119dzynarodowe lotnisko Tbilisi (TBS)<\/option><option value=\"1\">4. Mi\u0119dzynarodowe lotnisko Kutaisi (KUT)<\/option><option value=\"5\">5. Wsz\u0119dzie w mie\u015bcie Kutaisi<\/option><option value=\"11\">6. Wsz\u0119dzie w mie\u015bcie Telavi<\/option><option value=\"12\">7. Wsz\u0119dzie w Kazbegi (Stepantsminda)<\/option><option value=\"6\">8. Mi\u0119dzynarodowe lotnisko w Batumi (BUS)<\/option><option value=\"7\">9. Wsz\u0119dzie w mie\u015bcie Batumi<\/option><option value=\"13\">10. Wsz\u0119dzie w mie\u015bcie Kobuleti<\/option><option value=\"8\">11. Lotnisko w Natakhtari<\/option><option value=\"14\">12. Wsz\u0119dzie w mie\u015bcie Borjomi<\/option><option value=\"9\">13. Lotnisko w Mestii<\/option><option value=\"10\">14. Lotnisko w Ambrolauri<\/option>\t\t\t\t\t\t\t\t<\/select>\r\n\t\t\t\t\t\t\t\t\t\t\t\t\t\t\t\t\t\t\t\t\t\t\t\t\t\t<div class=\"row\">\r\n\t\t\t\t\t\t\t\t<div class=\"col-xs-7 col-sm-8 date top_margin\">\r\n\t\t\t\t\t\t\t\t\t\t\t\t\t\t\t\t\t\t\t<input type=\"text\" name=\"pickup_date\"\r\n\t\t\t\t\t\t\t\t\t\t\t   value=\"Data:\"\r\n\t\t\t\t\t\t\t\t\t\t\t   placeholder=\"Data:\"\r\n\t\t\t\t\t\t\t\t\t\t\t   class=\"pickup-date\"\r\n\t\t\t\t\t\t\t\t\t\t\t   readonly=\"readonly\" AUTOCOMPLETE=\"off\"\/>\r\n\t\t\t\t\t\t\t\t\t\t\t\t\t\t\t\t\t<\/div>\r\n\t\t\t\t\t\t\t\t<div class=\"col-xs-5 col-sm-4 time top_margin\">\r\n\t\t\t\t\t\t\t\t\t\t\t\t\t\t\t\t\t\t\t<select class=\"hidden\" id=\"pickup_time_select\">\r\n\t\t\t\t\t\t\t\t\t\t\t<option value=\"00:00:00\">Midnight<\/option><option value=\"00:30:00\">00:30<\/option><option value=\"01:00:00\">01:00<\/option><option value=\"01:30:00\">01:30<\/option><option value=\"02:00:00\">02:00<\/option><option value=\"02:30:00\">02:30<\/option><option value=\"03:00:00\">03:00<\/option><option value=\"03:30:00\">03:30<\/option><option value=\"04:00:00\">04:00<\/option><option value=\"04:30:00\">04:30<\/option><option value=\"05:00:00\">05:00<\/option><option value=\"05:30:00\">05:30<\/option><option value=\"06:00:00\">06:00<\/option><option value=\"06:30:00\">06:30<\/option><option value=\"07:00:00\">07:00<\/option><option value=\"07:30:00\">07:30<\/option><option value=\"08:00:00\">08:00<\/option><option value=\"08:30:00\">08:30<\/option><option value=\"09:00:00\">09:00<\/option><option value=\"09:30:00\">09:30<\/option><option value=\"10:00:00\">10:00<\/option><option value=\"10:30:00\">10:30<\/option><option value=\"11:00:00\">11:00<\/option><option value=\"11:30:00\">11:30<\/option><option value=\"12:00:00\" selected=\"selected\">Noon<\/option><option value=\"12:30:00\">12:30<\/option><option value=\"13:00:00\">13:00<\/option><option value=\"13:30:00\">13:30<\/option><option value=\"14:00:00\">14:00<\/option><option value=\"14:30:00\">14:30<\/option><option value=\"15:00:00\">15:00<\/option><option value=\"15:30:00\">15:30<\/option><option value=\"16:00:00\">16:00<\/option><option value=\"16:30:00\">16:30<\/option><option value=\"17:00:00\">17:00<\/option><option value=\"17:30:00\">17:30<\/option><option value=\"18:00:00\">18:00<\/option><option value=\"18:30:00\">18:30<\/option><option value=\"19:00:00\">19:00<\/option><option value=\"19:30:00\">19:30<\/option><option value=\"20:00:00\">20:00<\/option><option value=\"20:30:00\">20:30<\/option><option value=\"21:00:00\">21:00<\/option><option value=\"21:30:00\">21:30<\/option><option value=\"22:00:00\">22:00<\/option><option value=\"22:30:00\">22:30<\/option><option value=\"23:00:00\">23:00<\/option><option value=\"23:30:00\">23:30<\/option>\t\t\t\t\t\t\t\t\t\t<\/select>\r\n\t\t\t\t\t\t\t\t\t\t<input type=\"text\" class=\"pickup-time\" readonly>\r\n\t\t\t\t\t\t\t\t\t\t<input type=\"hidden\" name=\"pickup_time\" id=\"pickup_time\" value=\"\">\r\n\t\t\t\t\t\t\t\t\t\t\t\t\t\t\t\t\t<\/div>\r\n\t\t\t\t\t\t\t<\/div>\r\n\t\t\t\t\t\t\t\t\t\t\t<\/div>\r\n\t\t\t\t\t<div class=\"col-xs-12 col-sm-6\">\r\n\t\t\t\t\t\t<span class=\"form_title fix_margin\">Miejsce zwrotu (Informacja)<\/span>\r\n\t\t\t\t\t\t\t\t\t\t\t\t\t\t\t\t\t\t\t\t\t<select name=\"return_location_id\" class=\"form-control return-location home-select\">\r\n\t\t\t\t\t\t\t\t\t<option value=\"0\" selected=\"selected\">Zwrot miasta i Lokalizacja:<\/option><option value=\"4\">1. Wsz\u0119dzie w mie\u015bcie Tbilisi<\/option><option value=\"3\">2. Parking przy biurze w Tbilisi - 123, A. Tsereteli Ave.<\/option><option value=\"2\">3. Mi\u0119dzynarodowe lotnisko Tbilisi (TBS)<\/option><option value=\"1\">4. Mi\u0119dzynarodowe lotnisko Kutaisi (KUT)<\/option><option value=\"5\">5. Wsz\u0119dzie w mie\u015bcie Kutaisi<\/option><option value=\"11\">6. Wsz\u0119dzie w mie\u015bcie Telavi<\/option><option value=\"12\">7. Wsz\u0119dzie w Kazbegi (Stepantsminda)<\/option><option value=\"6\">8. Mi\u0119dzynarodowe lotnisko w Batumi (BUS)<\/option><option value=\"7\">9. Wsz\u0119dzie w mie\u015bcie Batumi<\/option><option value=\"13\">10. Wsz\u0119dzie w mie\u015bcie Kobuleti<\/option><option value=\"8\">11. Lotnisko w Natakhtari<\/option><option value=\"14\">12. Wsz\u0119dzie w mie\u015bcie Borjomi<\/option><option value=\"9\">13. Lotnisko w Mestii<\/option><option value=\"10\">14. Lotnisko w Ambrolauri<\/option>\t\t\t\t\t\t\t\t<\/select>\r\n\t\t\t\t\t\t\t\t\t\t\t\t\t\t\t\t\t\t<\/div>\r\n\t\t\t\t\t\t\t\t\t\t\t<div class=\"col-xs-12 col-sm-6\">\r\n\t\t\t\t\t\t\t<div class=\"row\">\r\n\t\t\t\t\t\t\t\t\t\t\t\t\t\t\t\t\t<div class=\"col-xs-7 col-sm-8 date top_margin\">\r\n\t\t\t\t\t\t\t\t\t\t\t\t\t\t\t\t\t\t\t\t\t<input type=\"text\" name=\"return_date\" class=\"return-date\"\r\n\t\t\t\t\t\t\t\t\t\t\t\t   value=\"Data:\"\r\n\t\t\t\t\t\t\t\t\t\t\t\t   placeholder=\"Data:\"\r\n\t\t\t\t\t\t\t\t\t\t\t\t   readonly=\"readonly\" AUTOCOMPLETE=\"off\"\/>\r\n\t\t\t\t\t\t\t\t\t\t\t\t\t\t\t\t\t\t\t<\/div>\r\n\t\t\t\t\t\t\t\t\t<div class=\"col-xs-5 col-sm-4 time top_margin\">\r\n\t\t\t\t\t\t\t\t\t\t\t\t\t\t\t\t\t\t\t\t\t<select class=\"hidden\" id=\"return_time_select\">\r\n\t\t\t\t\t\t\t\t\t\t\t\t<option value=\"00:00:00\">Midnight<\/option><option value=\"00:30:00\">00:30<\/option><option value=\"01:00:00\">01:00<\/option><option value=\"01:30:00\">01:30<\/option><option value=\"02:00:00\">02:00<\/option><option value=\"02:30:00\">02:30<\/option><option value=\"03:00:00\">03:00<\/option><option value=\"03:30:00\">03:30<\/option><option value=\"04:00:00\">04:00<\/option><option value=\"04:30:00\">04:30<\/option><option value=\"05:00:00\">05:00<\/option><option value=\"05:30:00\">05:30<\/option><option value=\"06:00:00\">06:00<\/option><option value=\"06:30:00\">06:30<\/option><option value=\"07:00:00\">07:00<\/option><option value=\"07:30:00\">07:30<\/option><option value=\"08:00:00\">08:00<\/option><option value=\"08:30:00\">08:30<\/option><option value=\"09:00:00\">09:00<\/option><option value=\"09:30:00\">09:30<\/option><option value=\"10:00:00\">10:00<\/option><option value=\"10:30:00\">10:30<\/option><option value=\"11:00:00\">11:00<\/option><option value=\"11:30:00\">11:30<\/option><option value=\"12:00:00\" selected=\"selected\">Noon<\/option><option value=\"12:30:00\">12:30<\/option><option value=\"13:00:00\">13:00<\/option><option value=\"13:30:00\">13:30<\/option><option value=\"14:00:00\">14:00<\/option><option value=\"14:30:00\">14:30<\/option><option value=\"15:00:00\">15:00<\/option><option value=\"15:30:00\">15:30<\/option><option value=\"16:00:00\">16:00<\/option><option value=\"16:30:00\">16:30<\/option><option value=\"17:00:00\">17:00<\/option><option value=\"17:30:00\">17:30<\/option><option value=\"18:00:00\">18:00<\/option><option value=\"18:30:00\">18:30<\/option><option value=\"19:00:00\">19:00<\/option><option value=\"19:30:00\">19:30<\/option><option value=\"20:00:00\">20:00<\/option><option value=\"20:30:00\">20:30<\/option><option value=\"21:00:00\">21:00<\/option><option value=\"21:30:00\">21:30<\/option><option value=\"22:00:00\">22:00<\/option><option value=\"22:30:00\">22:30<\/option><option value=\"23:00:00\">23:00<\/option><option value=\"23:30:00\">23:30<\/option>\t\t\t\t\t\t\t\t\t\t\t<\/select>\r\n\t\t\t\t\t\t\t\t\t\t\t<input type=\"text\" class=\"return-time\" readonly>\r\n\t\t\t\t\t\t\t\t\t\t\t<input type=\"hidden\" name=\"return_time\" id=\"return_time\" value=\"\">\r\n\t\t\t\t\t\t\t\t\t\t\t\t\t\t\t\t\t\t\t<\/div>\r\n\t\t\t\t\t\t\t\t\t\t\t\t\t\t\t<\/div>\r\n\t\t\t\t\t\t<\/div>\r\n\t\t\t\t\t\t\t\t\t\t<div class=\"col-xs-12\">\r\n\t\t\t\t\t\t<div class=\"row\">\r\n\t\t\t\t\t\t\t\t\t\t\t\t\t\t\t\t\t\t\t\t\t<div class=\"col-xxs-12 col-xs-6 col-sm-9 hidden-md hidden-lg driver-age-confirm white text-center mt-5\">\r\n\t\t\t\t\t\t\t\t<label>\r\n\t\t\t\t\t\t\t\t\t<b><input class=\"driver-age-confirm-checkbox mr-2\" type=\"checkbox\" name=\"driver_age_confirm\"\r\n\t\t\t\t\t\t\t\t\t\t\t  value=\"1\" \/> Mam co najmniej 21 lat i co najmniej 1 rok do\u015bwiadczenia w prowadzeniu pojazdu.\t\t\t\t\t\t\t\t\t<\/b>\r\n\t\t\t\t\t\t\t\t<\/label>\r\n\t\t\t\t\t\t\t<\/div>\r\n\t\t\t\t\t\t\t<div class=\"col-xxs-12 col-xs-6 col-sm-3 hidden-md hidden-lg \">\r\n\t\t\t\t\t\t\t\t<input type=\"hidden\" name=\"car_rental_came_from_step1\" value=\"yes\"\/>\r\n\t\t\t\t\t\t\t\t\t\t\t\t\t\t\t\t\t\t\t\t\t\t\t\t\t\t\t<!-- Note: Do not translate events to track well inter-language events -->\r\n\t\t\t\t\t\t\t\t\t\t<input type=\"submit\" name=\"car_rental_do_search\"\r\n\t\t\t\t\t\t\t\t\t\t\t   value=\"Szukaj samoch\u00f3d\"\r\n\t\t\t\t\t\t\t\t\t\t\t   class=\"car-rental-do-search mt-4\"\r\n\t\t\t\t\t\t\t\t\t\t\t   onclick=\"ga('send', 'event', 'Car Rental', 'Click', '1. Search for all item models');\"\/>\r\n\t\t\t\t\t\t\t\t\t\t\t\t\t\t\t\t\t\t\t\t\t\t\t\t<\/div>\r\n\t\t\t\t\t\t<\/div>\r\n\t\t\t\t\t<\/div>\r\n\t\t\t\t\t<div class=\"col-xs-12 driver-age-confirm white text-center mt-5 hidden-xs hidden-sm\">\r\n\t\t\t\t\t\t<label>\r\n\t\t\t\t\t\t\t<b><input class=\"driver-age-confirm-checkbox mr-2\" type=\"checkbox\" name=\"driver_age_confirm\"\r\n\t\t\t\t\t\t\t\t\t  value=\"1\" \/> Mam co najmniej 21 lat i co najmniej 1 rok do\u015bwiadczenia w prowadzeniu pojazdu.\t\t\t\t\t\t\t<\/b>\r\n\t\t\t\t\t\t<\/label>\r\n\t\t\t\t\t<\/div>\r\n\t\t\t\t<\/div>\r\n\t\t\t<\/div>\r\n\t\t\t<div class=\"hidden-xs hidden-sm col-md-2 crs-form-submit\">\r\n\t\t\t\t\t\t\t\t\t\t\t\t\t\t\t<!-- Note: Do not translate events to track well inter-language events -->\r\n\t\t\t\t\t\t<button type=\"submit\" name=\"car_rental_do_search\"\r\n\t\t\t\t\t\t\t\tclass=\"car-rental-do-search\"\r\n\t\t\t\t\t\t\t\tonclick=\"ga('send', 'event', 'Car Rental', 'Click', '1. Search for all item models');\">\r\n\t\t\t\t\t\t\tSzukaj samoch\u00f3d<\/button>\r\n\t\t\t\t\t\t\t\t\t\t\t\t<\/div>\r\n\t\t<\/form>\r\n\t<\/div>\r\n<\/div>[vc_empty_space][\/vc_column][\/vc_row]<\/p>\n<\/div>","protected":false},"excerpt":{"rendered":"<p>Zarezerwuj sw\u00f3j termin online ju\u017c teraz! Rezerwacja w prosty spos\u00f3b. Zajmij swoje miejsce teraz.<\/p>\n","protected":false},"author":1,"featured_media":0,"parent":0,"menu_order":0,"comment_status":"closed","ping_status":"closed","template":"","meta":{"footnotes":""},"class_list":["post-5361","page","type-page","status-publish","hentry"],"_links":{"self":[{"href":"https:\/\/carsandrooms.ge\/pl\/wp-json\/wp\/v2\/pages\/5361","targetHints":{"allow":["GET"]}}],"collection":[{"href":"https:\/\/carsandrooms.ge\/pl\/wp-json\/wp\/v2\/pages"}],"about":[{"href":"https:\/\/carsandrooms.ge\/pl\/wp-json\/wp\/v2\/types\/page"}],"author":[{"embeddable":true,"href":"https:\/\/carsandrooms.ge\/pl\/wp-json\/wp\/v2\/users\/1"}],"replies":[{"embeddable":true,"href":"https:\/\/carsandrooms.ge\/pl\/wp-json\/wp\/v2\/comments?post=5361"}],"version-history":[{"count":3,"href":"https:\/\/carsandrooms.ge\/pl\/wp-json\/wp\/v2\/pages\/5361\/revisions"}],"predecessor-version":[{"id":13150,"href":"https:\/\/carsandrooms.ge\/pl\/wp-json\/wp\/v2\/pages\/5361\/revisions\/13150"}],"wp:attachment":[{"href":"https:\/\/carsandrooms.ge\/pl\/wp-json\/wp\/v2\/media?parent=5361"}],"curies":[{"name":"wp","href":"https:\/\/api.w.org\/{rel}","templated":true}]}}