{"id":5364,"date":"2017-03-14T05:01:30","date_gmt":"2017-03-14T01:01:30","guid":{"rendered":"https:\/\/carsandrooms.ge\/contact\/"},"modified":"2025-10-15T23:21:59","modified_gmt":"2025-10-15T19:21:59","slug":"contact","status":"publish","type":"page","link":"https:\/\/carsandrooms.ge\/pl\/contact\/","title":{"rendered":"Kontakt"},"content":{"rendered":"<div class=\"wpb-content-wrapper\"><p>[vc_row el_id=&#8221;contact_us&#8221;][vc_column width=&#8221;1\/12&#8243;][\/vc_column][vc_column width=&#8221;5\/12&#8243;][vc_row_inner content_placement=&#8221;middle&#8221;][vc_column_inner width=&#8221;1\/4&#8243;][vc_icon icon_fontawesome=&#8221;fas fa-house-damage&#8221; color=&#8221;white&#8221; background_style=&#8221;rounded&#8221; background_color=&#8221;secondary_color_background&#8221; align=&#8221;center&#8221; css_animation=&#8221;flipInX&#8221; el_class=&#8221;contact_icon&#8221;][\/vc_column_inner][vc_column_inner width=&#8221;1\/4&#8243;][vc_column_text css=&#8221;.vc_custom_1644781363421{border-right-width: 1px !important;}&#8221;]<strong>Adres<\/strong><br \/>\n123, A.Tsereteli Ave., 3 pi\u0119tro, 0119, Tbilisi, Gruzja[\/vc_column_text][\/vc_column_inner][vc_column_inner width=&#8221;1\/4&#8243;][vc_icon icon_fontawesome=&#8221;fas fa-headset&#8221; color=&#8221;white&#8221; background_style=&#8221;rounded&#8221; background_color=&#8221;secondary_color_background&#8221; align=&#8221;center&#8221; css_animation=&#8221;flipInX&#8221; el_class=&#8221;contact_icon&#8221;][\/vc_column_inner][vc_column_inner width=&#8221;1\/4&#8243;][vc_column_text css=&#8221;.vc_custom_1643475014658{border-right-width: 1px !important;padding-right: 0px !important;}&#8221;]<strong>Telefon\/Viber\/WhatsApp<\/strong><br \/>\n+(995) 596 19 19 11<br \/>\n+(995) 599 90 90 20<br \/>\n+(995) 577 19 18 15[\/vc_column_text][\/vc_column_inner][\/vc_row_inner]<div class=\"fancy-title align_left\"><h2 class=\"vc_underline_title vc_title\">Skontaktuj si\u0119 z nami<\/h2><div class=\"vc_underline secondary_color_background\"><\/div><\/div>[vc_column_text css=&#8221;.vc_custom_1722436721050{margin-bottom: 10px !important;}&#8221;]Je\u015bli chcesz uzyska\u0107 wi\u0119cej informacji, napisz do nas na adres carsandrooms@gmail.com.<\/p>\n<p>Nasi pracownicy skontaktuj\u0105 si\u0119 z Tob\u0105 tak szybko, jak to mo\u017cliwe.[\/vc_column_text][\/vc_column][vc_column width=&#8221;5\/12&#8243;][vc_gmaps link=&#8221;#E-8_JTNDaWZyYW1lJTIwc3JjJTNEJTIyaHR0cHMlM0ElMkYlMkZ3d3cuZ29vZ2xlLmNvbSUyRm1hcHMlMkZlbWJlZCUzRnBiJTNEJTIxMW0xNCUyMTFtOCUyMTFtMyUyMTFkMTQ4OC4zNjUwOTI4MzgxOTMzJTIxMmQ0NC43NzczMjE3NDE3ODc2MSUyMTNkNDEuNzQ3OTEyMjk4MTg4NjklMjEzbTIlMjExaTEwMjQlMjEyaTc2OCUyMTRmMTMuMSUyMTNtMyUyMTFtMiUyMTFzMHgwJTI1M0EweGU2NDk0YTk1ZGNkNzYwMDclMjEyc0NoZWFwJTJCY2FyJTJCcmVudGFsJTJCaW4lMkJUYmlsaXNpJTI1MkMlMkJLdXRhaXNpJTI1MkMlMkJLb3BpdG5hcmklMjUyQyUyQkJhdHVtaSUyNTJDJTJCTWVzdGlhJTJCb3IlMkJhbnklMkJwbGFjZSUyQm9mJTJCR2VvcmdpYSUyMTVlMCUyMTNtMiUyMTFzZW4lMjEycyUyMTR2MTQ5ODY3NjMxMzM2MiUyMiUyMHdpZHRoJTNEJTIyNjAwJTIyJTIwaGVpZ2h0JTNEJTIyNDUwJTIyJTIwZnJhbWVib3JkZXIlM0QlMjIwJTIyJTIwc3R5bGUlM0QlMjJib3JkZXIlM0EwJTIyJTIwYWxsb3dmdWxsc2NyZWVuJTNEJTIyJTIyJTNFJTNDJTJGaWZyYW1lJTNF&#8221; size=&#8221;500px&#8221; css=&#8221;.vc_custom_1644820942326{margin-right: 50px !important;}&#8221;][vc_empty_space height=&#8221;64px&#8221;][\/vc_column][vc_column width=&#8221;1\/12&#8243;][\/vc_column][\/vc_row]<\/p>\n<\/div>","protected":false},"excerpt":{"rendered":"<p>Skontaktuj si\u0119 z nami, aby uzyska\u0107 wi\u0119cej informacji i wsparcia.<\/p>\n","protected":false},"author":1,"featured_media":0,"parent":0,"menu_order":0,"comment_status":"closed","ping_status":"closed","template":"homepage.php","meta":{"footnotes":""},"class_list":["post-5364","page","type-page","status-publish","hentry"],"_links":{"self":[{"href":"https:\/\/carsandrooms.ge\/pl\/wp-json\/wp\/v2\/pages\/5364","targetHints":{"allow":["GET"]}}],"collection":[{"href":"https:\/\/carsandrooms.ge\/pl\/wp-json\/wp\/v2\/pages"}],"about":[{"href":"https:\/\/carsandrooms.ge\/pl\/wp-json\/wp\/v2\/types\/page"}],"author":[{"embeddable":true,"href":"https:\/\/carsandrooms.ge\/pl\/wp-json\/wp\/v2\/users\/1"}],"replies":[{"embeddable":true,"href":"https:\/\/carsandrooms.ge\/pl\/wp-json\/wp\/v2\/comments?post=5364"}],"version-history":[{"count":10,"href":"https:\/\/carsandrooms.ge\/pl\/wp-json\/wp\/v2\/pages\/5364\/revisions"}],"predecessor-version":[{"id":13116,"href":"https:\/\/carsandrooms.ge\/pl\/wp-json\/wp\/v2\/pages\/5364\/revisions\/13116"}],"wp:attachment":[{"href":"https:\/\/carsandrooms.ge\/pl\/wp-json\/wp\/v2\/media?parent=5364"}],"curies":[{"name":"wp","href":"https:\/\/api.w.org\/{rel}","templated":true}]}}