{"id":5428,"date":"2022-01-29T21:36:58","date_gmt":"2022-01-29T17:36:58","guid":{"rendered":"https:\/\/carsandrooms.ge\/discount-policy\/"},"modified":"2026-01-25T21:01:04","modified_gmt":"2026-01-25T17:01:04","slug":"discount-policy","status":"publish","type":"page","link":"https:\/\/carsandrooms.ge\/pl\/discount-policy\/","title":{"rendered":"Polisa rabatowa"},"content":{"rendered":"<div class=\"wpb-content-wrapper\"><p>[vc_row full_width=&#8221;stretch_row&#8221; gap=&#8221;35&#8243; full_height=&#8221;yes&#8221; equal_height=&#8221;yes&#8221; content_placement=&#8221;middle&#8221; css=&#8221;.vc_custom_1722493195508{background-color: #f4f4f4 !important;}&#8221;][vc_column width=&#8221;2\/3&#8243; css=&#8221;.vc_custom_1549248549730{background-position: center !important;background-repeat: no-repeat !important;background-size: cover !important;}&#8221;]<div class=\"fancy-title align_left\"><h2 class=\"vc_underline_title vc_title black\">Jeste\u015bmy najlepsz\u0105 wypo\u017cyczalni\u0105 samochod\u00f3w w okolicy<\/h2><div class=\"vc_underline black\"><\/div><\/div>[vc_column_text el_class=&#8221;white&#8221;]<span style=\"color: #333333;\">Ceny wynajmu zale\u017c\u0105 od okresu wynajmu, od trzeciego dnia klienci otrzymuj\u0105 specjaln\u0105 zni\u017ck\u0119 na ka\u017cdy samoch\u00f3d. Im d\u0142u\u017cej wynajmujesz nasz samoch\u00f3d, tym ni\u017csze ceny mo\u017cesz uzyska\u0107. Ceny z rabatem s\u0105 przedstawione w tabeli poni\u017cej ka\u017cdego samochodu. Od czasu do czasu oferujemy tak\u017ce specjalne zni\u017cki, kt\u00f3re s\u0105 oznaczone na zdj\u0119ciu samochodu.<\/span><\/p>\n<p><span style=\"color: #333333;\">Poza tanim wynajmem samochodu nasza firma oferuje kart\u0119 zni\u017cki na paliwo za ka\u017cdy wynaj\u0119ty samoch\u00f3d. Po trzecim wynajmie naszego samochodu mo\u017cesz otrzyma\u0107 specjalny kod rabatowy, aby skorzysta\u0107 z 10% zni\u017cki na ka\u017cdy samoch\u00f3d.<\/span><\/p>\n<p><span style=\"color: #333333;\"><strong>Uwaga:<\/strong> Polisa zni\u017ckowa nie dotyczy tych samochod\u00f3w, kt\u00f3re ju\u017c s\u0105 obj\u0119te zni\u017ck\u0105.<\/span>[\/vc_column_text][vc_btn title=&#8221;Make reservation now&#8221; style=&#8221;flat&#8221; color=&#8221;black&#8221; align=&#8221;left&#8221; i_icon_fontawesome=&#8221;fas fa-calendar-alt&#8221; add_icon=&#8221;true&#8221; link=&#8221;url:https%3A%2F%2Fcarsandrooms.ge%2Fpl%2F|title:Make%20reservation%20now|&#8221;][\/vc_column][vc_column width=&#8221;1\/3&#8243; css=&#8221;.vc_custom_1549260453379{padding-top: 100px !important;padding-bottom: 100px !important;background-image: url(https:\/\/www.wpcarrental.com\/modern\/wp-content\/uploads\/sites\/4\/2019\/02\/about-us.jpg?id=2914) !important;background-position: center !important;background-repeat: no-repeat !important;background-size: cover !important;}&#8221;][\/vc_column][\/vc_row][vc_row css=&#8221;.vc_custom_1549260584699{padding-top: 64px !important;padding-bottom: 64px !important;}&#8221;][vc_column]<div class=\"fancy-title align_center\"><h2 class=\"vc_underline_title vc_title black\">Dodatkowe zni\u017cki<\/h2><div class=\"vc_underline secondary_color_background\"><\/div><\/div>[vc_column_text el_class=&#8221;align_center&#8221;]<strong>Uwaga:<\/strong> Polisa zni\u017ckowa nie dotyczy tych samochod\u00f3w, kt\u00f3re ju\u017c s\u0105 obj\u0119te zni\u017ck\u0105.[\/vc_column_text][vc_row_inner css=&#8221;.vc_custom_1549250696928{margin-top: 64px !important;}&#8221;][vc_column_inner width=&#8221;1\/2&#8243;][vc_icon icon_fontawesome=&#8221;fas fa-calendar-alt&#8221; color=&#8221;custom&#8221; size=&#8221;xl&#8221; align=&#8221;center&#8221; custom_color=&#8221;#b5b7bb&#8221;][vc_column_text el_class=&#8221;align_center&#8221;]<\/p>\n<h4 class=\"secondary_color\"><strong>Wypo\u017cycz samoch\u00f3d na dziesi\u0119\u0107 dni i d\u0142u\u017cej, a jeden sprz\u0119t dostaniesz za darmo.<\/strong><\/h4>\n<p>[\/vc_column_text][\/vc_column_inner][vc_column_inner width=&#8221;1\/2&#8243;][vc_icon icon_fontawesome=&#8221;fas fa-car-alt&#8221; color=&#8221;custom&#8221; size=&#8221;xl&#8221; align=&#8221;center&#8221; custom_color=&#8221;#b5b7bb&#8221;][vc_column_text el_class=&#8221;align_center&#8221;]<\/p>\n<h4 class=\"secondary_color\"><strong>Wynajmij trzy samochody jednocze\u015bnie i uzyskaj 10% zni\u017cki za ka\u017cdy.<\/strong><\/h4>\n<p>[\/vc_column_text][\/vc_column_inner][\/vc_row_inner][\/vc_column][\/vc_row]<\/p>\n<\/div>","protected":false},"excerpt":{"rendered":"<p>Tytu\u0142: Polisa rabatowa \u2013 Zwi\u0119ksz swoje oszcz\u0119dno\u015bci ju\u017c dzi\u015b dzi\u0119ki ekskluzywnym ofertom! Odkryj nasze niezr\u00f3wnane zni\u017cki na szeroki wyb\u00f3r produkt\u00f3w.<\/p>\n","protected":false},"author":1,"featured_media":0,"parent":0,"menu_order":0,"comment_status":"closed","ping_status":"closed","template":"","meta":{"footnotes":""},"class_list":["post-5428","page","type-page","status-publish","hentry"],"_links":{"self":[{"href":"https:\/\/carsandrooms.ge\/pl\/wp-json\/wp\/v2\/pages\/5428","targetHints":{"allow":["GET"]}}],"collection":[{"href":"https:\/\/carsandrooms.ge\/pl\/wp-json\/wp\/v2\/pages"}],"about":[{"href":"https:\/\/carsandrooms.ge\/pl\/wp-json\/wp\/v2\/types\/page"}],"author":[{"embeddable":true,"href":"https:\/\/carsandrooms.ge\/pl\/wp-json\/wp\/v2\/users\/1"}],"replies":[{"embeddable":true,"href":"https:\/\/carsandrooms.ge\/pl\/wp-json\/wp\/v2\/comments?post=5428"}],"version-history":[{"count":13,"href":"https:\/\/carsandrooms.ge\/pl\/wp-json\/wp\/v2\/pages\/5428\/revisions"}],"predecessor-version":[{"id":14172,"href":"https:\/\/carsandrooms.ge\/pl\/wp-json\/wp\/v2\/pages\/5428\/revisions\/14172"}],"wp:attachment":[{"href":"https:\/\/carsandrooms.ge\/pl\/wp-json\/wp\/v2\/media?parent=5428"}],"curies":[{"name":"wp","href":"https:\/\/api.w.org\/{rel}","templated":true}]}}