{"id":5434,"date":"2022-01-29T21:28:22","date_gmt":"2022-01-29T17:28:22","guid":{"rendered":"https:\/\/carsandrooms.ge\/chauffeur-service\/"},"modified":"2025-10-15T20:42:09","modified_gmt":"2025-10-15T16:42:09","slug":"chauffeur-service","status":"publish","type":"page","link":"https:\/\/carsandrooms.ge\/pl\/chauffeur-service\/","title":{"rendered":"Prywatny kierowca"},"content":{"rendered":"<div class=\"wpb-content-wrapper\"><p>[vc_row][vc_column width=&#8221;1\/12&#8243;][\/vc_column][vc_column width=&#8221;10\/12&#8243;][vc_empty_space][vc_custom_heading text=&#8221;Us\u0142ugi prywatnego kierowcy w Tbilisi w dowolnych celach&#8221; font_container=&#8221;tag:h2|text_align:center&#8221; use_theme_fonts=&#8221;yes&#8221;][vc_empty_space][vc_column_text]Nasza firma\u00a0<strong>GikoTravel<\/strong>\u00a0jest liderem w zakresie us\u0142ug prywatnego kierowcy, zar\u00f3wno w Tbilisi, jak i w ca\u0142ej Gruzji. Mamy solidn\u0105 histori\u0119 i du\u017ce do\u015bwiadczenie w tej dziedzinie. Wi\u0119cej informacji o naszym do\u015bwiadczeniu mo\u017cna znale\u017a\u0107 w komentarzach i ocenach naszych klient\u00f3w.<\/p>\n<p>Nasza firma\u00a0<strong>GikoTravel<\/strong>\u00a0jest dumna ze swoich dzia\u0142a\u0144, naszym celem jest zapewnienie wysokiej jako\u015bci us\u0142ug dla naszych klient\u00f3w. Gwarantujemy, \u017ce kierowcy b\u0119d\u0105 traktowa\u0107 z\u00a0 szacunkiem \u00a0i chroni\u0107 poufno\u015b\u0107 Pa\u0144stwa. Nasi kierowcy to zesp\u00f3\u0142 profesjonalist\u00f3w i do\u015bwiadczonych kierowc\u00f3w. Oni s\u0105 zawsze do dyspozycji, aby\u00a0<em>zapewni\u0107 Pa\u0144stwu przyjemn\u0105 podr\u00f3\u017c<\/em>. Oferujemy bezpiecze\u0144stwo ruchu dla naszych klient\u00f3w, poniewa\u017c przestrzegamy wszystkich przepis\u00f3w, \u00a0dotycz\u0105cych zasad ruchu drogowego w Gruzji. Nasi kierowcy s\u0105 gotowi, by pom\u00f3c Pa\u0144stwu przenie\u015b\u0107 baga\u017c.<\/p>\n<p>Nasza firma\u00a0<strong>GikoTravel<\/strong>\u00a0proponuje us\u0142ugi prywatnego kierowcy i organizuje ekskluzywne transfery samochodami klasy biznes, typu Jeep i minibus, na dowolnym terenie Gruzji, Armenii i Azerbejd\u017canu. Cena danego serwisu zale\u017cy od odleg\u0142o\u015bci od naszego biura i obejmuje transport, us\u0142ug\u0119 kierowcy i cen\u0119 paliwa. Przedstawione ustalone ceny nie maj\u0105 zastosowania w przypadkach, gdy klienci wymagaj\u0105 innej trasy lub chc\u0105 wynaj\u0105\u0107 kilka samochod\u00f3w. W takim przypadku oni powinni skontaktowa\u0107 si\u0119 z nami za pomoc\u0105 poczty e-mail:\u00a0<a href=\"mailto:carsandrooms@gmail.com\">carsandrooms@gmail.com<\/a>\u00a0i ich wymagania zostan\u0105 natychmiast rozpatrzone przez przedstawicieli firmy.[\/vc_column_text][vc_empty_space][vc_custom_heading text=&#8221;Cennik us\u0142ug prywatnego kierowcy&#8221; font_container=&#8221;tag:h4|text_align:center|color:%23595959&#8243; use_theme_fonts=&#8221;yes&#8221;][vc_row_inner][vc_column_inner width=&#8221;1\/6&#8243;][\/vc_column_inner][vc_column_inner width=&#8221;2\/3&#8243;][vc_raw_html]JTNDc3R5bGUlMjB0eXBlJTNEJTIydGV4dCUyRmNzcyUyMiUzRSUwQS50ZyUyMCUyMCU3QmJvcmRlci1jb2xsYXBzZSUzQWNvbGxhcHNlJTNCYm9yZGVyLWNvbG9yJTNBJTIzY2NjJTNCYm9yZGVyLXNwYWNpbmclM0EwJTNCJTdEJTBBLnRnJTIwdGQlN0JiYWNrZ3JvdW5kLWNvbG9yJTNBJTIzZmZmJTNCYm9yZGVyLWNvbG9yJTNBJTIzY2NjJTNCYm9yZGVyLXN0eWxlJTNBc29saWQlM0Jib3JkZXItd2lkdGglM0ExcHglM0Jjb2xvciUzQSUyMzMzMyUzQiUwQSUyMCUyMGZvbnQtZmFtaWx5JTNBQXJpYWwlMkMlMjBzYW5zLXNlcmlmJTNCZm9udC1zaXplJTNBMTRweCUzQm92ZXJmbG93JTNBaGlkZGVuJTNCcGFkZGluZyUzQTEwcHglMjAyMHB4JTNCd29yZC1icmVhayUzQW5vcm1hbCUzQiU3RCUwQS50ZyUyMHRoJTdCYmFja2dyb3VuZC1jb2xvciUzQSUyM2YwZjBmMCUzQmJvcmRlci1jb2xvciUzQSUyM2NjYyUzQmJvcmRlci1zdHlsZSUzQXNvbGlkJTNCYm9yZGVyLXdpZHRoJTNBMXB4JTNCY29sb3IlM0ElMjMzMzMlM0IlMEElMjAlMjBmb250LWZhbWlseSUzQUFyaWFsJTJDJTIwc2Fucy1zZXJpZiUzQmZvbnQtc2l6ZSUzQTE0cHglM0Jmb250LXdlaWdodCUzQW5vcm1hbCUzQm92ZXJmbG93JTNBaGlkZGVuJTNCcGFkZGluZyUzQTEwcHglMjAyMHB4JTNCd29yZC1icmVhayUzQW5vcm1hbCUzQiU3RCUwQS50ZyUyMC50Zy1kanFjJTdCYmFja2dyb3VuZC1jb2xvciUzQSUyM0ZGRiUzQmNvbG9yJTNBJTIzMDAwMDAwJTNCdGV4dC1hbGlnbiUzQWNlbnRlciUzQnZlcnRpY2FsLWFsaWduJTNBdG9wJTdEJTBBLnRnJTIwLnRnLXYwenklN0JiYWNrZ3JvdW5kLWNvbG9yJTNBJTIzZWZlZmVmJTNCY29sb3IlM0ElMjMwMDAwMDAlM0Jmb250LXdlaWdodCUzQWJvbGQlM0J0ZXh0LWFsaWduJTNBY2VudGVyJTNCdmVydGljYWwtYWxpZ24lM0F0b3AlN0QlMEEudGclMjAudGctZjh0eCU3QmNvbG9yJTNBJTIzMDAwMDAwJTNCdGV4dC1hbGlnbiUzQWNlbnRlciUzQnZlcnRpY2FsLWFsaWduJTNBdG9wJTdEJTBBLnRnJTIwLnRnLTFweWUlN0Jjb2xvciUzQSUyMzAwMDAwMCUzQmZvbnQtd2VpZ2h0JTNBYm9sZCUzQnRleHQtYWxpZ24lM0FjZW50ZXIlM0J2ZXJ0aWNhbC1hbGlnbiUzQXRvcCU3RCUwQSUzQyUyRnN0eWxlJTNFJTBBJTNDdGFibGUlMjBjbGFzcyUzRCUyMnRnJTIyJTNFJTBBJTNDdGhlYWQlM0UlMEElMjAlMjAlM0N0ciUzRSUwQSUyMCUyMCUyMCUyMCUzQ3RoJTIwY2xhc3MlM0QlMjJ0Zy0xcHllJTIyJTNFJTIzJTNDJTJGdGglM0UlMEElMjAlMjAlMjAlMjAlM0N0aCUyMGNsYXNzJTNEJTIydGctMXB5ZSUyMiUzRVolM0MlMkZ0aCUzRSUwQSUyMCUyMCUyMCUyMCUzQ3RoJTIwY2xhc3MlM0QlMjJ0Zy0xcHllJTIyJTNFRG8lM0MlMkZ0aCUzRSUwQSUyMCUyMCUyMCUyMCUzQ3RoJTIwY2xhc3MlM0QlMjJ0Zy0xcHllJTIyJTNFT2RsZWclQzUlODJvJUM1JTlCYyUyMCUyOGttJTI5JTNDJTJGdGglM0UlMEElMjAlMjAlMjAlMjAlM0N0aCUyMGNsYXNzJTNEJTIydGctMXB5ZSUyMiUzRUN6YXMlMjAlMjhtaW51dHklMjklM0MlMkZ0aCUzRSUwQSUyMCUyMCUyMCUyMCUzQ3RoJTIwY2xhc3MlM0QlMjJ0Zy12MHp5JTIyJTNFQ2VueSUyMCUyOEV1cm9zJTI5JTNDJTJGdGglM0UlMEElMjAlMjAlM0MlMkZ0ciUzRSUwQSUzQyUyRnRoZWFkJTNFJTBBJTNDdGJvZHklM0UlMEElMjAlMjAlM0N0ciUzRSUwQSUyMCUyMCUyMCUyMCUzQ3RkJTIwY2xhc3MlM0QlMjJ0Zy1mOHR4JTIyJTNFMSUzQyUyRnRkJTNFJTBBJTIwJTIwJTIwJTIwJTNDdGQlMjBjbGFzcyUzRCUyMnRnLWY4dHglMjIlM0VNaSVDNCU5OWR6eW5hcm9kb3dlJTIwbG90bmlza28lMjB3JTIwVGJpbGlzaSUyMCUyOFRCUyUyOSUzQyUyRnRkJTNFJTBBJTIwJTIwJTIwJTIwJTNDdGQlMjBjbGFzcyUzRCUyMnRnLWY4dHglMjIlM0VDZW50cnVtJTIwbWlhc3RhJTIwVGJpbGlzaSUzQyUyRnRkJTNFJTBBJTIwJTIwJTIwJTIwJTNDdGQlMjBjbGFzcyUzRCUyMnRnLWY4dHglMjIlM0UyNSUyMC0lMjAzMCUzQyUyRnRkJTNFJTBBJTIwJTIwJTIwJTIwJTNDdGQlMjBjbGFzcyUzRCUyMnRnLWY4dHglMjIlM0UzMCUyMC0lMjAzNSUzQyUyRnRkJTNFJTBBJTIwJTIwJTIwJTIwJTNDdGQlMjBjbGFzcyUzRCUyMnRnLWY4dHglMjIlM0U1MCUyMC0lMjAxMDAlM0MlMkZ0ZCUzRSUwQSUyMCUyMCUzQyUyRnRyJTNFJTBBJTIwJTIwJTNDdHIlM0UlMEElMjAlMjAlMjAlMjAlM0N0ZCUyMGNsYXNzJTNEJTIydGctZjh0eCUyMiUzRTIlM0MlMkZ0ZCUzRSUwQSUyMCUyMCUyMCUyMCUzQ3RkJTIwY2xhc3MlM0QlMjJ0Zy1mOHR4JTIyJTNFTWklQzQlOTlkenluYXJvZG93ZSUyMGxvdG5pc2tvJTIwdyUyMFRiaWxpc2klMjAlMjhUQlMlMjklM0MlMkZ0ZCUzRSUwQSUyMCUyMCUyMCUyMCUzQ3RkJTIwY2xhc3MlM0QlMjJ0Zy1mOHR4JTIyJTNFUGVyeWZlcmllJTIwbWlhc3RhJTIwVGJpbGlzaSUzQyUyRnRkJTNFJTBBJTIwJTIwJTIwJTIwJTNDdGQlMjBjbGFzcyUzRCUyMnRnLWY4dHglMjIlM0U0MCUyMC0lMjA1MCUzQyUyRnRkJTNFJTBBJTIwJTIwJTIwJTIwJTNDdGQlMjBjbGFzcyUzRCUyMnRnLWY4dHglMjIlM0U0NSUyMC0lMjA1NSUzQyUyRnRkJTNFJTBBJTIwJTIwJTIwJTIwJTNDdGQlMjBjbGFzcyUzRCUyMnRnLWY4dHglMjIlM0U1NSUyMC0lMjAxMDUlM0MlMkZ0ZCUzRSUwQSUyMCUyMCUzQyUyRnRyJTNFJTBBJTIwJTIwJTNDdHIlM0UlMEElMjAlMjAlMjAlMjAlM0N0ZCUyMGNsYXNzJTNEJTIydGctZjh0eCUyMiUzRTMlM0MlMkZ0ZCUzRSUwQSUyMCUyMCUyMCUyMCUzQ3RkJTIwY2xhc3MlM0QlMjJ0Zy1mOHR4JTIyJTNFVGJpbGlzaSUyRk1pJUM0JTk5ZHp5bmFyb2Rvd2UlMjBsb3RuaXNrbyUyMHclMjBUYmlsaXNpJTIwJTI4VEJTJTI5JTNDJTJGdGQlM0UlMEElMjAlMjAlMjAlMjAlM0N0ZCUyMGNsYXNzJTNEJTIydGctZjh0eCUyMiUzRUt1dGFpc2klM0MlMkZ0ZCUzRSUwQSUyMCUyMCUyMCUyMCUzQ3RkJTIwY2xhc3MlM0QlMjJ0Zy1mOHR4JTIyJTNFMjIwJTIwLSUyMDI1MCUzQyUyRnRkJTNFJTBBJTIwJTIwJTIwJTIwJTNDdGQlMjBjbGFzcyUzRCUyMnRnLWY4dHglMjIlM0UzJTNBMzAlMjAtJTIwMyUzQTQwJTNDJTJGdGQlM0UlMEElMjAlMjAlMjAlMjAlM0N0ZCUyMGNsYXNzJTNEJTIydGctZjh0eCUyMiUzRTIyNSUyMC0lMjAyNzUlM0MlMkZ0ZCUzRSUwQSUyMCUyMCUzQyUyRnRyJTNFJTBBJTIwJTIwJTNDdHIlM0UlMEElMjAlMjAlMjAlMjAlM0N0ZCUyMGNsYXNzJTNEJTIydGctZjh0eCUyMiUzRTQlM0MlMkZ0ZCUzRSUwQSUyMCUyMCUyMCUyMCUzQ3RkJTIwY2xhc3MlM0QlMjJ0Zy1mOHR4JTIyJTNFVGJpbGlzaSUyRk1pJUM0JTk5ZHp5bmFyb2Rvd2UlMjBsb3RuaXNrbyUyMHclMjBUYmlsaXNpJTIwJTI4VEJTJTI5JTNDJTJGdGQlM0UlMEElMjAlMjAlMjAlMjAlM0N0ZCUyMGNsYXNzJTNEJTIydGctZjh0eCUyMiUzRUJvcmQlQzUlQkNvbWklM0MlMkZ0ZCUzRSUwQSUyMCUyMCUyMCUyMCUzQ3RkJTIwY2xhc3MlM0QlMjJ0Zy1mOHR4JTIyJTNFMTg1JTIwLSUyMDE5MCUzQyUyRnRkJTNFJTBBJTIwJTIwJTIwJTIwJTNDdGQlMjBjbGFzcyUzRCUyMnRnLWY4dHglMjIlM0UyJTNBMjUlMjAtJTIwMiUzQTM1JTNDJTJGdGQlM0UlMEElMjAlMjAlMjAlMjAlM0N0ZCUyMGNsYXNzJTNEJTIydGctZjh0eCUyMiUzRTE5MCUyMC0lMjAyNDAlM0MlMkZ0ZCUzRSUwQSUyMCUyMCUzQyUyRnRyJTNFJTBBJTIwJTIwJTNDdHIlM0UlMEElMjAlMjAlMjAlMjAlM0N0ZCUyMGNsYXNzJTNEJTIydGctZjh0eCUyMiUzRTUlM0MlMkZ0ZCUzRSUwQSUyMCUyMCUyMCUyMCUzQ3RkJTIwY2xhc3MlM0QlMjJ0Zy1mOHR4JTIyJTNFVGJpbGlzaSUyRk1pJUM0JTk5ZHp5bmFyb2Rvd2UlMjBsb3RuaXNrbyUyMHclMjBUYmlsaXNpJTIwJTI4VEJTJTI5JTNDJTJGdGQlM0UlMEElMjAlMjAlMjAlMjAlM0N0ZCUyMGNsYXNzJTNEJTIydGctZjh0eCUyMiUzRU1lc3RpYSUzQyUyRnRkJTNFJTBBJTIwJTIwJTIwJTIwJTNDdGQlMjBjbGFzcyUzRCUyMnRnLWY4dHglMjIlM0U0ODUlMjAtJTIwNTAwJTNDJTJGdGQlM0UlMEElMjAlMjAlMjAlMjAlM0N0ZCUyMGNsYXNzJTNEJTIydGctZjh0eCUyMiUzRTclM0E1MCUyMC0lMjA4JTNBMDAlM0MlMkZ0ZCUzRSUwQSUyMCUyMCUyMCUyMCUzQ3RkJTIwY2xhc3MlM0QlMjJ0Zy1mOHR4JTIyJTNFMzU1JTIwLSUyMDQwNSUzQyUyRnRkJTNFJTBBJTIwJTIwJTNDJTJGdHIlM0UlMEElMjAlMjAlM0N0ciUzRSUwQSUyMCUyMCUyMCUyMCUzQ3RkJTIwY2xhc3MlM0QlMjJ0Zy1mOHR4JTIyJTNFNiUzQyUyRnRkJTNFJTBBJTIwJTIwJTIwJTIwJTNDdGQlMjBjbGFzcyUzRCUyMnRnLWY4dHglMjIlM0VUYmlsaXNpJTJGTWklQzQlOTlkenluYXJvZG93ZSUyMGxvdG5pc2tvJTIwdyUyMFRiaWxpc2klMjAlMjhUQlMlMjklM0MlMkZ0ZCUzRSUwQSUyMCUyMCUyMCUyMCUzQ3RkJTIwY2xhc3MlM0QlMjJ0Zy1mOHR4JTIyJTNFQmF0dW1pJTNDJTJGdGQlM0UlMEElMjAlMjAlMjAlMjAlM0N0ZCUyMGNsYXNzJTNEJTIydGctZjh0eCUyMiUzRTQwMCUyMC0lMjA0MTAlM0MlMkZ0ZCUzRSUwQSUyMCUyMCUyMCUyMCUzQ3RkJTIwY2xhc3MlM0QlMjJ0Zy1mOHR4JTIyJTNFNiUzQTAwJTIwLSUyMDYlM0ExNSUzQyUyRnRkJTNFJTBBJTIwJTIwJTIwJTIwJTNDdGQlMjBjbGFzcyUzRCUyMnRnLWY4dHglMjIlM0UyNzAlMjAtJTIwMzIwJTNDJTJGdGQlM0UlMEElMjAlMjAlM0MlMkZ0ciUzRSUwQSUyMCUyMCUzQ3RyJTNFJTBBJTIwJTIwJTIwJTIwJTNDdGQlMjBjbGFzcyUzRCUyMnRnLWY4dHglMjIlM0U3JTNDJTJGdGQlM0UlMEElMjAlMjAlMjAlMjAlM0N0ZCUyMGNsYXNzJTNEJTIydGctZjh0eCUyMiUzRVRiaWxpc2klMkZNaSVDNCU5OWR6eW5hcm9kb3dlJTIwbG90bmlza28lMjB3JTIwVGJpbGlzaSUyMCUyOFRCUyUyOSUzQyUyRnRkJTNFJTBBJTIwJTIwJTIwJTIwJTNDdGQlMjBjbGFzcyUzRCUyMnRnLWY4dHglMjIlM0VTaWduYWdpJTNDJTJGdGQlM0UlMEElMjAlMjAlMjAlMjAlM0N0ZCUyMGNsYXNzJTNEJTIydGctZjh0eCUyMiUzRTEwMCUyMC0lMjAxMTAlM0MlMkZ0ZCUzRSUwQSUyMCUyMCUyMCUyMCUzQ3RkJTIwY2xhc3MlM0QlMjJ0Zy1mOHR4JTIyJTNFMSUzQTM1JTIwLSUyMDElM0E0NSUzQyUyRnRkJTNFJTBBJTIwJTIwJTIwJTIwJTNDdGQlMjBjbGFzcyUzRCUyMnRnLWY4dHglMjIlM0UxNzUlMjAtJTIwMjI1JTNDJTJGdGQlM0UlMEElMjAlMjAlM0MlMkZ0ciUzRSUwQSUyMCUyMCUzQ3RyJTNFJTBBJTIwJTIwJTIwJTIwJTNDdGQlMjBjbGFzcyUzRCUyMnRnLWY4dHglMjIlM0U4JTNDJTJGdGQlM0UlMEElMjAlMjAlMjAlMjAlM0N0ZCUyMGNsYXNzJTNEJTIydGctZjh0eCUyMiUzRVRiaWxpc2klMkZNaSVDNCU5OWR6eW5hcm9kb3dlJTIwbG90bmlza28lMjB3JTIwVGJpbGlzaSUyMCUyOFRCUyUyOSUzQyUyRnRkJTNFJTBBJTIwJTIwJTIwJTIwJTNDdGQlMjBjbGFzcyUzRCUyMnRnLWY4dHglMjIlM0VLd2FyZWxpJTNDJTJGdGQlM0UlMEElMjAlMjAlMjAlMjAlM0N0ZCUyMGNsYXNzJTNEJTIydGctZjh0eCUyMiUzRTEzMCUyMC0lMjAxNDAlM0MlMkZ0ZCUzRSUwQSUyMCUyMCUyMCUyMCUzQ3RkJTIwY2xhc3MlM0QlMjJ0Zy1mOHR4JTIyJTNFMiUzQTAwJTIwLSUyMDIlM0ExMCUzQyUyRnRkJTNFJTBBJTIwJTIwJTIwJTIwJTNDdGQlMjBjbGFzcyUzRCUyMnRnLWY4dHglMjIlM0UxOTAlMjAtJTIwMjQwJTNDJTJGdGQlM0UlMEElMjAlMjAlM0MlMkZ0ciUzRSUwQSUyMCUyMCUzQ3RyJTNFJTBBJTIwJTIwJTIwJTIwJTNDdGQlMjBjbGFzcyUzRCUyMnRnLWY4dHglMjIlM0U5JTNDJTJGdGQlM0UlMEElMjAlMjAlMjAlMjAlM0N0ZCUyMGNsYXNzJTNEJTIydGctZjh0eCUyMiUzRVRiaWxpc2klMkZNaSVDNCU5OWR6eW5hcm9kb3dlJTIwbG90bmlza28lMjB3JTIwVGJpbGlzaSUyMCUyOFRCUyUyOSUzQyUyRnRkJTNFJTBBJTIwJTIwJTIwJTIwJTNDdGQlMjBjbGFzcyUzRCUyMnRnLWRqcWMlMjIlM0VLYXpiZWdpJTNDJTJGdGQlM0UlMEElMjAlMjAlMjAlMjAlM0N0ZCUyMGNsYXNzJTNEJTIydGctZjh0eCUyMiUzRTE4MCUyMC0lMjAxOTAlM0MlMkZ0ZCUzRSUwQSUyMCUyMCUyMCUyMCUzQ3RkJTIwY2xhc3MlM0QlMjJ0Zy1mOHR4JTIyJTNFMyUzQTAwJTIwLSUyMDMlM0ExNSUzQyUyRnRkJTNFJTBBJTIwJTIwJTIwJTIwJTNDdGQlMjBjbGFzcyUzRCUyMnRnLWY4dHglMjIlM0UxODUlMjAtJTIwMjM1JTNDJTJGdGQlM0UlMEElMjAlMjAlM0MlMkZ0ciUzRSUwQSUzQyUyRnRib2R5JTNFJTBBJTNDJTJGdGFibGUlM0U=[\/vc_raw_html][\/vc_column_inner][vc_column_inner width=&#8221;1\/6&#8243;][\/vc_column_inner][\/vc_row_inner][vc_empty_space][vc_column_text]Serwis us\u0142ugi prywatnego kierowcy to najlepszy spos\u00f3b dotarcia do po\u017c\u0105danego miejsca bez przeszk\u00f3d. Jeste\u015bmy pierwsz\u0105 firm\u0105 w Gruzji, kt\u00f3ra stworzy\u0142a serwis us\u0142ugi kierowcy. Oferujemy naszym klientom us\u0142ug\u0119 prywatnego kierowcy, co jest znacznie wygodniejsze ni\u017c \u00a0taks\u00f3wka i inne us\u0142ugi. Mamy wcze\u015bniej zaplanowane trasy i wycieczki, poza tym jeste\u015bmy bardzo elastyczni i zawsze staramy si\u0119 spe\u0142ni\u0107 wymagania Pa\u0144stwa.<\/p>\n<p>Nasza firma\u00a0<strong>GikoTravel<\/strong>\u00a0oferuje przew\u00f3z z gruzi\u0144skich lotnisk bez jakichkolwiek op\u00f3\u017anie\u0144. Nie \u017c\u0105damy \u017cadnych op\u0142at za parking i mycie samochodu. Oferujemy wysokiej jako\u015bci serwis naszym klientom i \u015bwiadczymy us\u0142ugi przewodnickie dla odwiedzaj\u0105cych, kt\u00f3rzy po raz pierwszy odwiedzili nasz kraj.<\/p>\n<p>Nasza\u00a0 flota samochodowa posiada nowe modele samochod\u00f3w typu Mercedes-Benz S-Class i Toyota Land-Cruiser Prado, a grupom oferujemy us\u0142ugi\u00a0 minibus\u00f3w typu Mercedes-Benz Sprinter (VAN).<\/p>\n<p>W naszej ofercie mo\u017cna znale\u017a\u0107 mi\u0119dzy innymi transfery lotniskowe,\u00a0<em>przew\u00f3z os\u00f3b na imprezy, ewenty\u00a0<\/em>imprezy oraz spotkania biznesowe.<br \/>\nWybierz nasz\u0105 us\u0142ug\u0119 i ciesz si\u0119 podr\u00f3\u017c\u0105 bez strachu i stresu.<\/p>\n<p>Podczas jazdy\u00a0 samochodem mo\u017cesz zrelaksowa\u0107 i cieszy\u0107 si\u0119 nasz\u0105 obs\u0142ug\u0105.<br \/>\nWybierz bezpiecze\u0144stwo i wygod\u0119 \u2013 wybierz\u00a0<strong>GikoTravel\u00a0<\/strong>!<br \/>\nZarezerwuj us\u0142ug\u0119 prywatnego kierowcy w Tbilisi \u0142atwo przez e-mail lub telefon.<br \/>\nNasza us\u0142uga jest dost\u0119pna 24\/7.<\/p>\n<p>Zam\u00f3w us\u0142ug\u0119 prywatnego kierowcy\u00a0<strong>GikoTravel<\/strong>\u00a0i uzyskaj najlepsz\u0105 obs\u0142ug\u0119 podr\u00f3\u017cy, spotka\u0144 biznesowych lub innych cel\u00f3w.<br \/>\n<strong>GikoTravel<\/strong>, najlepsza us\u0142uga serwisowa\u00a0<em>prywatnego kierowcy\u00a0<\/em>w Tbilisi[\/vc_column_text][vc_empty_space height=&#8221;64px&#8221;][\/vc_column][vc_column width=&#8221;1\/12&#8243;][\/vc_column][\/vc_row]<\/p>\n<\/div>","protected":false},"excerpt":{"rendered":"<p>Us\u0142ugi prywatnego kierowcy w Tbilisi na dowolny cel. GikoTravel &#8211; lider w bran\u017cy transportu. Zarezerwuj teraz!<\/p>\n","protected":false},"author":1,"featured_media":0,"parent":0,"menu_order":0,"comment_status":"closed","ping_status":"closed","template":"homepage.php","meta":{"footnotes":""},"class_list":["post-5434","page","type-page","status-publish","hentry"],"_links":{"self":[{"href":"https:\/\/carsandrooms.ge\/pl\/wp-json\/wp\/v2\/pages\/5434","targetHints":{"allow":["GET"]}}],"collection":[{"href":"https:\/\/carsandrooms.ge\/pl\/wp-json\/wp\/v2\/pages"}],"about":[{"href":"https:\/\/carsandrooms.ge\/pl\/wp-json\/wp\/v2\/types\/page"}],"author":[{"embeddable":true,"href":"https:\/\/carsandrooms.ge\/pl\/wp-json\/wp\/v2\/users\/1"}],"replies":[{"embeddable":true,"href":"https:\/\/carsandrooms.ge\/pl\/wp-json\/wp\/v2\/comments?post=5434"}],"version-history":[{"count":1,"href":"https:\/\/carsandrooms.ge\/pl\/wp-json\/wp\/v2\/pages\/5434\/revisions"}],"predecessor-version":[{"id":13063,"href":"https:\/\/carsandrooms.ge\/pl\/wp-json\/wp\/v2\/pages\/5434\/revisions\/13063"}],"wp:attachment":[{"href":"https:\/\/carsandrooms.ge\/pl\/wp-json\/wp\/v2\/media?parent=5434"}],"curies":[{"name":"wp","href":"https:\/\/api.w.org\/{rel}","templated":true}]}}