{"id":5471,"date":"2022-03-07T17:17:13","date_gmt":"2022-03-07T13:17:13","guid":{"rendered":"https:\/\/carsandrooms.ge\/fuel-policy\/"},"modified":"2026-01-25T20:59:56","modified_gmt":"2026-01-25T16:59:56","slug":"fuel-policy","status":"publish","type":"page","link":"https:\/\/carsandrooms.ge\/pl\/fuel-policy\/","title":{"rendered":"Polityka paliwowa"},"content":{"rendered":"<div class=\"wpb-content-wrapper\"><p>[vc_row][vc_column width=&#8221;1\/12&#8243;][\/vc_column][vc_column width=&#8221;10\/12&#8243;][vc_column_text]Wypo\u017cyczalnia samochod\u00f3w Giko Travel LTD oferuje swoim klientom trzy r\u00f3\u017cne polisy paliwowe, kt\u00f3re skupiaj\u0105 si\u0119 na komforcie klienta. Te polisy s\u0105 szczeg\u00f3lnie po\u017c\u0105dane dla klient\u00f3w, kt\u00f3rzy po raz pierwszy podr\u00f3\u017cuj\u0105 po Georgii. Nasze polityki pozwalaj\u0105 klientom unikn\u0105\u0107 dyskomfortu zwi\u0105zanego z odnajdywaniem stacji benzynowych w nieznanych miejscach i marnowaniem czasu na tankowanie.<\/p>\n<p>Przed rezerwacj\u0105 samochodu prosimy o zapoznanie si\u0119 z przewodnikami po polisach i wyb\u00f3r tego, kt\u00f3ry b\u0119dzie odpowiedni dla Twojej podr\u00f3\u017cy.[\/vc_column_text][vc_empty_space][vc_custom_heading text=&#8221;Przedpremierowy pe\u0142ny zbiornik&#8221; font_container=&#8221;tag:h3|text_align:center&#8221; use_theme_fonts=&#8221;yes&#8221;][vc_empty_space][vc_single_image image=&#8221;4988&#8243; img_size=&#8221;&#8221; alignment=&#8221;center&#8221;][vc_empty_space][vc_column_text]Klienci mog\u0105 wcze\u015bniej kupi\u0107 pe\u0142ny bak za dodatkow\u0105 op\u0142at\u0105 i zap\u0142aci\u0107 z g\u00f3ry za pe\u0142ny bak. Podczas rezerwacji prosimy wybra\u0107 pole &#8222;Przedkup pe\u0142nego baku&#8221;, a my dostarczymy Tw\u00f3j samoch\u00f3d z pe\u0142nym bakiem. Zostawiaj\u0105c samoch\u00f3d w punkcie zrzutu, upewnij si\u0119, \u017ce bak jest pusty, poniewa\u017c firma nie zwr\u00f3ci niewykorzystanego paliwa.[\/vc_column_text][vc_empty_space][vc_custom_heading text=&#8221;Pe\u0142ny zbiornik do pe\u0142nego zbiornika&#8221; font_container=&#8221;tag:h3|text_align:center&#8221; use_theme_fonts=&#8221;yes&#8221;][vc_empty_space][vc_single_image image=&#8221;4987&#8243; img_size=&#8221;&#8221; alignment=&#8221;center&#8221;][vc_empty_space][vc_column_text]Klienci mog\u0105 wybra\u0107 opcj\u0119 &#8222;Pe\u0142ny bak do pe\u0142nego baku&#8221; bez dodatkowych op\u0142at. Firma dostarczy samoch\u00f3d z pe\u0142nym bakiem. Zostawiaj\u0105c samoch\u00f3d w punkcie zrzutu, upewnij si\u0119, \u017ce bak jest pe\u0142ny, w przeciwnym razie b\u0119dziesz musia\u0142 zap\u0142aci\u0107 za zu\u017cyte paliwo.<\/p>\n<p>Us\u0142uga &#8222;pe\u0142ny bak do pe\u0142nego baku&#8221; nie dotyczy samochod\u00f3w wynajmowanych\/zarezerwowanych na trzy dni lub kr\u00f3cej.[\/vc_column_text][vc_empty_space][vc_custom_heading text=&#8221;Pusty zbiornik do opr\u00f3\u017cnienia zbiornika&#8221; font_container=&#8221;tag:h3|text_align:center&#8221; use_theme_fonts=&#8221;yes&#8221;][vc_empty_space][vc_column_text]Je\u015bli klient nie wybierze innych opcji polisy, podczas rezerwacji samochodu firma dostarczy go z pustym bakiem; jednak wystarczy dojecha\u0107 do najbli\u017cszej stacji benzynowej. Zostawiaj\u0105c samoch\u00f3d w punkcie zrzutu, upewnij si\u0119, \u017ce bak jest pusty, w przeciwnym razie nie otrzymasz zwrotu za pozosta\u0142e paliwo.[\/vc_column_text][vc_empty_space][vc_single_image image=&#8221;4989&#8243; img_size=&#8221;&#8221; alignment=&#8221;center&#8221;][vc_empty_space][vc_custom_heading text=&#8221;Nasze zalety&#8221; font_container=&#8221;tag:h3|text_align:center&#8221; use_theme_fonts=&#8221;yes&#8221;][vc_empty_space][vc_column_text]Najlepsza us\u0142uga wynajmu samochod\u00f3w w Tbilisi, Gruzja, gdzie nie ma dodatkowych op\u0142at serwisowych \u2013 p\u0142acisz tylko za u\u017cywane paliwo.<br \/>\nUnikniesz op\u00f3\u017anie\u0144 lub zmian plan\u00f3w podczas oczekiwania na stacji benzynowej.<\/p>\n<p>Us\u0142uga jest niezawodna. Nie stracisz ani pieni\u0119dzy, ani czasu.<br \/>\nMasz r\u00f3\u017cne opcje dotycz\u0105ce odbioru lub oddania samochodu.<\/p>\n<p>Wynajmij samoch\u00f3d w Tbilisi, Kutaisi, Batumi z pe\u0142nym bakiem i nie tra\u0107 czasu na szukanie stacji benzynowej w obcym miejscu.[\/vc_column_text][vc_empty_space height=&#8221;64px&#8221;][\/vc_column][vc_column width=&#8221;1\/12&#8243;][\/vc_column][\/vc_row]<\/p>\n<\/div>","protected":false},"excerpt":{"rendered":"<p>Odkryj opcje polityki paliwowej Giko Travel LTD, skoncentrowane na kliencie, aby zapewni\u0107 komfortowe do\u015bwiadczenie wynajmu samochodu w Georgii. Wybierz najlepsz\u0105 polis\u0119 na swoj\u0105 drog\u0119.<\/p>\n","protected":false},"author":1,"featured_media":0,"parent":0,"menu_order":0,"comment_status":"closed","ping_status":"closed","template":"","meta":{"footnotes":""},"class_list":["post-5471","page","type-page","status-publish","hentry"],"_links":{"self":[{"href":"https:\/\/carsandrooms.ge\/pl\/wp-json\/wp\/v2\/pages\/5471","targetHints":{"allow":["GET"]}}],"collection":[{"href":"https:\/\/carsandrooms.ge\/pl\/wp-json\/wp\/v2\/pages"}],"about":[{"href":"https:\/\/carsandrooms.ge\/pl\/wp-json\/wp\/v2\/types\/page"}],"author":[{"embeddable":true,"href":"https:\/\/carsandrooms.ge\/pl\/wp-json\/wp\/v2\/users\/1"}],"replies":[{"embeddable":true,"href":"https:\/\/carsandrooms.ge\/pl\/wp-json\/wp\/v2\/comments?post=5471"}],"version-history":[{"count":13,"href":"https:\/\/carsandrooms.ge\/pl\/wp-json\/wp\/v2\/pages\/5471\/revisions"}],"predecessor-version":[{"id":14125,"href":"https:\/\/carsandrooms.ge\/pl\/wp-json\/wp\/v2\/pages\/5471\/revisions\/14125"}],"wp:attachment":[{"href":"https:\/\/carsandrooms.ge\/pl\/wp-json\/wp\/v2\/media?parent=5471"}],"curies":[{"name":"wp","href":"https:\/\/api.w.org\/{rel}","templated":true}]}}