{"id":5489,"date":"2017-08-19T06:48:22","date_gmt":"2017-08-19T02:48:22","guid":{"rendered":"https:\/\/carsandrooms.ge\/my-bookings\/"},"modified":"2026-02-18T14:19:24","modified_gmt":"2026-02-18T10:19:24","slug":"my-bookings","status":"publish","type":"page","link":"https:\/\/carsandrooms.ge\/pl\/my-bookings\/","title":{"rendered":"Zarz\u0105dzanie Rezerwacj\u0105"},"content":{"rendered":"<div class=\"wpb-content-wrapper\"><p>[vc_row][vc_column]<div id=\"edit892778\">\t<div class=\"car-rental-search-step1 car-rental-order-code-input-form\">\r\n\t\t<form name=\"change-order-form\" action=\"\" method=\"GET\" class=\"change-order-form\">\r\n\t\t\t<div class=\"modify-booking\">\r\n\t\t\t\t<div class=\"row\">\r\n\t\t\t\t\t<div class=\"col-xs-12\">\r\n\t\t\t\t\t\t<h3>Edytuj rezerwacj\u0119<\/h3>\r\n\t\t\t\t\t<\/div>\r\n\t\t\t\t<\/div>\r\n\t\t\t\t<div class=\"row\">\r\n\t\t\t\t\t<input type=\"hidden\" name=\"car_rental_came_from_step1\" value=\"yes\"\/>\r\n\t\t\t\t\t<div class=\"col-xxs-12 col-xs-6 col-sm-4 col-md-3 input\">\r\n\t\t\t\t\t\t\t\t\t\t\t\t\t<input value=\"\" type=\"text\"\r\n\t\t\t\t\t\t\t\t   name=\"car_rental_reservation_code\" class=\"order-code\" autocomplete=\"off\"\r\n\t\t\t\t\t\t\t\t   placeholder=\"Mam kod rezerwacji:\"\r\n\t\t\t\t\t\t\t\t   title=\"Kod rezerwacji\"\/>\r\n\t\t\t\t\t\t\t\t\t\t\t<\/div>\r\n\t\t\t\t\t<div class=\"col-xxs-12 col-xs-6 col-sm-4 col-md-3 car-rental-buttons\">\r\n\t\t\t\t\t\t\t\t\t\t\t\t\t<!-- Note: Do not translate events to track well inter-language events -->\r\n\t\t\t\t\t\t\t<button type=\"submit\" name=\"car_rental_change_order\" class=\"change-order-button\"\r\n\t\t\t\t\t\t\t\t\tonclick=\"ga('send', 'event', 'Car Rental', 'Click', 'Change Reservation');\">\r\n\t\t\t\t\t\t\t\tEdytuj rezerwacj\u0119<\/button>\r\n\t\t\t\t\t\t\t\t\t\t\t<\/div>\r\n\t\t\t\t<\/div>\r\n\t\t\t<\/div>\r\n\t\t<\/form>\r\n\t<\/div>\r\n<\/div>[vc_empty_space][vc_column_text el_class=&#8221;no_padding&#8221;]If you need help, please read the <strong><a href=\"\/faq\/\">FAQ section<\/a><\/strong><br \/>\nor <strong><a href=\"\/contact\/\">Contact an administrator<\/a>.<\/strong>[\/vc_column_text][vc_empty_space height=&#8221;96px&#8221;][\/vc_column][\/vc_row]<\/p>\n<\/div>","protected":false},"excerpt":{"rendered":"<p>Zarz\u0105dzanie rezerwacj\u0105: Potrzebujesz pomocy? Sprawd\u017a sekcj\u0119 FAQ lub skontaktuj si\u0119 z administratorem.<\/p>\n","protected":false},"author":1,"featured_media":0,"parent":0,"menu_order":0,"comment_status":"closed","ping_status":"closed","template":"homepage.php","meta":{"footnotes":""},"class_list":["post-5489","page","type-page","status-publish","hentry"],"_links":{"self":[{"href":"https:\/\/carsandrooms.ge\/pl\/wp-json\/wp\/v2\/pages\/5489","targetHints":{"allow":["GET"]}}],"collection":[{"href":"https:\/\/carsandrooms.ge\/pl\/wp-json\/wp\/v2\/pages"}],"about":[{"href":"https:\/\/carsandrooms.ge\/pl\/wp-json\/wp\/v2\/types\/page"}],"author":[{"embeddable":true,"href":"https:\/\/carsandrooms.ge\/pl\/wp-json\/wp\/v2\/users\/1"}],"replies":[{"embeddable":true,"href":"https:\/\/carsandrooms.ge\/pl\/wp-json\/wp\/v2\/comments?post=5489"}],"version-history":[{"count":2,"href":"https:\/\/carsandrooms.ge\/pl\/wp-json\/wp\/v2\/pages\/5489\/revisions"}],"predecessor-version":[{"id":14682,"href":"https:\/\/carsandrooms.ge\/pl\/wp-json\/wp\/v2\/pages\/5489\/revisions\/14682"}],"wp:attachment":[{"href":"https:\/\/carsandrooms.ge\/pl\/wp-json\/wp\/v2\/media?parent=5489"}],"curies":[{"name":"wp","href":"https:\/\/api.w.org\/{rel}","templated":true}]}}