{"id":5584,"date":"2022-03-13T17:57:22","date_gmt":"2022-03-13T13:57:22","guid":{"rendered":"https:\/\/carsandrooms.ge\/rent-a-car-for-trip-in-armenia\/"},"modified":"2026-01-25T20:59:46","modified_gmt":"2026-01-25T16:59:46","slug":"rent-a-car-for-trip-in-armenia","status":"publish","type":"page","link":"https:\/\/carsandrooms.ge\/pl\/rent-a-car-for-trip-in-armenia\/","title":{"rendered":"Wynajem samochodu na podr\u00f3\u017c po Armenii"},"content":{"rendered":"<div class=\"wpb-content-wrapper\"><p>[vc_row full_width=&#8221;stretch_row&#8221; full_height=&#8221;yes&#8221; css=&#8221;.vc_custom_1646198366366{background-color: #f9f9f9 !important;background-position: 0 0 !important;background-repeat: repeat !important;}&#8221;][vc_column][vc_row_inner][vc_column_inner width=&#8221;1\/3&#8243;][vc_btn title=&#8221;ROK PRODUKCJI POJAZDU: 2009-2013&#8243; style=&#8221;outline&#8221; shape=&#8221;square&#8221; color=&#8221;warning&#8221; align=&#8221;center&#8221; i_align=&#8221;right&#8221; i_icon_fontawesome=&#8221;&#8221; css=&#8221;&#8221; add_icon=&#8221;true&#8221; link=&#8221;url:https%3A%2F%2Fcarsandrooms.ge%2Fpl%2F2004-2009%2F&#8221;][\/vc_column_inner][vc_column_inner width=&#8221;1\/3&#8243;][vc_btn title=&#8221;ROK PRODUKCJI POJAZDU: 2014-2017&#8243; style=&#8221;outline&#8221; shape=&#8221;square&#8221; color=&#8221;danger&#8221; align=&#8221;center&#8221; i_align=&#8221;right&#8221; i_icon_fontawesome=&#8221;&#8221; css=&#8221;&#8221; add_icon=&#8221;true&#8221; link=&#8221;url:https%3A%2F%2Fcarsandrooms.ge%2Fpl%2F2010-2015%2F&#8221;][\/vc_column_inner][vc_column_inner width=&#8221;1\/3&#8243;][vc_btn title=&#8221;ROK PRODUKCJI POJAZDU: 2018-2025&#8243; style=&#8221;outline&#8221; shape=&#8221;square&#8221; color=&#8221;primary&#8221; align=&#8221;center&#8221; i_align=&#8221;right&#8221; i_icon_fontawesome=&#8221;&#8221; css=&#8221;&#8221; add_icon=&#8221;true&#8221; link=&#8221;url:https%3A%2F%2Fcarsandrooms.ge%2Fpl%2F2016-2022%2F&#8221;][\/vc_column_inner][\/vc_row_inner][vc_empty_space][vc_column_text][\/vc_column_text][vc_empty_space][\/vc_column][\/vc_row]<\/p>\n<\/div>","protected":false},"excerpt":{"rendered":"<p>Wynajmij samoch\u00f3d na podr\u00f3\u017c po Armenii \u2013 odkrywaj z \u0142atwo\u015bci\u0105, w przyst\u0119pnych cenach i wysokiej jako\u015bci pojazdach. Zarezerwuj ju\u017c teraz, by prze\u017cy\u0107 niezapomnian\u0105 podr\u00f3\u017c!<\/p>\n","protected":false},"author":1,"featured_media":0,"parent":0,"menu_order":0,"comment_status":"closed","ping_status":"closed","template":"homepage.php","meta":{"footnotes":""},"class_list":["post-5584","page","type-page","status-publish","hentry"],"_links":{"self":[{"href":"https:\/\/carsandrooms.ge\/pl\/wp-json\/wp\/v2\/pages\/5584","targetHints":{"allow":["GET"]}}],"collection":[{"href":"https:\/\/carsandrooms.ge\/pl\/wp-json\/wp\/v2\/pages"}],"about":[{"href":"https:\/\/carsandrooms.ge\/pl\/wp-json\/wp\/v2\/types\/page"}],"author":[{"embeddable":true,"href":"https:\/\/carsandrooms.ge\/pl\/wp-json\/wp\/v2\/users\/1"}],"replies":[{"embeddable":true,"href":"https:\/\/carsandrooms.ge\/pl\/wp-json\/wp\/v2\/comments?post=5584"}],"version-history":[{"count":4,"href":"https:\/\/carsandrooms.ge\/pl\/wp-json\/wp\/v2\/pages\/5584\/revisions"}],"predecessor-version":[{"id":14055,"href":"https:\/\/carsandrooms.ge\/pl\/wp-json\/wp\/v2\/pages\/5584\/revisions\/14055"}],"wp:attachment":[{"href":"https:\/\/carsandrooms.ge\/pl\/wp-json\/wp\/v2\/media?parent=5584"}],"curies":[{"name":"wp","href":"https:\/\/api.w.org\/{rel}","templated":true}]}}