{"id":9700,"date":"2022-04-08T18:11:57","date_gmt":"2022-04-08T14:11:57","guid":{"rendered":"https:\/\/carsandrooms.ge\/wycieczki\/"},"modified":"2025-10-26T10:49:13","modified_gmt":"2025-10-26T06:49:13","slug":"wycieczki","status":"publish","type":"page","link":"https:\/\/carsandrooms.ge\/pl\/wycieczki\/","title":{"rendered":"Wycieczki"},"content":{"rendered":"<div class=\"wpb-content-wrapper\"><p>[vc_row css=&#8221;.vc_custom_1756120246672{margin-bottom: 66px !important;}&#8221;][vc_column][vc_basic_grid post_type=&#8221;post&#8221; max_items=&#8221;10&#8243; element_width=&#8221;3&#8243; item=&#8221;11141&#8243; css=&#8221;.vc_custom_1761461348595{padding-right: 2% !important;padding-left: 2% !important;}&#8221; grid_id=&#8221;vc_gid:1761461340605-6f178011-c364-8&#8243; taxonomies=&#8221;1&#8243;][\/vc_column][\/vc_row]<\/p>\n<\/div>","protected":false},"excerpt":{"rendered":"<p>Zaplanuj swoj\u0105 wymarzon\u0105 wycieczk\u0119 z nami! Odkryj niezwyk\u0142e miejsca i stw\u00f3rz niezapomniane wspomnienia. Odkryj nasze propozycje podr\u00f3\u017cy ju\u017c dzi\u015b.<\/p>\n","protected":false},"author":1,"featured_media":10429,"parent":0,"menu_order":0,"comment_status":"closed","ping_status":"closed","template":"","meta":{"footnotes":""},"class_list":["post-9700","page","type-page","status-publish","has-post-thumbnail","hentry"],"_links":{"self":[{"href":"https:\/\/carsandrooms.ge\/pl\/wp-json\/wp\/v2\/pages\/9700","targetHints":{"allow":["GET"]}}],"collection":[{"href":"https:\/\/carsandrooms.ge\/pl\/wp-json\/wp\/v2\/pages"}],"about":[{"href":"https:\/\/carsandrooms.ge\/pl\/wp-json\/wp\/v2\/types\/page"}],"author":[{"embeddable":true,"href":"https:\/\/carsandrooms.ge\/pl\/wp-json\/wp\/v2\/users\/1"}],"replies":[{"embeddable":true,"href":"https:\/\/carsandrooms.ge\/pl\/wp-json\/wp\/v2\/comments?post=9700"}],"version-history":[{"count":19,"href":"https:\/\/carsandrooms.ge\/pl\/wp-json\/wp\/v2\/pages\/9700\/revisions"}],"predecessor-version":[{"id":13395,"href":"https:\/\/carsandrooms.ge\/pl\/wp-json\/wp\/v2\/pages\/9700\/revisions\/13395"}],"wp:featuredmedia":[{"embeddable":true,"href":"https:\/\/carsandrooms.ge\/pl\/wp-json\/wp\/v2\/media\/10429"}],"wp:attachment":[{"href":"https:\/\/carsandrooms.ge\/pl\/wp-json\/wp\/v2\/media?parent=9700"}],"curies":[{"name":"wp","href":"https:\/\/api.w.org\/{rel}","templated":true}]}}